{"id":81264,"date":"2023-07-16T13:02:31","date_gmt":"2023-07-16T11:02:31","guid":{"rendered":"https:\/\/fysiolab.dk\/product\/sissel-securemax-treningsball-soelv\/"},"modified":"2025-12-18T09:22:23","modified_gmt":"2025-12-18T08:22:23","slug":"sissel-securemax-treningsball-soelv","status":"publish","type":"product","link":"https:\/\/fysiolab.dk\/no\/product\/sissel-securemax-treningsball-soelv\/","title":{"rendered":"SISSEL Securemax treningsball (s\u00f8lv)"},"content":{"rendered":"<p>SISSEL Securemax Exercise Ball er det perfekte treningsverkt\u00f8yet for rygg-, stabilitets- og balansetrening, og denne typen treningsball fra SISSEL er utpr\u00f8vd og testet innen fysioterapi i mange \u00e5r. Du kan bruke den i stedet for en stol for \u00e5 avlaste rygg og bekken n\u00e5r du m\u00e5 sitte ned i lengre perioder. <\/p>\n<p>Overflaten p\u00e5 ballen har en behagelig tekstur og er sv\u00e6rt motstandsdyktig mot slitasje.<\/p>\n<p>Farge: S\u00f8lv<\/p>\n<p>Tilgjengelig i st\u00f8rrelsene \u00d8 65 cm og 75 cm. For \u00e5 finne din st\u00f8rrelse m\u00e5ler du lengden p\u00e5 armen din fra skulder til h\u00e5nd. Hvis du ligger p\u00e5 grensen, b\u00f8r du alltid g\u00e5 opp en st\u00f8rrelse.  <\/p>\n<p>Ballen t\u00e5ler vekter p\u00e5 opptil 500 kg og er eksplosjonssikker opp til 135 kg.<\/p>\n<p>Ballen har det intelligente Securemax-systemet, som betyr at hvis ballen punkteres, vil luften sakte slippe ut for \u00e5 unng\u00e5 farlige situasjoner. Ballen er uten kant. <\/p>\n","protected":false},"excerpt":{"rendered":"<p><strong>SISSEL Securemax Exercise Ball er det perfekte treningsverkt\u00f8yet for rygg-, stabilitets- og balansetrening, og denne typen treningsball fra SISSEL har v\u00e6rt utpr\u00f8vd og testet i fysioterapi i mange \u00e5r. Du kan bruke den i stedet for en stol for \u00e5 avlaste rygg og bekken n\u00e5r du m\u00e5 sitte ned i lengre perioder.   <\/strong><strong>Overflaten p\u00e5 ballen har en behagelig tekstur og er sv\u00e6rt motstandsdyktig mot slitasje.<\/strong><\/p>\n<p><strong>Farge: S\u00f8lv<\/strong><\/p>\n<p><strong>Tilgjengelig i st\u00f8rrelsene \u00d8 65 cm og 75 cm. For \u00e5 finne din st\u00f8rrelse m\u00e5ler du lengden p\u00e5 armen din fra skulder til h\u00e5nd. Hvis du ligger p\u00e5 grensen, b\u00f8r du alltid g\u00e5 opp en st\u00f8rrelse.  <\/strong><\/p>\n","protected":false},"featured_media":81268,"comment_status":"closed","ping_status":"closed","template":"","meta":{"_acf_changed":false},"product_brand":[],"product_cat":[1948,1937,2518,2569,2223,2225,1945],"product_tag":[2521],"class_list":{"0":"post-81264","1":"product","2":"type-product","3":"status-publish","4":"has-post-thumbnail","6":"product_cat-klinikk","7":"product_cat-merkevarer","8":"product_cat-sissel-no","9":"product_cat-sissel-treningsball","10":"product_cat-treningsballer","11":"product_cat-treningsballer-no","12":"product_cat-treningsutstyr","13":"product_tag-sissel-no","15":"first","16":"instock","17":"taxable","18":"shipping-taxable","19":"purchasable","20":"product-type-variable"},"acf":[],"_links":{"self":[{"href":"https:\/\/fysiolab.dk\/no\/wp-json\/wp\/v2\/product\/81264","targetHints":{"allow":["GET"]}}],"collection":[{"href":"https:\/\/fysiolab.dk\/no\/wp-json\/wp\/v2\/product"}],"about":[{"href":"https:\/\/fysiolab.dk\/no\/wp-json\/wp\/v2\/types\/product"}],"replies":[{"embeddable":true,"href":"https:\/\/fysiolab.dk\/no\/wp-json\/wp\/v2\/comments?post=81264"}],"wp:featuredmedia":[{"embeddable":true,"href":"https:\/\/fysiolab.dk\/no\/wp-json\/wp\/v2\/media\/81268"}],"wp:attachment":[{"href":"https:\/\/fysiolab.dk\/no\/wp-json\/wp\/v2\/media?parent=81264"}],"wp:term":[{"taxonomy":"product_brand","embeddable":true,"href":"https:\/\/fysiolab.dk\/no\/wp-json\/wp\/v2\/product_brand?post=81264"},{"taxonomy":"product_cat","embeddable":true,"href":"https:\/\/fysiolab.dk\/no\/wp-json\/wp\/v2\/product_cat?post=81264"},{"taxonomy":"product_tag","embeddable":true,"href":"https:\/\/fysiolab.dk\/no\/wp-json\/wp\/v2\/product_tag?post=81264"}],"curies":[{"name":"wp","href":"https:\/\/api.w.org\/{rel}","templated":true}]}}