{"id":81280,"date":"2023-07-16T13:02:30","date_gmt":"2023-07-16T11:02:30","guid":{"rendered":"https:\/\/fysiolab.dk\/product\/sissel-balancefit\/"},"modified":"2025-12-18T09:22:24","modified_gmt":"2025-12-18T08:22:24","slug":"sissel-balancefit","status":"publish","type":"product","link":"https:\/\/fysiolab.dk\/no\/product\/sissel-balancefit\/","title":{"rendered":"SISSEL Balancefit"},"content":{"rendered":"<p>SISSEL Balancefit er en balansepute med pigger p\u00e5 begge sider. Det er knotter p\u00e5 begge sider, og avhengig av hva slags stimuli du vil ha i f\u00f8ttene, kan du snu den etter eget \u00f8nske. Puten har ogs\u00e5 et godt, fast grep p\u00e5 gulvet for \u00e5 forhindre at du sklir.  <\/p>\n<p><strong>Puten har en st\u00f8rrelse p\u00e5 \u00d8 34 cm.<\/strong><\/p>\n<p><strong>Tilgjengelig i fargene: R\u00f8d og bl\u00e5<\/strong><\/p>\n","protected":false},"excerpt":{"rendered":"<p><strong>SISSEL Balancefit er en balansepute med pigger p\u00e5 begge sider. Det er knotter p\u00e5 begge sider, og avhengig av hva slags stimuli du vil ha i f\u00f8ttene, kan du snu den etter eget \u00f8nske. Puten har ogs\u00e5 et godt, fast grep p\u00e5 gulvet for \u00e5 forhindre at du sklir.  <\/strong><\/p>\n<p><strong>Puten har en st\u00f8rrelse p\u00e5 \u00d8 34 cm.<\/strong><\/p>\n<p><strong>Tilgjengelig i fargene: R\u00f8d og bl\u00e5<\/strong><\/p>\n","protected":false},"featured_media":81286,"comment_status":"closed","ping_status":"closed","template":"","meta":{"_acf_changed":false},"product_brand":[],"product_cat":[1946,1949,2020,1948,1937,2518,2536,1945],"product_tag":[2521],"class_list":{"0":"post-81280","1":"product","2":"type-product","3":"status-publish","4":"has-post-thumbnail","6":"product_cat-balanse","7":"product_cat-balansetrening","8":"product_cat-julegaveideer-no","9":"product_cat-klinikk","10":"product_cat-merkevarer","11":"product_cat-sissel-no","12":"product_cat-sissel-balansetrening","13":"product_cat-treningsutstyr","14":"product_tag-sissel-no","16":"first","17":"instock","18":"taxable","19":"shipping-taxable","20":"purchasable","21":"product-type-variable"},"acf":[],"_links":{"self":[{"href":"https:\/\/fysiolab.dk\/no\/wp-json\/wp\/v2\/product\/81280","targetHints":{"allow":["GET"]}}],"collection":[{"href":"https:\/\/fysiolab.dk\/no\/wp-json\/wp\/v2\/product"}],"about":[{"href":"https:\/\/fysiolab.dk\/no\/wp-json\/wp\/v2\/types\/product"}],"replies":[{"embeddable":true,"href":"https:\/\/fysiolab.dk\/no\/wp-json\/wp\/v2\/comments?post=81280"}],"wp:featuredmedia":[{"embeddable":true,"href":"https:\/\/fysiolab.dk\/no\/wp-json\/wp\/v2\/media\/81286"}],"wp:attachment":[{"href":"https:\/\/fysiolab.dk\/no\/wp-json\/wp\/v2\/media?parent=81280"}],"wp:term":[{"taxonomy":"product_brand","embeddable":true,"href":"https:\/\/fysiolab.dk\/no\/wp-json\/wp\/v2\/product_brand?post=81280"},{"taxonomy":"product_cat","embeddable":true,"href":"https:\/\/fysiolab.dk\/no\/wp-json\/wp\/v2\/product_cat?post=81280"},{"taxonomy":"product_tag","embeddable":true,"href":"https:\/\/fysiolab.dk\/no\/wp-json\/wp\/v2\/product_tag?post=81280"}],"curies":[{"name":"wp","href":"https:\/\/api.w.org\/{rel}","templated":true}]}}