{"id":81281,"date":"2023-07-16T13:02:06","date_gmt":"2023-07-16T11:02:06","guid":{"rendered":"https:\/\/fysiolab.dk\/product\/sissel-gymnastikkmatte\/"},"modified":"2026-02-02T22:24:13","modified_gmt":"2026-02-02T21:24:13","slug":"sissel-gymnastikkmatte","status":"publish","type":"product","link":"https:\/\/fysiolab.dk\/no\/product\/sissel-gymnastikkmatte\/","title":{"rendered":"Sissel Gymnastikkmatte"},"content":{"rendered":"<p>Sissel Gymnastikkmatte er det perfekte underlaget for sport og fitness b\u00e5de hjemme og utend\u00f8rs.<\/p>\n<ul>\n<li>Komfortabel og varm overflate<\/li>\n<li>Hygienisk, lett \u00e5 rengj\u00f8re<\/li>\n<li>Lett \u00e5 rulle sammen<\/li>\n<li>Sklisikker og slitesterk<\/li>\n<li>Optimale st\u00f8tdempende egenskaper<\/li>\n<li>Laget av forbedret skum av god kvalitet for bedre holdbarhet<\/li>\n<li>Moderne b\u00f8lgestruktur med avrundede hj\u00f8rner<\/li>\n<li>Med trykt SISSEL\u00ae-logo<\/li>\n<li>St\u00f8rrelse: 180 x 60 x 1,5 cm<\/li>\n<\/ul>\n<p><strong>Farger: Bl\u00e5, r\u00f8d eller m\u00f8rkegr\u00e5<\/strong><\/p>\n<p>&nbsp;<\/p>\n","protected":false},"excerpt":{"rendered":"<p>Sissel Gymnastikkmatte i solid, kraftig kvalitet med hygienisk overflate som er lett \u00e5 rengj\u00f8re. Matten kan rulles sammen og tas med p\u00e5 farten.   <strong>M\u00e5ler 180x60x1,5 cm og er tilgjengelig i bl\u00e5tt, r\u00f8dt og gr\u00e5tt.<\/strong><\/p>\n","protected":false},"featured_media":105467,"comment_status":"closed","ping_status":"closed","template":"","meta":{"_acf_changed":false},"product_brand":[3126],"product_cat":[2020,1948,1937,2518,2565,2228,2230,1945],"product_tag":[2521],"class_list":{"0":"post-81281","1":"product","2":"type-product","3":"status-publish","4":"has-post-thumbnail","6":"product_brand-sissel","7":"product_cat-julegaveideer-no","8":"product_cat-klinikk","9":"product_cat-merkevarer","10":"product_cat-sissel-no","11":"product_cat-sissel-treningsmatter","12":"product_cat-treningsmatter","13":"product_cat-treningsmatter-no","14":"product_cat-treningsutstyr","15":"product_tag-sissel-no","17":"first","18":"instock","19":"sale","20":"taxable","21":"shipping-taxable","22":"purchasable","23":"product-type-variable"},"acf":[],"_links":{"self":[{"href":"https:\/\/fysiolab.dk\/no\/wp-json\/wp\/v2\/product\/81281","targetHints":{"allow":["GET"]}}],"collection":[{"href":"https:\/\/fysiolab.dk\/no\/wp-json\/wp\/v2\/product"}],"about":[{"href":"https:\/\/fysiolab.dk\/no\/wp-json\/wp\/v2\/types\/product"}],"replies":[{"embeddable":true,"href":"https:\/\/fysiolab.dk\/no\/wp-json\/wp\/v2\/comments?post=81281"}],"wp:featuredmedia":[{"embeddable":true,"href":"https:\/\/fysiolab.dk\/no\/wp-json\/wp\/v2\/media\/105467"}],"wp:attachment":[{"href":"https:\/\/fysiolab.dk\/no\/wp-json\/wp\/v2\/media?parent=81281"}],"wp:term":[{"taxonomy":"product_brand","embeddable":true,"href":"https:\/\/fysiolab.dk\/no\/wp-json\/wp\/v2\/product_brand?post=81281"},{"taxonomy":"product_cat","embeddable":true,"href":"https:\/\/fysiolab.dk\/no\/wp-json\/wp\/v2\/product_cat?post=81281"},{"taxonomy":"product_tag","embeddable":true,"href":"https:\/\/fysiolab.dk\/no\/wp-json\/wp\/v2\/product_tag?post=81281"}],"curies":[{"name":"wp","href":"https:\/\/api.w.org\/{rel}","templated":true}]}}