{"id":81299,"date":"2023-07-16T13:01:43","date_gmt":"2023-07-16T11:01:43","guid":{"rendered":"https:\/\/fysiolab.dk\/product\/sissel-fit-tubes\/"},"modified":"2025-12-18T09:22:25","modified_gmt":"2025-12-18T08:22:25","slug":"sissel-fit-tubes","status":"publish","type":"product","link":"https:\/\/fysiolab.dk\/no\/product\/sissel-fit-tubes\/","title":{"rendered":"Sissel Fit-Tubes"},"content":{"rendered":"<p>Sissel Fit-Tubes finnes i 4 ulike varianter, og alle har et hygienisk flex-h\u00e5ndtak som sikrer god kontakt med strikken n\u00e5r du trener.<\/p>\n<p>Elastiske b\u00e5nd er nyttige for yoga, rehabilitering, styrke- og stabilitetstrening. Strikken er av h\u00f8y kvalitet og har et hygienisk skumh\u00e5ndtak. <\/p>\n<p><strong>Tilgjengelig i 4 farger:<\/strong><\/p>\n<ul>\n<li><strong>Gul (lys)<\/strong><\/li>\n<li><strong>R\u00f8d (medium)<\/strong><\/li>\n<li><strong>Gr\u00f8nn (hard)<\/strong><\/li>\n<li><strong>Bl\u00e5 (x-hard)<\/strong><\/li>\n<\/ul>\n<p>Hygienisk skumh\u00e5ndtak:<\/p>\n<p><a href=\"https:\/\/dev.fysiolab.dk\/wp-content\/uploads\/2025\/05\/fit-tube.jpg\"><img fetchpriority=\"high\" decoding=\"async\" class=\"alignnone size-medium wp-image-14704\" src=\"https:\/\/dev.fysiolab.dk\/wp-content\/uploads\/2025\/05\/fit-tube-300x300.jpg\" alt=\"\" width=\"300\" height=\"300\" title=\"\"><\/a><\/p>\n<p><iframe title=\"Aerobic Exercises - SISSEL\u00ae Fit Tubes\" width=\"800\" height=\"450\" src=\"https:\/\/www.youtube.com\/embed\/5OXkFbFzCKA?feature=oembed\" frameborder=\"0\" allow=\"accelerometer; autoplay; clipboard-write; encrypted-media; gyroscope; picture-in-picture; web-share\" referrerpolicy=\"strict-origin-when-cross-origin\" allowfullscreen><\/iframe><\/p>\n","protected":false},"excerpt":{"rendered":"<p>Sissel Fit-Tubes finnes i 4 forskjellige varianter. Strikken kan brukes b\u00e5de hjemme og p\u00e5 jobb. Rask og enkel m\u00e5te \u00e5 trene b\u00e5de over- og underkroppen p\u00e5. Strikken har et hygienisk skumh\u00e5ndtak for optimalt grep.   <\/p>\n<ul>\n<li><strong>Gul (lys)<\/strong><\/li>\n<li><strong>R\u00f8d (medium)<\/strong><\/li>\n<li><strong>Gr\u00f8nn (hard)<\/strong><\/li>\n<li><strong>Bl\u00e5 (x-hard)<\/strong><\/li>\n<\/ul>\n","protected":false},"featured_media":81313,"comment_status":"closed","ping_status":"closed","template":"","meta":{"_acf_changed":false},"product_brand":[],"product_cat":[1948,1937,2518,2566,2215,2217,1945],"product_tag":[2521],"class_list":{"0":"post-81299","1":"product","2":"type-product","3":"status-publish","4":"has-post-thumbnail","6":"product_cat-klinikk","7":"product_cat-merkevarer","8":"product_cat-sissel-no","9":"product_cat-sissel-treningsbaand","10":"product_cat-treningsbaand","11":"product_cat-treningsbaand-no","12":"product_cat-treningsutstyr","13":"product_tag-sissel-no","15":"first","16":"instock","17":"taxable","18":"shipping-taxable","19":"purchasable","20":"product-type-variable"},"acf":[],"_links":{"self":[{"href":"https:\/\/fysiolab.dk\/no\/wp-json\/wp\/v2\/product\/81299","targetHints":{"allow":["GET"]}}],"collection":[{"href":"https:\/\/fysiolab.dk\/no\/wp-json\/wp\/v2\/product"}],"about":[{"href":"https:\/\/fysiolab.dk\/no\/wp-json\/wp\/v2\/types\/product"}],"replies":[{"embeddable":true,"href":"https:\/\/fysiolab.dk\/no\/wp-json\/wp\/v2\/comments?post=81299"}],"wp:featuredmedia":[{"embeddable":true,"href":"https:\/\/fysiolab.dk\/no\/wp-json\/wp\/v2\/media\/81313"}],"wp:attachment":[{"href":"https:\/\/fysiolab.dk\/no\/wp-json\/wp\/v2\/media?parent=81299"}],"wp:term":[{"taxonomy":"product_brand","embeddable":true,"href":"https:\/\/fysiolab.dk\/no\/wp-json\/wp\/v2\/product_brand?post=81299"},{"taxonomy":"product_cat","embeddable":true,"href":"https:\/\/fysiolab.dk\/no\/wp-json\/wp\/v2\/product_cat?post=81299"},{"taxonomy":"product_tag","embeddable":true,"href":"https:\/\/fysiolab.dk\/no\/wp-json\/wp\/v2\/product_tag?post=81299"}],"curies":[{"name":"wp","href":"https:\/\/api.w.org\/{rel}","templated":true}]}}