{"id":81321,"date":"2023-07-16T13:02:29","date_gmt":"2023-07-16T11:02:29","guid":{"rendered":"https:\/\/fysiolab.dk\/product\/sissel-spiky-ball\/"},"modified":"2025-12-18T09:22:24","modified_gmt":"2025-12-18T08:22:24","slug":"sissel-spiky-ball","status":"publish","type":"product","link":"https:\/\/fysiolab.dk\/no\/product\/sissel-spiky-ball\/","title":{"rendered":"SISSEL Spiky Ball"},"content":{"rendered":"<p>SISSEL Spiky-Ball er en rask og enkel m\u00e5te \u00e5 massere \u00f8mme og anspente muskler p\u00e5.<\/p>\n<ul>\n<li>For massasje av anspente og \u00f8mme muskler<\/li>\n<li>Optimaliserer og \u00f8ker blodgjennomstr\u00f8mningen til det \u00f8mme omr\u00e5det<\/li>\n<li>Kulen er laget i ett stykke og har en liten ventil<\/li>\n<li>2 baller per sett<\/li>\n<li><strong>Tilgjengelig i fargene: gul (liten), r\u00f8d (medium) og bl\u00e5 (stor)<\/strong><\/li>\n<\/ul>\n<p><iframe title=\"Exercise Spiky Ball\" width=\"800\" height=\"450\" src=\"https:\/\/www.youtube.com\/embed\/3VBFkU6oL-w?feature=oembed\" frameborder=\"0\" allow=\"accelerometer; autoplay; clipboard-write; encrypted-media; gyroscope; picture-in-picture; web-share\" referrerpolicy=\"strict-origin-when-cross-origin\" allowfullscreen><\/iframe><\/p>\n","protected":false},"excerpt":{"rendered":"<p><strong>SISSEL Spiky-Ball er et raskt og enkelt verkt\u00f8y for \u00e5 massere \u00f8mme og slitne omr\u00e5der. Du kan bruke dem selv, og med sine sm\u00e5 pigger bidrar de til \u00e5 l\u00f8sne opp anspente muskler og \u00f8ke blodsirkulasjonen i omr\u00e5det. 2 stk. per pakke.    <\/strong><\/p>\n<p><strong>Finnes i fargene: Gul 8 cm, r\u00f8d 9 cm og bl\u00e5 10 cm<\/strong><\/p>\n","protected":false},"featured_media":81327,"comment_status":"closed","ping_status":"closed","template":"","meta":{"_acf_changed":false},"product_brand":[],"product_cat":[1948,2025,2362,1937,1941,2518,2558],"product_tag":[2521],"class_list":{"0":"post-81321","1":"product","2":"type-product","3":"status-publish","4":"has-post-thumbnail","6":"product_cat-klinikk","7":"product_cat-massasje","8":"product_cat-massasjeballer-og-skumruller","9":"product_cat-merkevarer","10":"product_cat-rekonvalesens-og-sportspleie","11":"product_cat-sissel-no","12":"product_cat-sissel-massasje","13":"product_tag-sissel-no","15":"first","16":"instock","17":"taxable","18":"shipping-taxable","19":"purchasable","20":"product-type-variable"},"acf":[],"_links":{"self":[{"href":"https:\/\/fysiolab.dk\/no\/wp-json\/wp\/v2\/product\/81321","targetHints":{"allow":["GET"]}}],"collection":[{"href":"https:\/\/fysiolab.dk\/no\/wp-json\/wp\/v2\/product"}],"about":[{"href":"https:\/\/fysiolab.dk\/no\/wp-json\/wp\/v2\/types\/product"}],"replies":[{"embeddable":true,"href":"https:\/\/fysiolab.dk\/no\/wp-json\/wp\/v2\/comments?post=81321"}],"wp:featuredmedia":[{"embeddable":true,"href":"https:\/\/fysiolab.dk\/no\/wp-json\/wp\/v2\/media\/81327"}],"wp:attachment":[{"href":"https:\/\/fysiolab.dk\/no\/wp-json\/wp\/v2\/media?parent=81321"}],"wp:term":[{"taxonomy":"product_brand","embeddable":true,"href":"https:\/\/fysiolab.dk\/no\/wp-json\/wp\/v2\/product_brand?post=81321"},{"taxonomy":"product_cat","embeddable":true,"href":"https:\/\/fysiolab.dk\/no\/wp-json\/wp\/v2\/product_cat?post=81321"},{"taxonomy":"product_tag","embeddable":true,"href":"https:\/\/fysiolab.dk\/no\/wp-json\/wp\/v2\/product_tag?post=81321"}],"curies":[{"name":"wp","href":"https:\/\/api.w.org\/{rel}","templated":true}]}}