{"id":81346,"date":"2023-07-16T13:02:07","date_gmt":"2023-07-16T11:02:07","guid":{"rendered":"https:\/\/fysiolab.dk\/product\/sissel-balance-board\/"},"modified":"2026-02-18T22:13:45","modified_gmt":"2026-02-18T21:13:45","slug":"sissel-balance-board","status":"publish","type":"product","link":"https:\/\/fysiolab.dk\/no\/product\/sissel-balance-board\/","title":{"rendered":"SISSEL Balance Board Plus"},"content":{"rendered":"<p>SISSEL Balance Board Plus er et uunnv\u00e6rlig verkt\u00f8y for trening av balanse og propriosepsjon. Balansebrettet kan brukes b\u00e5de til \u00e5 styrke balansen og til rehabilitering etter ankel-, kne- og hofteskade. <\/p>\n<ul>\n<li>Enkelt og tradisjonelt balansebrett i r\u00f8d plast<\/li>\n<li>Last opp til 100 kg<\/li>\n<li>St\u00f8rrelse \u00d8 37 cm<\/li>\n<li>Farge: R\u00f8d<\/li>\n<\/ul>\n<p><iframe title=\"\u0106wiczenia r\u00f3wnowa\u017cne na Sissel Balance Board\" width=\"800\" height=\"450\" src=\"https:\/\/www.youtube.com\/embed\/QbGMA6sPbyQ?feature=oembed\" frameborder=\"0\" allow=\"accelerometer; autoplay; clipboard-write; encrypted-media; gyroscope; picture-in-picture; web-share\" referrerpolicy=\"strict-origin-when-cross-origin\" allowfullscreen><\/iframe><\/p>\n","protected":false},"excerpt":{"rendered":"<p><strong>SISSEL Balance Board Plus er et uunnv\u00e6rlig verkt\u00f8y for trening av balanse og propriosepsjon. Balansebrettet kan brukes b\u00e5de til \u00e5 kontrollere <\/strong><strong>Forbedre balansen og rehabiliter etter ankel-, kne- og hofteskade.<\/strong><\/p>\n<p><strong>Farge: R\u00f8d<\/strong><\/p>\n","protected":false},"featured_media":81349,"comment_status":"closed","ping_status":"closed","template":"","meta":{"_acf_changed":false},"product_brand":[3126],"product_cat":[1946,1949,2020,1948,1937,2518,2536,1945],"product_tag":[2521],"class_list":{"0":"post-81346","1":"product","2":"type-product","3":"status-publish","4":"has-post-thumbnail","6":"product_brand-sissel","7":"product_cat-balanse","8":"product_cat-balansetrening","9":"product_cat-julegaveideer-no","10":"product_cat-klinikk","11":"product_cat-merkevarer","12":"product_cat-sissel-no","13":"product_cat-sissel-balansetrening","14":"product_cat-treningsutstyr","15":"product_tag-sissel-no","17":"first","18":"instock","19":"taxable","20":"shipping-taxable","21":"purchasable","22":"product-type-simple"},"acf":[],"_links":{"self":[{"href":"https:\/\/fysiolab.dk\/no\/wp-json\/wp\/v2\/product\/81346","targetHints":{"allow":["GET"]}}],"collection":[{"href":"https:\/\/fysiolab.dk\/no\/wp-json\/wp\/v2\/product"}],"about":[{"href":"https:\/\/fysiolab.dk\/no\/wp-json\/wp\/v2\/types\/product"}],"replies":[{"embeddable":true,"href":"https:\/\/fysiolab.dk\/no\/wp-json\/wp\/v2\/comments?post=81346"}],"wp:featuredmedia":[{"embeddable":true,"href":"https:\/\/fysiolab.dk\/no\/wp-json\/wp\/v2\/media\/81349"}],"wp:attachment":[{"href":"https:\/\/fysiolab.dk\/no\/wp-json\/wp\/v2\/media?parent=81346"}],"wp:term":[{"taxonomy":"product_brand","embeddable":true,"href":"https:\/\/fysiolab.dk\/no\/wp-json\/wp\/v2\/product_brand?post=81346"},{"taxonomy":"product_cat","embeddable":true,"href":"https:\/\/fysiolab.dk\/no\/wp-json\/wp\/v2\/product_cat?post=81346"},{"taxonomy":"product_tag","embeddable":true,"href":"https:\/\/fysiolab.dk\/no\/wp-json\/wp\/v2\/product_tag?post=81346"}],"curies":[{"name":"wp","href":"https:\/\/api.w.org\/{rel}","templated":true}]}}