{"id":81347,"date":"2023-07-16T13:01:42","date_gmt":"2023-07-16T11:01:42","guid":{"rendered":"https:\/\/fysiolab.dk\/product\/sissel-exercise-loop-treningsbaand\/"},"modified":"2025-12-18T09:22:25","modified_gmt":"2025-12-18T08:22:25","slug":"sissel-exercise-loop-treningsbaand","status":"publish","type":"product","link":"https:\/\/fysiolab.dk\/no\/product\/sissel-exercise-loop-treningsbaand\/","title":{"rendered":"Sissel Exercise Loop treningsb\u00e5nd"},"content":{"rendered":"<p>Sissel Exercise Loop lukket strikk gj\u00f8r det enkelt \u00e5 trene muskler og muskelgrupper, enten du \u00f8nsker \u00e5 \u00f8ke bevegelighet, muskelstyrke eller postkirurgisk rehabilitering.<\/p>\n<p> Sissel<strong>Exercise Loop selges i 2-pakning og inneholder 1 x gul (svak) og 1 x gr\u00f8nn (sterk)<\/strong><\/p>\n<p><strong>St\u00f8rrelse 5x33cm<\/strong><\/p>\n<p> <iframe title=\"Exercise Loop\" width=\"800\" height=\"450\" src=\"https:\/\/www.youtube.com\/embed\/R23TugTGqAc?feature=oembed\" frameborder=\"0\" allow=\"accelerometer; autoplay; clipboard-write; encrypted-media; gyroscope; picture-in-picture; web-share\" referrerpolicy=\"strict-origin-when-cross-origin\" allowfullscreen><\/iframe><\/p>\n","protected":false},"excerpt":{"rendered":"<p>Sissel Exercise Loop best\u00e5r av 2 lukkede elastiske b\u00e5nd, 1 gult (svakt) og 1 gr\u00f8nt (sterkt). Med disse gummistrikkene er det enkelt \u00e5 trene enkle muskler eller muskelgrupper i b\u00e5de over- og underkroppen. <\/p>\n","protected":false},"featured_media":81355,"comment_status":"closed","ping_status":"closed","template":"","meta":{"_acf_changed":false},"product_brand":[],"product_cat":[1948,1937,2518,2566,2215,2217,1945],"product_tag":[2521],"class_list":{"0":"post-81347","1":"product","2":"type-product","3":"status-publish","4":"has-post-thumbnail","6":"product_cat-klinikk","7":"product_cat-merkevarer","8":"product_cat-sissel-no","9":"product_cat-sissel-treningsbaand","10":"product_cat-treningsbaand","11":"product_cat-treningsbaand-no","12":"product_cat-treningsutstyr","13":"product_tag-sissel-no","15":"first","16":"instock","17":"taxable","18":"shipping-taxable","19":"purchasable","20":"product-type-simple"},"acf":[],"_links":{"self":[{"href":"https:\/\/fysiolab.dk\/no\/wp-json\/wp\/v2\/product\/81347","targetHints":{"allow":["GET"]}}],"collection":[{"href":"https:\/\/fysiolab.dk\/no\/wp-json\/wp\/v2\/product"}],"about":[{"href":"https:\/\/fysiolab.dk\/no\/wp-json\/wp\/v2\/types\/product"}],"replies":[{"embeddable":true,"href":"https:\/\/fysiolab.dk\/no\/wp-json\/wp\/v2\/comments?post=81347"}],"wp:featuredmedia":[{"embeddable":true,"href":"https:\/\/fysiolab.dk\/no\/wp-json\/wp\/v2\/media\/81355"}],"wp:attachment":[{"href":"https:\/\/fysiolab.dk\/no\/wp-json\/wp\/v2\/media?parent=81347"}],"wp:term":[{"taxonomy":"product_brand","embeddable":true,"href":"https:\/\/fysiolab.dk\/no\/wp-json\/wp\/v2\/product_brand?post=81347"},{"taxonomy":"product_cat","embeddable":true,"href":"https:\/\/fysiolab.dk\/no\/wp-json\/wp\/v2\/product_cat?post=81347"},{"taxonomy":"product_tag","embeddable":true,"href":"https:\/\/fysiolab.dk\/no\/wp-json\/wp\/v2\/product_tag?post=81347"}],"curies":[{"name":"wp","href":"https:\/\/api.w.org\/{rel}","templated":true}]}}