{"id":81360,"date":"2023-07-16T13:01:15","date_gmt":"2023-07-16T11:01:15","guid":{"rendered":"https:\/\/fysiolab.dk\/product\/sissel-fitband-treningsbaand\/"},"modified":"2025-12-18T09:22:25","modified_gmt":"2025-12-18T08:22:25","slug":"sissel-fitband-treningsbaand","status":"publish","type":"product","link":"https:\/\/fysiolab.dk\/no\/product\/sissel-fitband-treningsbaand\/","title":{"rendered":"Sissel Fitband treningsb\u00e5nd"},"content":{"rendered":"<p>Sissel fitband treningsb\u00e5nd brukes til \u00e5 \u00f8ke bevegeligheten eller til muskeloppbygging.<\/p>\n<p>Du kan klippe strikken til akkurat den lengden du \u00f8nsker, avhengig av hvilke muskler eller muskelgrupper du vil trene. Det elastiske b\u00e5ndet har god holdbarhet og er lateksfritt. <\/p>\n<ul>\n<li>God trening for postoperative behandlinger, muskeloppbygging eller for \u00e5 \u00f8ke bevegeligheten<\/li>\n<li>Bra for trening hjemme eller p\u00e5 arbeidsplassen<\/li>\n<li>Du kan enkelt \u00f8ke motstanden ved \u00e5 forkorte strikken eller doble den.<\/li>\n<li>Tilgjengelig med 4 ulike motstander for progressiv trening<\/li>\n<li>Gul = Lys<\/li>\n<li>R\u00f8d = Medium<\/li>\n<li>Gr\u00f8nn = Hard<\/li>\n<li>Bl\u00e5 = X- hard<\/li>\n<\/ul>\n<p><strong>Strikken leveres i esker p\u00e5 7,5 cm x 2 m, 15 cm x 5 m, 15 cm x 25 m og 15 cm x 46 m<\/strong><\/p>\n","protected":false},"excerpt":{"rendered":"<p>Sissel treningsb\u00e5nd gj\u00f8r det enkelt \u00e5 trene hele kroppen enten hjemme eller p\u00e5 jobben. Finnes i 4 farger og 4 forskjellige lengder. Enkelt \u00e5 klippe til \u00f8nsket lengde avhengig av hvilken type trening du skal gj\u00f8re.  <\/p>\n","protected":false},"featured_media":81381,"comment_status":"closed","ping_status":"closed","template":"","meta":{"_acf_changed":false},"product_brand":[],"product_cat":[1948,1937,2518,2566,2215,2217,1945],"product_tag":[2521],"class_list":{"0":"post-81360","1":"product","2":"type-product","3":"status-publish","4":"has-post-thumbnail","6":"product_cat-klinikk","7":"product_cat-merkevarer","8":"product_cat-sissel-no","9":"product_cat-sissel-treningsbaand","10":"product_cat-treningsbaand","11":"product_cat-treningsbaand-no","12":"product_cat-treningsutstyr","13":"product_tag-sissel-no","15":"first","16":"instock","17":"taxable","18":"shipping-taxable","19":"purchasable","20":"product-type-variable"},"acf":[],"_links":{"self":[{"href":"https:\/\/fysiolab.dk\/no\/wp-json\/wp\/v2\/product\/81360","targetHints":{"allow":["GET"]}}],"collection":[{"href":"https:\/\/fysiolab.dk\/no\/wp-json\/wp\/v2\/product"}],"about":[{"href":"https:\/\/fysiolab.dk\/no\/wp-json\/wp\/v2\/types\/product"}],"replies":[{"embeddable":true,"href":"https:\/\/fysiolab.dk\/no\/wp-json\/wp\/v2\/comments?post=81360"}],"wp:featuredmedia":[{"embeddable":true,"href":"https:\/\/fysiolab.dk\/no\/wp-json\/wp\/v2\/media\/81381"}],"wp:attachment":[{"href":"https:\/\/fysiolab.dk\/no\/wp-json\/wp\/v2\/media?parent=81360"}],"wp:term":[{"taxonomy":"product_brand","embeddable":true,"href":"https:\/\/fysiolab.dk\/no\/wp-json\/wp\/v2\/product_brand?post=81360"},{"taxonomy":"product_cat","embeddable":true,"href":"https:\/\/fysiolab.dk\/no\/wp-json\/wp\/v2\/product_cat?post=81360"},{"taxonomy":"product_tag","embeddable":true,"href":"https:\/\/fysiolab.dk\/no\/wp-json\/wp\/v2\/product_tag?post=81360"}],"curies":[{"name":"wp","href":"https:\/\/api.w.org\/{rel}","templated":true}]}}