{"id":81386,"date":"2023-07-16T13:01:15","date_gmt":"2023-07-16T11:01:15","guid":{"rendered":"https:\/\/fysiolab.dk\/product\/airofit-pro-2-0-pustetrener\/"},"modified":"2025-12-18T09:22:25","modified_gmt":"2025-12-18T08:22:25","slug":"airofit-pro-2-0-pustetrener","status":"publish","type":"product","link":"https:\/\/fysiolab.dk\/no\/product\/airofit-pro-2-0-pustetrener\/","title":{"rendered":"Airofit Pro 2.0 Pustetrener"},"content":{"rendered":"<p>Vi presenterer Airofit PRO - verdens f\u00f8rste intelligente pustetrener som n\u00e5 er enda smartere. Airofit PRO er designet for deg som prioriterer ytelse og er opptatt av \u00e5 forbedre velv\u00e6ret ditt, og tilbyr en unik og personlig tiln\u00e6rming til pustetrening. <\/p>\n<p>Airofit PRO er ikke bare et apparat, det er et omfattende system som lar deg fokusere og jobbe mot dine individuelle pustem\u00e5l. Tilpasningsdyktigheten og intelligensen gj\u00f8r den til noe helt spesielt innen pustetrenere. Apparatet er designet for \u00e5 synkronisere med pustem\u00f8nsteret ditt og levere en skreddersydd treningsopplevelse som utvikler seg i takt med din n\u00e5v\u00e6rende pustestatus.  <\/p>\n<p>For deg som ikke vil g\u00e5 p\u00e5 akkord med ytelsen og er opptatt av \u00e5 forbedre deg, er Airofit PRO det ultimate valget. Denne enheten g\u00e5r lenger enn tradisjonelle treningsmetoder og inneholder intelligent appveiledning, lungefunksjonsm\u00e5ling og personlig tilpassede treningsprogrammer for \u00e5 sikre en helhetlig tiln\u00e6rming til \u00e5ndedrettstreningen din. <\/p>\n<p>Airofit PRO tilbyr 17 tilpasningsdyktige trenings\u00f8kter som gj\u00f8r at du kan tilpasse treningen etter dine preferanser og behov. Den justerbare vanskelighetsgraden s\u00f8rger for at du alltid blir utfordret med riktig intensitet og muliggj\u00f8r kontinuerlig fremgang i pusteevnen din. <\/p>\n<p>En av de bemerkelsesverdige egenskapene til Airofit PRO er dens evne til \u00e5 gi detaljert treningsfeedback og statistikk. Denne sanntidsinformasjonen gj\u00f8r at du kan f\u00f8lge med p\u00e5 prestasjonene dine, forst\u00e5 fremgangen din og ta informerte beslutninger om treningsrutinen din. Den intelligente appveiledningen forbedrer opplevelsen din ytterligere ved \u00e5 gi deg innsikt og anbefalinger basert p\u00e5 dine individuelle data.  <\/p>\n<p>Enten du er en idrettsut\u00f8ver som sikter mot topprestasjoner eller en som \u00f8nsker \u00e5 forbedre det generelle velv\u00e6ret, er Airofit PRO en game-changer i en verden av intelligente pustetrenere. Omfavn en ny \u00e6ra av pustetrening og frigj\u00f8r ditt fulle potensial med Airofit PRO - der innovasjon m\u00f8ter personlig tilpasning for enest\u00e5ende resultater. <\/p>\n<p>Ved \u00e5 trene bare 10 minutter to ganger om dagen kan du \u00f8ke prestasjonsevnen din med opptil 8 % i l\u00f8pet av bare 8 uker.<\/p>\n<p>Airofit Pro-systemet inkluderer Airofit Breathing Trainer og en virtuell pustetrener i den interaktive mobilappen, slik at <span lang=\"da\">du kan trene pustestyrke, vital lungekapasitet, anaerob terskel og andre omr\u00e5der av pusten<\/span> din.<\/p>\n<p>Airofit pustetrener  <span lang=\"da\">gir justerbar motstand til pustemuskulaturen din. Den m\u00e5ler pustevolum og -styrke og sender data til den virtuelle pustetreneren p\u00e5 smarttelefonen din.   <\/span><span lang=\"da\">Den virtuelle pustetreneren gir deg umiddelbar veiledning og tilbakemelding, samtidig som du kan f\u00f8lge med p\u00e5 fremgangen din i ulike testede \u00f8velser og treningsprogrammer.<\/span><\/p>\n<p id=\"tw-target-text\" class=\"tw-data-text tw-text-large XcVN5d tw-ta\" dir=\"ltr\" data-placeholder=\"Overs\u00e6ttelse\"><span lang=\"da\">Airofit pustetrener er kompatibel med iOS- og Android-mobilenheter<\/span>.<\/p>\n<div class=\"page\" title=\"Side 7\">\n<div class=\"layoutArea\">\n<div class=\"column\">\n<p><strong>N\u00c5R DU IKKE B\u00d8R BRUKE AIROFIT<\/strong><\/p>\n<ul>\n<li>Hvis du tidligere har hatt spontan pneumothorax (en kollapset lunge for\u00e5rsaket av en ikke-traumatisk skade, f.eks. et brukket ribbein).<\/li>\n<li>Hvis du har en kollapset lunge p\u00e5 grunn av en traumatisk skade som ikke har grodd helt.<\/li>\n<li>Hvis du har en sprukken trommehinne som ikke har grodd helt, eller et annet problem med trommehinnen.<\/li>\n<li>Hvis du har astma og lider av hyppige, alvorlige forverringer.<\/li>\n<li>Hvis du er under 15 \u00e5r, m\u00e5 du bare bruke Airofit under tilsyn av en voksen.<\/li>\n<li>Hvis du har medisinske problemer med luftveiene, hjertet eller blodtrykket, anbefaler vi at du r\u00e5df\u00f8rer deg med legen din f\u00f8r du bruker Airofit.<\/li>\n<li>Hvis du f\u00f8ler deg ukomfortabel eller svimmel mens du trener med Airofit, m\u00e5 du stoppe i 30 minutter og kontrollere om motstandshjulenes innstillinger for inn- og utpust er riktige.<\/li>\n<li>Hvis du f\u00f8ler fysisk ubehag under trenings\u00f8kten, m\u00e5 du avbryte treningen umiddelbart.<\/li>\n<\/ul>\n<\/div>\n<\/div>\n<\/div>\n","protected":false},"excerpt":{"rendered":"<p><strong><span class=\"d2edcug0 hpfvmrgz qv66sw1b c1et5uql rrkovp55 a8c37x1j keod5gw0 nxhoafnm aigsh9s9 d3f4x2em fe6kdd0r mau55g9w c8b282yb iv3no6db jq4qci2q a3bd9o3v knj5qynh oo9gr5id\" dir=\"auto\"><span class=\"d2edcug0 hpfvmrgz qv66sw1b c1et5uql rrkovp55 jq4qci2q a3bd9o3v knj5qynh oo9gr5id hzawbc8m\">Airofit pro 2.0 er et smart pustetreningssystem som kan hjelpe deg med \u00e5 trene uten \u00e5 bli andpusten, redusere stress eller puste bedre generelt.<\/span><\/span><\/strong><\/p>\n<p>&nbsp;<\/p>\n","protected":false},"featured_media":81388,"comment_status":"closed","ping_status":"closed","template":"","meta":{"_acf_changed":false},"product_brand":[3133],"product_cat":[2605,2604,2020,1937,1945],"product_tag":[2606],"class_list":{"0":"post-81386","1":"product","2":"type-product","3":"status-publish","4":"has-post-thumbnail","6":"product_brand-airofit","7":"product_cat-airofit-no","8":"product_cat-airofit-pustetrening","9":"product_cat-julegaveideer-no","10":"product_cat-merkevarer","11":"product_cat-treningsutstyr","12":"product_tag-airofit-no","14":"first","15":"instock","16":"taxable","17":"shipping-taxable","18":"purchasable","19":"product-type-simple"},"acf":[],"_links":{"self":[{"href":"https:\/\/fysiolab.dk\/no\/wp-json\/wp\/v2\/product\/81386","targetHints":{"allow":["GET"]}}],"collection":[{"href":"https:\/\/fysiolab.dk\/no\/wp-json\/wp\/v2\/product"}],"about":[{"href":"https:\/\/fysiolab.dk\/no\/wp-json\/wp\/v2\/types\/product"}],"replies":[{"embeddable":true,"href":"https:\/\/fysiolab.dk\/no\/wp-json\/wp\/v2\/comments?post=81386"}],"wp:featuredmedia":[{"embeddable":true,"href":"https:\/\/fysiolab.dk\/no\/wp-json\/wp\/v2\/media\/81388"}],"wp:attachment":[{"href":"https:\/\/fysiolab.dk\/no\/wp-json\/wp\/v2\/media?parent=81386"}],"wp:term":[{"taxonomy":"product_brand","embeddable":true,"href":"https:\/\/fysiolab.dk\/no\/wp-json\/wp\/v2\/product_brand?post=81386"},{"taxonomy":"product_cat","embeddable":true,"href":"https:\/\/fysiolab.dk\/no\/wp-json\/wp\/v2\/product_cat?post=81386"},{"taxonomy":"product_tag","embeddable":true,"href":"https:\/\/fysiolab.dk\/no\/wp-json\/wp\/v2\/product_tag?post=81386"}],"curies":[{"name":"wp","href":"https:\/\/api.w.org\/{rel}","templated":true}]}}