{"id":81398,"date":"2023-07-16T13:00:04","date_gmt":"2023-07-16T11:00:04","guid":{"rendered":"https:\/\/fysiolab.dk\/product\/state-energy-lime-orange-12-pakning\/"},"modified":"2025-12-18T09:22:26","modified_gmt":"2025-12-18T08:22:26","slug":"state-energy-lime-orange-12-pakning","status":"publish","type":"product","link":"https:\/\/fysiolab.dk\/no\/product\/state-energy-lime-orange-12-pakning\/","title":{"rendered":"State Energy - Lime\/Orange 12-pakning"},"content":{"rendered":"<div class=\"dialog-message dialog-lightbox-message\">\n<div class=\"elementor elementor-2962 elementor-location-popup\" data-elementor-type=\"popup\" data-elementor-id=\"2962\" data-elementor-settings=\"{\"entrance_animation\":\"fadeIn\",\"close_button_position\":\"outside\",\"entrance_animation_duration\":{\"unit\":\"px\",\"size\":1.1999999999999999555910790149937383830547332763671875,\"sizes\":[]},\"timing\":[]}\">\n<div class=\"elementor-inner\">\n<div class=\"elementor-section-wrap\">\n<section class=\"elementor-element elementor-element-70cc79c3 elementor-section-boxed elementor-section-height-default elementor-section-height-default elementor-section elementor-top-section\" data-id=\"70cc79c3\" data-element_type=\"section\">\n<div class=\"elementor-container elementor-column-gap-default\">\n<div class=\"elementor-element elementor-element-18b1371 elementor-column elementor-col-100 elementor-top-column\" data-id=\"18b1371\" data-element_type=\"column\">\n<div class=\"elementor-widget-wrap elementor-element-populated\">\n<section class=\"elementor-element elementor-element-400d0539 elementor-section-boxed elementor-section-height-default elementor-section-height-default elementor-section elementor-inner-section\" data-id=\"400d0539\" data-element_type=\"section\">\n<div class=\"elementor-container elementor-column-gap-default\">\n<div class=\"elementor-element elementor-element-131aa959 elementor-column elementor-col-50 elementor-inner-column\" data-id=\"131aa959\" data-element_type=\"column\">\n<div class=\"elementor-widget-wrap elementor-element-populated\">\n<div class=\"elementor-element elementor-element-2c9bd0fe elementor-widget elementor-widget-heading\" data-id=\"2c9bd0fe\" data-element_type=\"widget\" data-widget_type=\"heading.default\">\n<div class=\"elementor-widget-container\">\n<p>Energien i karbohydrater frigj\u00f8res da langsommere i blodbanen, noe som sikrer et mer stabilt og vedvarende energiniv\u00e5\/blodsukker over tid. Vanlig sukker, slik vi kjenner det i dag, gir derimot en kortvarig energitopp, noe som i neste omgang kan ha en negativ effekt p\u00e5 arbeidsprestasjonen og et mer svingende blodsukkerniv\u00e5. <\/p>\n<p>Utviklet av toppidrettsut\u00f8vere og internasjonale eksperter innen ytelse og helse. Laget med de beste tilgjengelige ingrediensene - formulert for deg - for nytelse og unik ytelse. Utviklet, designet og produsert i Danmark med dansk kildevann og naturlige smaker.  <\/p>\n<p>Palatinoses langsommere effekt p\u00e5 blodsukkeret er godkjent av Den europeiske myndighet for n\u00e6ringsmiddeltrygghet (EFSA).<\/p>\n<p>&nbsp;<\/p>\n<blockquote>\n<h3><strong>PALATINOSE<\/strong><\/h3>\n<p><img fetchpriority=\"high\" decoding=\"async\" class=\"size-medium wp-image-1151 alignright\" src=\"https:\/\/dev.fysiolab.dk\/wp-content\/uploads\/2025\/05\/Udvidet-palatinose-kurve-300x213.png\" sizes=\"(max-width: 300px) 100vw, 300px\" srcset=\"https:\/\/dev.fysiolab.dk\/wp-content\/uploads\/2025\/05\/Udvidet-palatinose-kurve-300x213.png 300w, https:\/\/dev.fysiolab.dk\/wp-content\/uploads\/2025\/05\/Udvidet-palatinose-kurve-1024x727.png 1024w, https:\/\/dev.fysiolab.dk\/wp-content\/uploads\/2025\/05\/Udvidet-palatinose-kurve.png 1500w\" alt=\"\" width=\"300\" height=\"213\" title=\"\"><\/p><\/blockquote>\n<p>Palatinose er et unikt og naturlig <strong>lavglykemisk<\/strong> sukker som s\u00f8rger for en <strong>mindre blodsukkerstigning<\/strong> enn vanlig sukker slik du kjenner det i dag.<\/p>\n<p>Det betyr at Palatinose\/Isomaltulose p\u00e5virker blodsukkerniv\u00e5et langsommere, og at energien frigj\u00f8res <strong>jevnere<\/strong> i blodet over tid. Dermed unng\u00e5r man en kortvarig energitopp, som i neste omgang kan ha en direkte <strong>negativ effekt<\/strong> p\u00e5 arbeidsevnen, ytelsen og dagen. <\/p>\n<blockquote>\n<h3><strong>KAFFE<\/strong><\/h3>\n<\/blockquote>\n<p>Koffein er et av de mest anerkjente og veldokumenterte <strong>prestasjonsfremmende <\/strong>stoffene. Koffein virker <strong>stimulerende<\/strong> p\u00e5 hjernen, \u00f8ker konsentrasjonen og bidrar til \u00e5 \u00f8ke evnen til \u00e5 aktivere musklene, noe som forbedrer <strong>arbeidsevnen<\/strong>. <\/p>\n<blockquote>\n<h3><strong>GR\u00d8NN TE<\/strong><\/h3>\n<\/blockquote>\n<p>STATE inneholder 300 mg naturlig gr\u00f8nn te-ekstrakt. Forskning har vist at <strong>L-teanin<\/strong>, som finnes i gr\u00f8nn te, reduserer de psykologiske og fysiologiske symptomene p\u00e5 stress hos personer som utsettes for <strong>psykisk stress<\/strong>. Studier viser ogs\u00e5 at L-Theanine har en direkte <strong>positiv interaksjon<\/strong> med koffein.  <img decoding=\"async\" class=\"alignright wp-image-1185\" src=\"https:\/\/dev.fysiolab.dk\/wp-content\/uploads\/2025\/05\/CW-med-STATE-lime-orange-2.png\" sizes=\"(max-width: 390px) 100vw, 390px\" srcset=\"https:\/\/dev.fysiolab.dk\/wp-content\/uploads\/2025\/05\/CW-med-STATE-lime-orange-2.png 509w, https:\/\/dev.fysiolab.dk\/wp-content\/uploads\/2025\/05\/CW-med-STATE-lime-orange-2-228x300.png 228w\" alt=\"Caroline Wozniacki med STATE lime-oransje\" width=\"390\" height=\"514\" title=\"\"><\/p>\n<blockquote>\n<h3><strong>ELEKTRISK LYS<\/strong><\/h3>\n<\/blockquote>\n<p>Elektrolytter (salter) er sv\u00e6rt viktige under fysisk prestasjon. N\u00e5r du svetter og inntar vann uten salter, fortynnes v\u00e6skene i kroppen, og en <strong>dehydreringsgrad<\/strong> p\u00e5 bare 5 % vil redusere prestasjonsevnen med s\u00e5 mye som 30 %. <\/p>\n<p><strong>Natrium<\/strong> i v\u00e6sken stimulerer vannopptaket i tynntarmen og opprettholder <strong>v\u00e6skebalansen<\/strong> i blodet. Ved \u00e5 innta <strong>2 STATE<\/strong> f\u00f8r\/under trening f\u00e5r du i deg en <strong>optimal mengde<\/strong> natrium, som tilsvarer mengden salt du mister i svette under hard fysisk trening. <\/p>\n<blockquote>\n<h3><strong>TAURINE<\/strong><\/h3>\n<\/blockquote>\n<p>Taurin er en naturlig forekommende aminosyre som bidrar til <strong>nevrotransmisjonen<\/strong> i hjernen og <strong>forsinker muskeltretthet<\/strong> under trening. Taurin finnes ogs\u00e5 i kj\u00f8tt, fisk og planter. <\/p>\n<blockquote>\n<h3><strong>B-VITAMINER<\/strong><\/h3>\n<\/blockquote>\n<p>STATE inneholder de vannl\u00f8selige B-vitaminene <strong>B3, B6 og B12<\/strong>, som - i motsetning til fettl\u00f8selige vitaminer - sirkulerer bedre gjennom blodplasma og frigj\u00f8res i overskudd. Denne sammensetningen bidrar til <strong>nervesystemets<\/strong> normale funksjon, normal <strong>mental ytelse<\/strong> og reduserer <strong>tretthet<\/strong> og <strong>utmattelse<\/strong>. <\/p>\n<p>&nbsp;<\/p>\n<h5 class=\"elementor-heading-title elementor-size-default\">N\u00e6ringsinnhold per 100 ml:<\/h5>\n<\/div>\n<\/div>\n<div class=\"elementor-element elementor-element-2041fa59 elementor-widget elementor-widget-text-editor\" data-id=\"2041fa59\" data-element_type=\"widget\" data-widget_type=\"text-editor.default\">\n<div class=\"elementor-widget-container\">\n<div class=\"elementor-text-editor elementor-clearfix\">\n<ul>\n<li>Energi 152 kJ (36 kcal)<\/li>\n<li>Fett &lt; 0,5 g<\/li>\n<li>- hvorav mettet 0 g<\/li>\n<li>Karbohydrat 8,4 g<\/li>\n<li>- hvorav sukkerarter 8,4 g<\/li>\n<li>Fiber &lt; 0,5 g<\/li>\n<li>Protein &lt; 0,5 g<\/li>\n<li>Salt 0,12 g<\/li>\n<\/ul>\n<\/div>\n<\/div>\n<\/div>\n<\/div>\n<\/div>\n<div class=\"elementor-element elementor-element-275d5d6d elementor-column elementor-col-50 elementor-inner-column\" data-id=\"275d5d6d\" data-element_type=\"column\">\n<div class=\"elementor-widget-wrap elementor-element-populated\">\n<div class=\"elementor-element elementor-element-271fc5b4 elementor-widget elementor-widget-heading\" data-id=\"271fc5b4\" data-element_type=\"widget\" data-widget_type=\"heading.default\">\n<div class=\"elementor-widget-container\">\n<h5 class=\"elementor-heading-title elementor-size-default\">Vitaminer per 100 ml<\/h5>\n<\/div>\n<\/div>\n<div class=\"elementor-element elementor-element-19b9eb4 elementor-widget elementor-widget-text-editor\" data-id=\"19b9eb4\" data-element_type=\"widget\" data-widget_type=\"text-editor.default\">\n<div class=\"elementor-widget-container\">\n<div class=\"elementor-text-editor elementor-clearfix\">\n<ul>\n<li>Niacin 6,4 mg \/ 40 % RI*.<\/li>\n<li>Pantotensyre 2 mg \/ 33 % RI*<\/li>\n<li>Vitamin B6 0,2 mg \/ 14 % RI*.<\/li>\n<li>Vitamin B12 0,4 \u03bcg \/ 16 % RI*.<\/li>\n<\/ul>\n<p>*RI = Referanseinntak<\/p>\n<div class=\"dialog-message dialog-lightbox-message\">\n<div class=\"elementor elementor-2963 elementor-location-popup\" data-elementor-type=\"popup\" data-elementor-id=\"2963\" data-elementor-settings=\"{\"triggers\":[],\"timing\":[]}\">\n<div class=\"elementor-inner\">\n<div class=\"elementor-section-wrap\">\n<section class=\"elementor-element elementor-element-fa447d4 elementor-section-boxed elementor-section-height-default elementor-section-height-default elementor-section elementor-top-section\" data-id=\"fa447d4\" data-element_type=\"section\">\n<div class=\"elementor-container elementor-column-gap-default\">\n<div class=\"elementor-element elementor-element-6c2f3ede elementor-column elementor-col-100 elementor-top-column\" data-id=\"6c2f3ede\" data-element_type=\"column\">\n<div class=\"elementor-widget-wrap elementor-element-populated\">\n<section class=\"elementor-element elementor-element-68ba4c7f elementor-section-boxed elementor-section-height-default elementor-section-height-default elementor-section elementor-inner-section\" data-id=\"68ba4c7f\" data-element_type=\"section\">\n<div class=\"elementor-container elementor-column-gap-default\">\n<div class=\"elementor-element elementor-element-65e4cd98 elementor-column elementor-col-100 elementor-inner-column\" data-id=\"65e4cd98\" data-element_type=\"column\">\n<div class=\"elementor-widget-wrap elementor-element-populated\">\n<div class=\"elementor-element elementor-element-36e0cd4c elementor-widget elementor-widget-heading\" data-id=\"36e0cd4c\" data-element_type=\"widget\" data-widget_type=\"heading.default\">\n<div class=\"elementor-widget-container\">\n<h5 class=\"elementor-heading-title elementor-size-default\">Ingredienser<\/h5>\n<\/div>\n<\/div>\n<div class=\"elementor-element elementor-element-1d52e8f3 elementor-widget elementor-widget-text-editor\" data-id=\"1d52e8f3\" data-element_type=\"widget\" data-widget_type=\"text-editor.default\">\n<div class=\"elementor-widget-container\">\n<div class=\"elementor-text-editor elementor-clearfix\">\n<p>Naturlig mineralvann med kullsyre, fruktose, isomaltulose**, syre (E331, E330, E338), taurin (0,4 %), naturlige smaker, gr\u00f8nn te-ekstrakt, konserveringsmidler (kaliumsorbat, natriumbenzoat), koffein (0,03 %), vitaminer (niacin, pantotensyre, B6, B12), farge (E133).<\/p>\n<p>** Isomaltulose er en kombinasjon av glukose og fruktose.<\/p>\n<p>&nbsp;<\/p>\n<\/div>\n<\/div>\n<\/div>\n<p>&nbsp;<\/p>\n<p>F\u00f8lgende informasjon gjelder for alle kosttilskuddsprodukter:<\/p>\n<ul type=\"disc\">\n<li><span lang=\"DA\">Produktet m\u00e5 ikke brukes av eller selges til personer under 18 \u00e5r.<u><\/u><u><\/u><\/span><\/li>\n<li><span lang=\"DA\">Hvis du har en alvorlig sykdom eller bruker reseptbelagte medisiner, b\u00f8r du r\u00e5df\u00f8re deg med lege f\u00f8r bruk.<u><\/u><u><\/u><\/span><\/li>\n<li><span lang=\"DA\">Uttalelsene p\u00e5 nettstedet er ikke gjennomg\u00e5tt av den danske L\u00e6gemiddel- og F\u00f8devarestyrelsen.<u><\/u><u><\/u><\/span><\/li>\n<li><span lang=\"DA\">Produktet er ikke ment \u00e5 diagnostisere, behandle, kurere eller forebygge noen sykdom.<u><\/u><u><\/u><\/span><\/li>\n<li><span lang=\"DA\">Resultatene kan variere og vil ikke v\u00e6re de samme for alle<\/span><\/li>\n<\/ul>\n<\/div>\n<\/div>\n<\/div>\n<\/section>\n<\/div>\n<\/div>\n<\/div>\n<\/section>\n<\/div>\n<\/div>\n<\/div>\n<\/div>\n<\/div>\n<\/div>\n<\/div>\n<\/div>\n<\/div>\n<\/div>\n<\/section>\n<\/div>\n<\/div>\n<\/div>\n<\/section>\n<\/div>\n<\/div>\n<\/div>\n<\/div>\n","protected":false},"excerpt":{"rendered":"<div class=\"elementor-element elementor-element-432b4bff elementor-widget elementor-widget-woocommerce-product-content\" data-id=\"432b4bff\" data-element_type=\"widget\" data-widget_type=\"woocommerce-product-content.default\">\n<div class=\"elementor-widget-container\">\n<p><strong><a href=\"https:\/\/fysiolab.dk\/no\/vare-kategori\/kosttilskudd\/statlig-energi\/\">STATE<\/a> - den innovative l\u00f8sningen for prestasjonsoptimalisering.<\/strong><\/p>\n<p><strong>STATE er basert p\u00e5 omfattende utvikling i samarbeid med en lang rekke eksperter og toppidrettsut\u00f8vere med m\u00e5l om \u00e5 gi idrettsut\u00f8vere og aktive mennesker over hele verden et h\u00f8yt og vedvarende energiniv\u00e5.<\/strong><\/p>\n<\/div>\n<\/div>\n","protected":false},"featured_media":81402,"comment_status":"closed","ping_status":"closed","template":"","meta":{"_acf_changed":false},"product_brand":[],"product_cat":[2483,2232,2479,1937,1941,2482,2484],"product_tag":[2485],"class_list":{"0":"post-81398","1":"product","2":"type-product","3":"status-publish","4":"has-post-thumbnail","6":"product_cat-energidrikk","7":"product_cat-kosttilskudd","8":"product_cat-kosttilskudd-no","9":"product_cat-merkevarer","10":"product_cat-rekonvalesens-og-sportspleie","11":"product_cat-statlig-energi","12":"product_cat-statlig-energi-no","13":"product_tag-delstaten","15":"first","16":"instock","17":"taxable","18":"shipping-taxable","19":"purchasable","20":"product-type-simple"},"acf":[],"_links":{"self":[{"href":"https:\/\/fysiolab.dk\/no\/wp-json\/wp\/v2\/product\/81398","targetHints":{"allow":["GET"]}}],"collection":[{"href":"https:\/\/fysiolab.dk\/no\/wp-json\/wp\/v2\/product"}],"about":[{"href":"https:\/\/fysiolab.dk\/no\/wp-json\/wp\/v2\/types\/product"}],"replies":[{"embeddable":true,"href":"https:\/\/fysiolab.dk\/no\/wp-json\/wp\/v2\/comments?post=81398"}],"wp:featuredmedia":[{"embeddable":true,"href":"https:\/\/fysiolab.dk\/no\/wp-json\/wp\/v2\/media\/81402"}],"wp:attachment":[{"href":"https:\/\/fysiolab.dk\/no\/wp-json\/wp\/v2\/media?parent=81398"}],"wp:term":[{"taxonomy":"product_brand","embeddable":true,"href":"https:\/\/fysiolab.dk\/no\/wp-json\/wp\/v2\/product_brand?post=81398"},{"taxonomy":"product_cat","embeddable":true,"href":"https:\/\/fysiolab.dk\/no\/wp-json\/wp\/v2\/product_cat?post=81398"},{"taxonomy":"product_tag","embeddable":true,"href":"https:\/\/fysiolab.dk\/no\/wp-json\/wp\/v2\/product_tag?post=81398"}],"curies":[{"name":"wp","href":"https:\/\/api.w.org\/{rel}","templated":true}]}}