{"id":81399,"date":"2023-07-16T13:01:15","date_gmt":"2023-07-16T11:01:15","guid":{"rendered":"https:\/\/fysiolab.dk\/product\/begrenset-utgave-av-bosu-pro-balance-trainer-svart\/"},"modified":"2025-12-18T09:22:25","modified_gmt":"2025-12-18T08:22:25","slug":"begrenset-utgave-av-bosu-pro-balance-trainer-svart","status":"publish","type":"product","link":"https:\/\/fysiolab.dk\/no\/product\/begrenset-utgave-av-bosu-pro-balance-trainer-svart\/","title":{"rendered":"BOSU Pro Balansetrener 65 cm"},"content":{"rendered":"<div class=\"text-sm whitespace-pre-wrap\" data-headlessui-state=\"open\">\n<div id=\"headlessui-disclosure-panel-v-0-0-52-1\" class=\"prose prose-sm pb-6 text-gray-500\" data-headlessui-state=\"open\">\n<div>Den svarte BOSU\u00ae Pro Balance Trainer 65 cm er designet for kommersiell bruk og har en holdbarhet som er opptil 10 ganger lengre enn andre trenere. Den er mye brukt innen fitness, idrettsforberedelser og rehabilitering, og utmerker seg med balanse-, styrke- og fleksibilitetstrening samtidig som den gir en engasjerende kondisjonstrening. Denne allsidige treneren utfordrer hele kroppen gjennom integrerte, flerleddede bevegelser som krever samtidig aktivering av muskelgrupper. Den er ideell for personlige trenere, fysioterapeuter og treningsinstrukt\u00f8rer, og forbedrer effektiviteten i treningen, noe som gj\u00f8r den til en viktig brikke i profesjonelle treningsmilj\u00f8er.   <\/div>\n<\/div>\n<\/div>\n<div data-headlessui-state=\"open\">\n<h3><\/h3>\n<div id=\"headlessui-disclosure-panel-v-0-0-52-3\" class=\"prose prose-sm pb-6 text-gray-500\" data-headlessui-state=\"open\">\n<div class=\"text-sm pl-5\">\n<p class=\"whitespace-pre mb-5\">- Anti-bruddmateriale (ASB): Ja - Designet med en patentert, sklisikker, dobbel overst\u00f8pt base designet for \u00e5 t\u00e5le daglig bruk i treningsstudioet - Latexfritt, bruddsikkert materiale - 1 \u00e5rs begrenset garanti - Svart, dobbel overst\u00f8pt plattform for ekstra styrke - Glatt, sklisikker, ikke-merkbar base - Vekt: 9 kg - Diameter: 65 cm - H\u00f8yde: 25,4 cm <\/p>\n<p class=\"whitespace-pre mb-5\">- Maks. vektbelastning (kg): ca. 160 kg<\/p>\n<p class=\"whitespace-pre mb-5\">- Passer for: Treningssentre, personlige trenere og fysioterapeuter med fokus p\u00e5 balansetrening, fysisk rehabilitering, plyometrisk trening, koordinasjons- og stabilitets\u00f8velser<\/p>\n<\/div>\n<\/div>\n<\/div>\n<div data-headlessui-state=\"open\">\n<h3><\/h3>\n<\/div>\n","protected":false},"excerpt":{"rendered":"<p class=\"text-sm text-theme-dark mt-5 font-header col-span-5\">Den forbedrer balanse, kjerne, styrke og fleksibilitet samtidig som den gir en morsom kondisjonstrening. Kjent fra fysioterapeuten og p\u00e5 treningssenteret. <\/p>\n","protected":false},"featured_media":96713,"comment_status":"closed","ping_status":"closed","template":"","meta":{"_acf_changed":false},"product_brand":[],"product_cat":[1946,1949,2607,2608,1948,1937,1945],"product_tag":[2609],"class_list":{"0":"post-81399","1":"product","2":"type-product","3":"status-publish","4":"has-post-thumbnail","6":"product_cat-balanse","7":"product_cat-balansetrening","8":"product_cat-bosu-no","9":"product_cat-bosu-no-2","10":"product_cat-klinikk","11":"product_cat-merkevarer","12":"product_cat-treningsutstyr","13":"product_tag-bosu-no","14":"product_shipping_class-dropshipping-no","16":"first","17":"instock","18":"taxable","19":"shipping-taxable","20":"purchasable","21":"product-type-simple"},"acf":[],"_links":{"self":[{"href":"https:\/\/fysiolab.dk\/no\/wp-json\/wp\/v2\/product\/81399","targetHints":{"allow":["GET"]}}],"collection":[{"href":"https:\/\/fysiolab.dk\/no\/wp-json\/wp\/v2\/product"}],"about":[{"href":"https:\/\/fysiolab.dk\/no\/wp-json\/wp\/v2\/types\/product"}],"replies":[{"embeddable":true,"href":"https:\/\/fysiolab.dk\/no\/wp-json\/wp\/v2\/comments?post=81399"}],"wp:featuredmedia":[{"embeddable":true,"href":"https:\/\/fysiolab.dk\/no\/wp-json\/wp\/v2\/media\/96713"}],"wp:attachment":[{"href":"https:\/\/fysiolab.dk\/no\/wp-json\/wp\/v2\/media?parent=81399"}],"wp:term":[{"taxonomy":"product_brand","embeddable":true,"href":"https:\/\/fysiolab.dk\/no\/wp-json\/wp\/v2\/product_brand?post=81399"},{"taxonomy":"product_cat","embeddable":true,"href":"https:\/\/fysiolab.dk\/no\/wp-json\/wp\/v2\/product_cat?post=81399"},{"taxonomy":"product_tag","embeddable":true,"href":"https:\/\/fysiolab.dk\/no\/wp-json\/wp\/v2\/product_tag?post=81399"}],"curies":[{"name":"wp","href":"https:\/\/api.w.org\/{rel}","templated":true}]}}