{"id":81410,"date":"2023-07-16T13:00:26","date_gmt":"2023-07-16T11:00:26","guid":{"rendered":"https:\/\/fysiolab.dk\/product\/trx-x-mount-hvit-oval\/"},"modified":"2025-12-18T09:22:25","modified_gmt":"2025-12-18T08:22:25","slug":"trx-x-mount-hvit-oval","status":"publish","type":"product","link":"https:\/\/fysiolab.dk\/no\/product\/trx-x-mount-hvit-oval\/","title":{"rendered":"TRX X-mount hvit (oval)"},"content":{"rendered":"<h2>TRX X-feste hvit<\/h2>\n<p>En enkel og holdbar suspensjonsl\u00f8sning for gruppetrening p\u00e5 treningssenteret eller til hjemmebruk. <strong>TRX X-mount<\/strong> monteres p\u00e5 veggen eller i taket. Opphenget kan enkelt holde vekten du overf\u00f8rer til det under treningen. Den er designet slik at du kan v\u00e6re 2 brukere p\u00e5 samme X-mount. En solid og diskret l\u00f8sning.    <\/p>\n<p>TRX X-Mount gir flere muligheter til \u00e5 finne det perfekte forankringspunktet<\/p>\n<p>Kan ogs\u00e5 monteres i betong (krever ekspansjonsbolter, IKKE inkludert)<\/p>\n<ul>\n<li>Komplett med skruer for oppheng.<\/li>\n<li>Den runde platen er ca. 11,5 cm i diameter (4,5 tommer).<\/li>\n<li>Installasjonsveiledning medf\u00f8lger.<\/li>\n<\/ul>\n<p>&nbsp;<\/p>\n<p>Ikke klikk metallkarabinkroken p\u00e5 TRX Suspension Trainer\/TRX Rip Trainer direkte inn i X-mount.<\/p>\n","protected":false},"excerpt":{"rendered":"<p><strong>Bli opptatt av detaljer - det gj\u00f8r treningen din trygg!<\/strong><\/p>\n<p><strong>Monter X-mount sikkert i taket eller p\u00e5 veggen for \u00e5 skape en trygg treningsplass for 1-2 personer. TRX X-Mount er oval og passer godt sammen med hvite tak <\/strong><\/p>\n","protected":false},"featured_media":81416,"comment_status":"closed","ping_status":"closed","template":"","meta":{"_acf_changed":false},"product_brand":[3154],"product_cat":[1937,1945,2211,2212,2611],"product_tag":[2214],"class_list":{"0":"post-81410","1":"product","2":"type-product","3":"status-publish","4":"has-post-thumbnail","6":"product_brand-trx","7":"product_cat-merkevarer","8":"product_cat-treningsutstyr","9":"product_cat-trx-no","10":"product_cat-trx-no-2","11":"product_cat-trx-fjaeringsloesninger","12":"product_tag-trx-no","13":"product_shipping_class-dropshipping-no","15":"first","16":"instock","17":"taxable","18":"shipping-taxable","19":"purchasable","20":"product-type-simple"},"acf":[],"_links":{"self":[{"href":"https:\/\/fysiolab.dk\/no\/wp-json\/wp\/v2\/product\/81410","targetHints":{"allow":["GET"]}}],"collection":[{"href":"https:\/\/fysiolab.dk\/no\/wp-json\/wp\/v2\/product"}],"about":[{"href":"https:\/\/fysiolab.dk\/no\/wp-json\/wp\/v2\/types\/product"}],"replies":[{"embeddable":true,"href":"https:\/\/fysiolab.dk\/no\/wp-json\/wp\/v2\/comments?post=81410"}],"wp:featuredmedia":[{"embeddable":true,"href":"https:\/\/fysiolab.dk\/no\/wp-json\/wp\/v2\/media\/81416"}],"wp:attachment":[{"href":"https:\/\/fysiolab.dk\/no\/wp-json\/wp\/v2\/media?parent=81410"}],"wp:term":[{"taxonomy":"product_brand","embeddable":true,"href":"https:\/\/fysiolab.dk\/no\/wp-json\/wp\/v2\/product_brand?post=81410"},{"taxonomy":"product_cat","embeddable":true,"href":"https:\/\/fysiolab.dk\/no\/wp-json\/wp\/v2\/product_cat?post=81410"},{"taxonomy":"product_tag","embeddable":true,"href":"https:\/\/fysiolab.dk\/no\/wp-json\/wp\/v2\/product_tag?post=81410"}],"curies":[{"name":"wp","href":"https:\/\/api.w.org\/{rel}","templated":true}]}}