{"id":81421,"date":"2023-07-16T12:59:16","date_gmt":"2023-07-16T10:59:16","guid":{"rendered":"https:\/\/fysiolab.dk\/product\/trx-medisinball\/"},"modified":"2025-12-18T09:22:26","modified_gmt":"2025-12-18T08:22:26","slug":"trx-medisinball","status":"publish","type":"product","link":"https:\/\/fysiolab.dk\/no\/product\/trx-medisinball\/","title":{"rendered":"TRX medisinball"},"content":{"rendered":"<div class=\"std\">\n<h2>Medisinball fra TRX<\/h2>\n<p><strong>TRX Medicine Ball<\/strong> brukes ofte i rehabilitering og styrketrening, der plyometrisk vekttrening \u00f8ker den eksplosive kraften. Diameteren p\u00e5 25 cm passer de fleste, da diameteren skal passe til skulderomr\u00e5det. TRX Medicine Ball er laget av skinn, slik at den holder i s\u00f8mmene.  <\/p>\n<h3>Hvilken st\u00f8rrelse medisinball b\u00f8r jeg velge?<\/h3>\n<p>Hvilken st\u00f8rrelse medisinball b\u00f8r jeg velge? Det kommer an p\u00e5 hva du skal bruke medisinballen til og hvilket niv\u00e5 du er p\u00e5. Du kan starte i den lavere enden, og etter hvert som du kommer i bedre form, kan du oppgradere helt opp til den tyngste medisinballen p\u00e5 5,5 kg. Det finnes alts\u00e5 en medisinball til hjemmetreningen eller utstyr til det ambisi\u00f8se treningssenteret.   <\/p>\n<p>Hos FysioLab selger vi medisinballer i f\u00f8lgende vektklasser:<\/p>\n<ul>\n<li>2,7 kg,<\/li>\n<li>3,6 kg,<\/li>\n<li>4,5 kg<\/li>\n<li>5,5 kg.<\/li>\n<\/ul>\n<h3><b><\/p>\n<p>Hvorfor skal jeg trene med medisinballer?<\/b><\/h3>\n<p>Hvis du vil ha en mer effektiv og helkroppsorientert trening enn du kan gj\u00f8re p\u00e5 statiske treningsapparater, er det et godt tips \u00e5 legge til en medisinball i treningen din. Tren alle kroppens bevegelsesbaner, utfordre muskelresponsen, koordinasjonen, balansen og s\u00e5 videre. Trening med medisinball kan v\u00e6re morsomt og veldig utfordrende.  <\/p>\n<h3><b>Eksplosiv styrketrening med medisinball<\/b><\/h3>\n<p>Hvis du \u00f8nsker \u00e5 trene eksplosiv styrketrening, er medisinballer et effektivt treningsverkt\u00f8y som enkelt kan integreres i den daglige treningen. Med medisinballen kan du gj\u00f8re kroppsvekts\u00f8velser med belastning, for eksempel sit-ups eller kneb\u00f8y med veggkast, osv. for \u00e5 forbedre utholdenhet, eksplosivitet og kjernestyrke. <\/p>\n<p><strong>TRX Medicine Ball<\/strong> er superholdbar og lett \u00e5 holde - selv n\u00e5r du svetter. S\u00e5 alt du trenger \u00e5 gj\u00f8re er \u00e5 gi alt n\u00e5r du trener. Medisinballen har i det siste blitt et superpopul\u00e6rt treningsredskap som du finner p\u00e5 treningssentre, crossfit-sentre, idrettsklubber og blant treningsutstyret hjemme i private hjem.  <\/p>\n<\/div>\n","protected":false},"excerpt":{"rendered":"<p><strong>TRX Medicine Ball er fylt med skum, grus og ull.<\/strong><\/p>\n<p><strong>Den mest popul\u00e6re medisinballen for alle typer trening.<\/strong><\/p>\n","protected":false},"featured_media":81427,"comment_status":"closed","ping_status":"closed","template":"","meta":{"_acf_changed":false},"product_brand":[],"product_cat":[1937,1945,2211,2212,2610],"product_tag":[2214],"class_list":{"0":"post-81421","1":"product","2":"type-product","3":"status-publish","4":"has-post-thumbnail","6":"product_cat-merkevarer","7":"product_cat-treningsutstyr","8":"product_cat-trx-no","9":"product_cat-trx-no-2","10":"product_cat-trx-treningsutstyr","11":"product_tag-trx-no","12":"product_shipping_class-dropshipping-no","14":"first","15":"instock","16":"taxable","17":"shipping-taxable","18":"purchasable","19":"product-type-variable"},"acf":[],"_links":{"self":[{"href":"https:\/\/fysiolab.dk\/no\/wp-json\/wp\/v2\/product\/81421","targetHints":{"allow":["GET"]}}],"collection":[{"href":"https:\/\/fysiolab.dk\/no\/wp-json\/wp\/v2\/product"}],"about":[{"href":"https:\/\/fysiolab.dk\/no\/wp-json\/wp\/v2\/types\/product"}],"replies":[{"embeddable":true,"href":"https:\/\/fysiolab.dk\/no\/wp-json\/wp\/v2\/comments?post=81421"}],"wp:featuredmedia":[{"embeddable":true,"href":"https:\/\/fysiolab.dk\/no\/wp-json\/wp\/v2\/media\/81427"}],"wp:attachment":[{"href":"https:\/\/fysiolab.dk\/no\/wp-json\/wp\/v2\/media?parent=81421"}],"wp:term":[{"taxonomy":"product_brand","embeddable":true,"href":"https:\/\/fysiolab.dk\/no\/wp-json\/wp\/v2\/product_brand?post=81421"},{"taxonomy":"product_cat","embeddable":true,"href":"https:\/\/fysiolab.dk\/no\/wp-json\/wp\/v2\/product_cat?post=81421"},{"taxonomy":"product_tag","embeddable":true,"href":"https:\/\/fysiolab.dk\/no\/wp-json\/wp\/v2\/product_tag?post=81421"}],"curies":[{"name":"wp","href":"https:\/\/api.w.org\/{rel}","templated":true}]}}