{"id":81430,"date":"2023-07-16T12:59:15","date_gmt":"2023-07-16T10:59:15","guid":{"rendered":"https:\/\/fysiolab.dk\/product\/trx-powerbag\/"},"modified":"2025-12-18T09:22:27","modified_gmt":"2025-12-18T08:22:27","slug":"trx-powerbag","status":"publish","type":"product","link":"https:\/\/fysiolab.dk\/no\/product\/trx-powerbag\/","title":{"rendered":"TRX Powerbag"},"content":{"rendered":"<h2><strong>TRX Powerbag<\/strong><\/h2>\n<p><em>NYHET fra TRX Training - powerbag\/sandbag med vekter fra <strong>4,5 kg til 22,6 kg.<\/strong><\/em><\/p>\n<p>Et treningssenter er ikke komplett uten en powerbag, er det vel?<\/p>\n<p><strong>TRX Powerbag<\/strong> best\u00e5r av et slitesterkt vinyltrekk og en beskyttet indre kjerne av sand. Den er laget med tredobbelte s\u00f8mmer, noe som gj\u00f8r den ekstra sterk, slik at du ikke plutselig st\u00e5r med en sandkasse under deg fordi den har g\u00e5tt i stykker. <\/p>\n<p>L\u00f8ft, trekk, dytt, sving, kast - og f\u00e5 opp pulsen og bygg styrke med et flott treningsapparat.<\/p>\n<p>Et flott treningsredskap n\u00e5r du vil trene med vekter. B\u00e6r den rundt halsen, l\u00f8ft den med utstrakt arm, dra den over bakken. Den kan holde til mye! Legg vekt p\u00e5 kneb\u00f8y og mange andre styrke\u00f8velser.   <\/p>\n<p><strong>Detaljer<\/strong>:<\/p>\n<ul>\n<li>Vannavvisende vinyltrekk<\/li>\n<li>Trippels\u00f8m gj\u00f8r den ekstra slitesterk og motstandsdyktig<\/li>\n<li>7 h\u00e5ndtak plassert p\u00e5 ulike steder gir uendelige muligheter for varierte \u00f8velser\/trenings\u00f8kter<\/li>\n<li>Tilgjengelig i 4 forskjellige vektklasser<\/li>\n<li>1 \u00e5rs garanti<\/li>\n<\/ul>\n","protected":false},"excerpt":{"rendered":"<p>Nytt fra TRX Training: <strong>TRX Powerbag<\/strong>. En solid powerbag med ulike vekter som t\u00e5ler selv de t\u00f8ffeste trenings\u00f8ktene. Et virkelig funksjonelt treningsredskap som kan brukes til mange forskjellige \u00f8velser - l\u00f8ft, dytting, trekking, sving, kast m.m. Fin finish og gode h\u00e5ndtak. Tilgjengelig fra 4,5 kg til 27 kg.    <\/p>\n","protected":false},"featured_media":81442,"comment_status":"closed","ping_status":"closed","template":"","meta":{"_acf_changed":false},"product_brand":[],"product_cat":[1937,1945,2211,2212,2610],"product_tag":[2214],"class_list":{"0":"post-81430","1":"product","2":"type-product","3":"status-publish","4":"has-post-thumbnail","6":"product_cat-merkevarer","7":"product_cat-treningsutstyr","8":"product_cat-trx-no","9":"product_cat-trx-no-2","10":"product_cat-trx-treningsutstyr","11":"product_tag-trx-no","12":"product_shipping_class-dropshipping-no","14":"first","15":"instock","16":"taxable","17":"shipping-taxable","18":"purchasable","19":"product-type-variable"},"acf":[],"_links":{"self":[{"href":"https:\/\/fysiolab.dk\/no\/wp-json\/wp\/v2\/product\/81430","targetHints":{"allow":["GET"]}}],"collection":[{"href":"https:\/\/fysiolab.dk\/no\/wp-json\/wp\/v2\/product"}],"about":[{"href":"https:\/\/fysiolab.dk\/no\/wp-json\/wp\/v2\/types\/product"}],"replies":[{"embeddable":true,"href":"https:\/\/fysiolab.dk\/no\/wp-json\/wp\/v2\/comments?post=81430"}],"wp:featuredmedia":[{"embeddable":true,"href":"https:\/\/fysiolab.dk\/no\/wp-json\/wp\/v2\/media\/81442"}],"wp:attachment":[{"href":"https:\/\/fysiolab.dk\/no\/wp-json\/wp\/v2\/media?parent=81430"}],"wp:term":[{"taxonomy":"product_brand","embeddable":true,"href":"https:\/\/fysiolab.dk\/no\/wp-json\/wp\/v2\/product_brand?post=81430"},{"taxonomy":"product_cat","embeddable":true,"href":"https:\/\/fysiolab.dk\/no\/wp-json\/wp\/v2\/product_cat?post=81430"},{"taxonomy":"product_tag","embeddable":true,"href":"https:\/\/fysiolab.dk\/no\/wp-json\/wp\/v2\/product_tag?post=81430"}],"curies":[{"name":"wp","href":"https:\/\/api.w.org\/{rel}","templated":true}]}}