{"id":81431,"date":"2023-07-16T12:59:15","date_gmt":"2023-07-16T10:59:15","guid":{"rendered":"https:\/\/fysiolab.dk\/product\/anodyne-posture-shirt-2-0-for-kvinner-hvit\/"},"modified":"2025-12-18T09:22:27","modified_gmt":"2025-12-18T08:22:27","slug":"anodyne-posture-shirt-2-0-for-kvinner-hvit","status":"publish","type":"product","link":"https:\/\/fysiolab.dk\/no\/product\/anodyne-posture-shirt-2-0-for-kvinner-hvit\/","title":{"rendered":"Anodyne Posture Shirt 2.0 for kvinner (hvit)"},"content":{"rendered":"<p><img decoding=\"async\" src=\"https:\/\/pxl.host\/kk61c8z7zxwa00awmf.png\" alt=\"\" width=\"0\" height=\"0\" title=\"\">Lider du av smerter eller spenninger i rygg, nakke eller skuldre? Da kan dette produktet v\u00e6re l\u00f8sningen for deg. Dette er ingen vanlig T-skjorte: Anodyne\u00ae Posture Shirt 2.0 er en holdningskorrigerende skjorte som er patentert, registrert som medisinsk utstyr og har, som den eneste i sitt slag, en dokumentert effekt p\u00e5 smerter og spenninger.<\/p>\n<h4>Fordeler:<\/h4>\n<ul>\n<li>Oppn\u00e5 bedre kroppsholdning<\/li>\n<li>Aktiverer og stimulerer musklene<\/li>\n<li>Kan redusere smerter i nakke, skuldre og rygg<\/li>\n<li>Dokumentert effekt og medisinsk registrert<\/li>\n<\/ul>\n<p>Forbedre holdningen din med den popul\u00e6re Women&#8217;s Posture Shirt\u2122 2.0 for kvinner, som gir st\u00f8tte og avlastning uansett om du er stillesittende eller aktiv. Women&#8217;s Posture Shirt\u2122 2.0 er designet med den patenterte NeuroBand\u2122-teknologien som aktiverer og stimulerer musklene dine. Anodyne Posture Shirt\u2122 2.0 har dokumentert effekt og er CE-merket som medisinsk utstyr.  <\/p>\n<h4>Medisinsk registrert holdningskl\u00e6r<\/h4>\n<p>De holdningskorrigerende kl\u00e6rne du finner hos Anodyne.dk, er CE-merket som medisinsk utstyr. Dette sikrer at vi overholder EU-lovgivningen for medisinsk utstyr og kravene til milj\u00f8, helse og sikkerhet. CE-merket er din garanti for at produktene v\u00e5re oppfyller kravene til medisinsk utstyr.  <\/p>\n<h4>Aktiverer og stimulerer musklene<\/h4>\n<p>Anodyne Posture Shirt 2.0 for kvinner kan brukes n\u00e5r som helst; n\u00e5r du trener, jobber, handler, g\u00e5r tur, reiser, gj\u00f8r rent eller gj\u00f8r andre aktiviteter. Designet st\u00f8tter, aktiverer og stimulerer rygg- og skuldermuskulaturen for \u00e5 fremme en bedre holdning. For personer med fysiske problemer kan skjorten gi mer fokus p\u00e5 holdningen under aktiviteter, og bidra til \u00e5 avlaste det utsatte omr\u00e5det.  <\/p>\n<h4>Bruk Posture Shirt n\u00e5r som helst<\/h4>\n<p>Anodyne Posture Shirt 2.0 kan brukes n\u00e5r som helst og hvor som helst. Den l\u00e5ser ikke kroppen din. Du kan derfor bevege deg fritt og fortsette \u00e5 gj\u00f8re det hverdagen byr p\u00e5. Skjorten m\u00e5 sitte tett for \u00e5 ha \u00f8nsket effekt. Anodyne anbefaler at du bruker Posture Shirt 2.0 i \u00e9n time den f\u00f8rste uken. Dette vil gradvis endre holdningen din og stimulere de interaktive musklene. Etter det kan du \u00f8ke etter eget \u00f8nske.      <\/p>\n","protected":false},"excerpt":{"rendered":"<p><strong>B\u00e5de danske og amerikanske studier viser at Anodyne Posture Shirt\u2122 2.0 har den \u00f8nskede effekten med \u00e5 forbedre holdningen, noe som kan redusere smerter og spenninger i nakke, skuldre og rygg.<\/strong><\/p>\n<p><strong>St\u00f8rrelsesguide<\/strong><strong>:<\/strong><strong>M\u00e5l omkretsen som vist i videoen + bruk kroppsvekten din (se guide)<\/strong><\/p>\n<p>https:\/\/www.youtube.com\/watch?v=PvHfgwidvds<\/p>\n","protected":false},"featured_media":81445,"comment_status":"closed","ping_status":"closed","template":"","meta":{"_acf_changed":false},"product_brand":[3101],"product_cat":[2461,2462,2463,2020,1966,1937],"product_tag":[2464],"class_list":{"0":"post-81431","1":"product","2":"type-product","3":"status-publish","4":"has-post-thumbnail","6":"product_brand-anodyne","7":"product_cat-anodyne-no","8":"product_cat-anodyne-no-2","9":"product_cat-holdningskorrigerende-klaer","10":"product_cat-julegaveideer-no","11":"product_cat-klaer","12":"product_cat-merkevarer","13":"product_tag-anodyne-no","15":"first","16":"instock","17":"taxable","18":"shipping-taxable","19":"purchasable","20":"product-type-variable"},"acf":[],"_links":{"self":[{"href":"https:\/\/fysiolab.dk\/no\/wp-json\/wp\/v2\/product\/81431","targetHints":{"allow":["GET"]}}],"collection":[{"href":"https:\/\/fysiolab.dk\/no\/wp-json\/wp\/v2\/product"}],"about":[{"href":"https:\/\/fysiolab.dk\/no\/wp-json\/wp\/v2\/types\/product"}],"replies":[{"embeddable":true,"href":"https:\/\/fysiolab.dk\/no\/wp-json\/wp\/v2\/comments?post=81431"}],"wp:featuredmedia":[{"embeddable":true,"href":"https:\/\/fysiolab.dk\/no\/wp-json\/wp\/v2\/media\/81445"}],"wp:attachment":[{"href":"https:\/\/fysiolab.dk\/no\/wp-json\/wp\/v2\/media?parent=81431"}],"wp:term":[{"taxonomy":"product_brand","embeddable":true,"href":"https:\/\/fysiolab.dk\/no\/wp-json\/wp\/v2\/product_brand?post=81431"},{"taxonomy":"product_cat","embeddable":true,"href":"https:\/\/fysiolab.dk\/no\/wp-json\/wp\/v2\/product_cat?post=81431"},{"taxonomy":"product_tag","embeddable":true,"href":"https:\/\/fysiolab.dk\/no\/wp-json\/wp\/v2\/product_tag?post=81431"}],"curies":[{"name":"wp","href":"https:\/\/api.w.org\/{rel}","templated":true}]}}