{"id":81452,"date":"2023-07-16T12:59:15","date_gmt":"2023-07-16T10:59:15","guid":{"rendered":"https:\/\/fysiolab.dk\/product\/trx-rocker-foamroller-66-cm\/"},"modified":"2025-12-18T09:22:27","modified_gmt":"2025-12-18T08:22:27","slug":"trx-rocker-foamroller-66-cm","status":"publish","type":"product","link":"https:\/\/fysiolab.dk\/no\/product\/trx-rocker-foamroller-66-cm\/","title":{"rendered":"TRX Rocker Foamroller 66 cm"},"content":{"rendered":"<h2><strong>TRX Rocker\u00ae Foamroller - 66 cm  <\/strong><\/h2>\n<p>Rock. Ikke rull. <\/p>\n<p>TRX Rocker\u00ae er en unik foam roller utviklet av TRX Training. Den setter en ny standard for skumrulling og er den eneste i sitt slag som benytter en spesiell m\u00e5te \u00e5 rulle p\u00e5 - rocking. Det er en sv\u00e6rt effektiv m\u00e5te \u00e5 l\u00f8sne \u00f8mme og stive muskler p\u00e5, \u00f8ke blodgjennomstr\u00f8mningen og sirkulasjonen i vevet og generelt oppn\u00e5 en avslappet kropp og kick-starte restitusjonen.  <\/p>\n<p>TRX Rocker\u00ae har en s\u00e6regen design med tre intensitetsniv\u00e5er, som hver er ideelle for spesifikke m\u00e5ter \u00e5 utf\u00f8re myofascial release p\u00e5.<\/p>\n<p>Foamroll n\u00e5r du vil, hvor du vil - og gi kroppen og musklene de beste forutsetningene for \u00e5 l\u00f8sne opp slik at du holder deg mobil og komfortabel. Klar for din neste trenings\u00f8kt. <\/p>\n<h3><strong>3 intensitetsniv\u00e5er i \u00e9n skumrulle<\/strong><\/h3>\n<ul>\n<li><strong>Sone med lav intensitet<\/strong>: Her kan du l\u00f8sne opp \u00f8mme muskler med lett massasje. Bra for sv\u00e6rt \u00f8mme omr\u00e5der og avslapningsteknikker <\/li>\n<li><strong>Sone med middels intensitet<\/strong>: H\u00f8yere tetthet og h\u00f8yere riller for en dypere muskelmassasje<\/li>\n<li><strong>H\u00f8yintensitetssone<\/strong>: THE EDGE, et omr\u00e5de som er spesielt utviklet for \u00e5 treffe omr\u00e5der som kan v\u00e6re vanskelige \u00e5 n\u00e5 med en vanlig rund skumrulle, eller der du opplever spesielt \u00f8mme triggerpunkter<\/li>\n<\/ul>\n<p>TRX Rocker\u00ae er testet for \u00e5 t\u00e5le en brukervekt p\u00e5 opptil 158 kg.<\/p>\n","protected":false},"excerpt":{"rendered":"<p><strong>TRX Rocker Foamroller<\/strong> er den nyeste generasjonen av skumruller. Rock, Don&#8217;t Roll p\u00e5 denne spesielle skumrullen med 3 intensitetssoner i \u00e9n. Denne lange versjonen er 66 cm lang og egner seg ogs\u00e5 ypperlig til helkroppsmassasje.  <\/p>\n","protected":false},"featured_media":81454,"comment_status":"closed","ping_status":"closed","template":"","meta":{"_acf_changed":false},"product_brand":[],"product_cat":[1937,1945,2211,2212,2610],"product_tag":[2214],"class_list":{"0":"post-81452","1":"product","2":"type-product","3":"status-publish","4":"has-post-thumbnail","6":"product_cat-merkevarer","7":"product_cat-treningsutstyr","8":"product_cat-trx-no","9":"product_cat-trx-no-2","10":"product_cat-trx-treningsutstyr","11":"product_tag-trx-no","12":"product_shipping_class-dropshipping-no","14":"first","15":"instock","16":"taxable","17":"shipping-taxable","18":"purchasable","19":"product-type-simple"},"acf":[],"_links":{"self":[{"href":"https:\/\/fysiolab.dk\/no\/wp-json\/wp\/v2\/product\/81452","targetHints":{"allow":["GET"]}}],"collection":[{"href":"https:\/\/fysiolab.dk\/no\/wp-json\/wp\/v2\/product"}],"about":[{"href":"https:\/\/fysiolab.dk\/no\/wp-json\/wp\/v2\/types\/product"}],"replies":[{"embeddable":true,"href":"https:\/\/fysiolab.dk\/no\/wp-json\/wp\/v2\/comments?post=81452"}],"wp:featuredmedia":[{"embeddable":true,"href":"https:\/\/fysiolab.dk\/no\/wp-json\/wp\/v2\/media\/81454"}],"wp:attachment":[{"href":"https:\/\/fysiolab.dk\/no\/wp-json\/wp\/v2\/media?parent=81452"}],"wp:term":[{"taxonomy":"product_brand","embeddable":true,"href":"https:\/\/fysiolab.dk\/no\/wp-json\/wp\/v2\/product_brand?post=81452"},{"taxonomy":"product_cat","embeddable":true,"href":"https:\/\/fysiolab.dk\/no\/wp-json\/wp\/v2\/product_cat?post=81452"},{"taxonomy":"product_tag","embeddable":true,"href":"https:\/\/fysiolab.dk\/no\/wp-json\/wp\/v2\/product_tag?post=81452"}],"curies":[{"name":"wp","href":"https:\/\/api.w.org\/{rel}","templated":true}]}}