{"id":81471,"date":"2023-07-16T12:59:15","date_gmt":"2023-07-16T10:59:15","guid":{"rendered":"https:\/\/fysiolab.dk\/product\/trx-tactical-gym\/"},"modified":"2025-12-18T09:22:27","modified_gmt":"2025-12-18T08:22:27","slug":"trx-tactical-gym","status":"publish","type":"product","link":"https:\/\/fysiolab.dk\/no\/product\/trx-tactical-gym\/","title":{"rendered":"TRX Tactical Gym"},"content":{"rendered":"<h2>TRX Tactical Suspension Trainer<\/h2>\n<p>Dette er den mest allsidige og robuste TRX Suspension Trainer p\u00e5 markedet. TRX Tactical Gym gir deg en rask og effektiv trenings\u00f8kt som utvikler funksjonell styrke ved \u00e5 engasjere muskelkjedene du bruker hver dag i jobben, idretten eller dagliglivet. <\/p>\n<p><strong>12 ukers treningsprogram for progressiv taktisk kondisjonstrening:<\/strong><\/p>\n<p>I det gratis treningsprogrammet som f\u00f8lger med, har vi gjort alt vi kan for \u00e5 gi deg et sv\u00e6rt nyttig TRX-treningsprogram.<\/p>\n<p>Fokuset ligger naturligvis p\u00e5 \u00e5 trene styrke, bevegelighet, kondisjon og fleksibilitet, og det er definitivt det mest avanserte treningsprogrammet fra <a href=\"https:\/\/www.trxtraining.com\" target=\"_blank\" rel=\"noopener noreferrer\">TRX Training<\/a> noensinne. Programmet er delt inn i 3 faser. Hver fase best\u00e5r av fire uker med fire trenings\u00f8kter per uke. Hver trenings\u00f8kt begynner med en mobilitetsmodul, som bidrar til \u00e5 \u00f8ke og forbedre din funksjonelle beredskap.   <\/p>\n<h3><strong>TRX Tactical Gym inkluderer<\/strong><strong><\/p>\n<p><\/strong><\/h3>\n<ul>\n<li><strong>TRX Tactical Suspension Trainer med<\/strong>formst\u00f8pte gummih\u00e5ndtak<\/li>\n<li><strong>TRX Suspension Anchor<\/strong>: Sett opp TRX hvor som helst.<\/li>\n<li><strong>TRX Extender Strap:<\/strong> Har du et h\u00f8yt, brukbart ankerpunkt eller muligheten til \u00e5 montere p\u00e5 et st\u00f8rre, vertikalt sted? Forlengerstroppen gir deg flere muligheter til \u00e5 sette opp TRX-en din, ettersom den utvider forankringsmulighetene dine. <\/li>\n<li><strong>TRX-d\u00f8ranker:<\/strong> Har du bare mulighet til \u00e5 montere TRX i en d\u00f8r? Ikke noe problem - lag enkelt et opphengspunkt med TRX Door Anchor <\/li>\n<li><strong>TRX l\u00f8peveske i netting:<\/strong> Ta med deg Suspension Trainer i den medf\u00f8lgende l\u00f8pevesken i mesh. Stilig ryggsekk med mange lommer for utstyr, telefon, ID osv. <\/li>\n<li><strong>TRX Force-appen:<\/strong> Den absolutte fordelen med \u00e5 kj\u00f8pe TRX Tactical Gym er definitivt det 12-ukers treningsprogrammet du f\u00e5r tilgang til via en app p\u00e5 telefonen eller iPad\/nettbrettet ditt. Fokusert p\u00e5 \u00e5 utvikle deg som TRX-ut\u00f8ver, gj\u00f8re deg sterkere og i bedre form. Unik kode som f\u00f8lger med i ditt originale TRX Suspension Trainer-sett.  <\/li>\n<\/ul>\n","protected":false},"excerpt":{"rendered":"<p><strong>TRX Tactical Gym<\/strong> er utviklet med tanke p\u00e5 de fysiske kravene som stilles i milit\u00e6ret. Settet inneholder en app for mobile enheter der du finner et 12-ukers treningsprogram og mange \u00f8velser for TRX Suspension Training <\/p>\n","protected":false},"featured_media":81473,"comment_status":"closed","ping_status":"closed","template":"","meta":{"_acf_changed":false},"product_brand":[],"product_cat":[1937,1945,2211,2212,2213],"product_tag":[2214],"class_list":{"0":"post-81471","1":"product","2":"type-product","3":"status-publish","4":"has-post-thumbnail","6":"product_cat-merkevarer","7":"product_cat-treningsutstyr","8":"product_cat-trx-no","9":"product_cat-trx-no-2","10":"product_cat-trx-slyngetrening","11":"product_tag-trx-no","12":"product_shipping_class-dropshipping-no","14":"first","15":"instock","16":"sale","17":"taxable","18":"shipping-taxable","19":"purchasable","20":"product-type-simple"},"acf":[],"_links":{"self":[{"href":"https:\/\/fysiolab.dk\/no\/wp-json\/wp\/v2\/product\/81471","targetHints":{"allow":["GET"]}}],"collection":[{"href":"https:\/\/fysiolab.dk\/no\/wp-json\/wp\/v2\/product"}],"about":[{"href":"https:\/\/fysiolab.dk\/no\/wp-json\/wp\/v2\/types\/product"}],"replies":[{"embeddable":true,"href":"https:\/\/fysiolab.dk\/no\/wp-json\/wp\/v2\/comments?post=81471"}],"wp:featuredmedia":[{"embeddable":true,"href":"https:\/\/fysiolab.dk\/no\/wp-json\/wp\/v2\/media\/81473"}],"wp:attachment":[{"href":"https:\/\/fysiolab.dk\/no\/wp-json\/wp\/v2\/media?parent=81471"}],"wp:term":[{"taxonomy":"product_brand","embeddable":true,"href":"https:\/\/fysiolab.dk\/no\/wp-json\/wp\/v2\/product_brand?post=81471"},{"taxonomy":"product_cat","embeddable":true,"href":"https:\/\/fysiolab.dk\/no\/wp-json\/wp\/v2\/product_cat?post=81471"},{"taxonomy":"product_tag","embeddable":true,"href":"https:\/\/fysiolab.dk\/no\/wp-json\/wp\/v2\/product_tag?post=81471"}],"curies":[{"name":"wp","href":"https:\/\/api.w.org\/{rel}","templated":true}]}}