{"id":81482,"date":"2023-07-16T12:59:15","date_gmt":"2023-07-16T10:59:15","guid":{"rendered":"https:\/\/fysiolab.dk\/product\/trx-burn\/"},"modified":"2025-12-18T09:22:27","modified_gmt":"2025-12-18T08:22:27","slug":"trx-burn","status":"publish","type":"product","link":"https:\/\/fysiolab.dk\/no\/product\/trx-burn\/","title":{"rendered":"TRX Burn"},"content":{"rendered":"<h2>TRX Burn<\/h2>\n<p>Den klassiske TRX Suspension Trainer i gult. Den har de klassiske neoprenh\u00e5ndtakene og de klassiske fotstroppene som har en fast innstilling. <\/p>\n<h3><strong>TRX Burn System inneholder:<\/strong><\/h3>\n<ul>\n<li>TRX Burn Suspension Trainer<\/li>\n<li>Av Anchor<\/li>\n<li>Opphengsanker<\/li>\n<li>B\u00e6repose i netting<\/li>\n<li>Plakat med inspirasjon til TRX-trening<\/li>\n<li>3 m\u00e5neders tilgang til TRX-appen<\/li>\n<\/ul>\n<p>&nbsp;<\/p>\n<p>N\u00e5r du trener med TRX Suspension Trainer, jobber du utelukkende med din egen kroppsvekt. Dette gj\u00f8r TRX Suspension Trainer til det perfekte valget for deg som \u00f8nsker \u00e5 bygge opp fleksibilitet, styrke og utholdenhet, rehabilitere deg etter en skade, er nybegynner, er begrenset av skader eller noe helt annet. <\/p>\n<p>Bli sterkere fra kjernen og ut, og bygg grunnlaget for en sterk og spenstig kropp. Jobb med smidighet og balanse, og oppretthold et godt fundament for \u00e5 holde deg sterk og stabil gjennom hele livet. <\/p>\n<p>Alternativ til TRX Burn: Hvis du er p\u00e5 utkikk etter en <strong><a href=\"https:\/\/fysiolab.dk\/no\/product\/trx-home-2\/\">god trx for hjemmetrening, kan du ogs\u00e5 sjekke ut TRX Home 2.<\/a><\/strong><\/p>\n","protected":false},"excerpt":{"rendered":"<p><strong>TRX Burn<\/strong> er den helt gule TRX Suspension Trainer som du kan ta med deg overalt. Den leveres med neoprenh\u00e5ndtak, opphengsanker og d\u00f8ranker. Du f\u00e5r en treningsplakat og 3 m\u00e5neders gratis bruk av TRX-appen.  <\/p>\n","protected":false},"featured_media":81495,"comment_status":"closed","ping_status":"closed","template":"","meta":{"_acf_changed":false},"product_brand":[],"product_cat":[1937,1945,2211,2212,2213],"product_tag":[2214],"class_list":{"0":"post-81482","1":"product","2":"type-product","3":"status-publish","4":"has-post-thumbnail","6":"product_cat-merkevarer","7":"product_cat-treningsutstyr","8":"product_cat-trx-no","9":"product_cat-trx-no-2","10":"product_cat-trx-slyngetrening","11":"product_tag-trx-no","12":"product_shipping_class-dropshipping-no","14":"first","15":"instock","16":"taxable","17":"shipping-taxable","18":"purchasable","19":"product-type-simple"},"acf":[],"_links":{"self":[{"href":"https:\/\/fysiolab.dk\/no\/wp-json\/wp\/v2\/product\/81482","targetHints":{"allow":["GET"]}}],"collection":[{"href":"https:\/\/fysiolab.dk\/no\/wp-json\/wp\/v2\/product"}],"about":[{"href":"https:\/\/fysiolab.dk\/no\/wp-json\/wp\/v2\/types\/product"}],"replies":[{"embeddable":true,"href":"https:\/\/fysiolab.dk\/no\/wp-json\/wp\/v2\/comments?post=81482"}],"wp:featuredmedia":[{"embeddable":true,"href":"https:\/\/fysiolab.dk\/no\/wp-json\/wp\/v2\/media\/81495"}],"wp:attachment":[{"href":"https:\/\/fysiolab.dk\/no\/wp-json\/wp\/v2\/media?parent=81482"}],"wp:term":[{"taxonomy":"product_brand","embeddable":true,"href":"https:\/\/fysiolab.dk\/no\/wp-json\/wp\/v2\/product_brand?post=81482"},{"taxonomy":"product_cat","embeddable":true,"href":"https:\/\/fysiolab.dk\/no\/wp-json\/wp\/v2\/product_cat?post=81482"},{"taxonomy":"product_tag","embeddable":true,"href":"https:\/\/fysiolab.dk\/no\/wp-json\/wp\/v2\/product_tag?post=81482"}],"curies":[{"name":"wp","href":"https:\/\/api.w.org\/{rel}","templated":true}]}}