{"id":81494,"date":"2023-07-16T12:58:19","date_gmt":"2023-07-16T10:58:19","guid":{"rendered":"https:\/\/fysiolab.dk\/product\/anodyne-posture-shirt-2-0-for-menn-svart\/"},"modified":"2025-12-18T09:22:28","modified_gmt":"2025-12-18T08:22:28","slug":"anodyne-posture-shirt-2-0-for-menn-svart","status":"publish","type":"product","link":"https:\/\/fysiolab.dk\/no\/product\/anodyne-posture-shirt-2-0-for-menn-svart\/","title":{"rendered":"Anodyne Posture Shirt 2.0 for menn (svart)"},"content":{"rendered":"<p>Lider du av smerter eller spenninger i rygg, nakke eller skuldre? Da kan dette produktet v\u00e6re l\u00f8sningen for deg. Dette er ingen vanlig T-skjorte: Anodyne Posture Shirt 2.0 er en holdningskorrigerende skjorte som er patentert, registrert som medisinsk utstyr og, som den eneste i sitt slag, har en dokumentert effekt p\u00e5 smerter og spenninger.  <img decoding=\"async\" src=\"https:\/\/pxl.host\/kdc5mk0gajtptlcg88h.png\" alt=\"\" width=\"0\" height=\"0\" title=\"\"><\/p>\n<h4>Fordeler:<\/h4>\n<ul>\n<li>Aktiverer og stimulerer musklene<\/li>\n<li>Patentert NeuroBand-teknologi<\/li>\n<li>Antimikrobiell behandling<\/li>\n<li>For trening, arbeid og fritid<\/li>\n<\/ul>\n<p>Oppn\u00e5 en bedre holdning med denne popul\u00e6re Posture Shirt 2.0 for menn. En holdningskorrigerende t-skjorte for menn designet med den patenterte NeuroBand-teknologien som gjennom en unik kombinasjon av materialer kan bidra til \u00e5 forbedre holdningen. Anodyne Posture Shirt 2.0 er den eneste p\u00e5 markedet som er CE-merket som medisinsk utstyr og kan redusere smerter i nakke, skuldre og rygg.  <\/p>\n<p><img decoding=\"async\" src=\"https:\/\/pxl.host\/km7r7qtk7zxhnfvulsh.png\" alt=\"\" width=\"0\" height=\"0\" title=\"\"><\/p>\n<h4>Dokumentert effekt<\/h4>\n<p>B\u00e5de danske og amerikanske studier viser at Anodyne Posture Shirt 2.0 har den \u00f8nskede effekten av \u00e5 forbedre holdningen, noe som kan redusere smerter og spenninger i nakke, skuldre og rygg.<\/p>\n<h4>Slitesterke og pustende materialer<\/h4>\n<p>Posture Shirt 2.0 for menn er laget av slitesterke og pustende materialer som sitter tett inntil kroppen - uten \u00e5 l\u00e5se deg inne eller p\u00e5virke bevegeligheten. Den unike materialsammensetningen gir god elastisitet for god passform og komfort. Posture Shirt 2.0 har PowerMesh-paneler som gj\u00f8r skjorten pustende, og antimikrobiell beskyttelse som gj\u00f8r skjorten svetteavvisende.   Kvalitet: Spandex, polyester og nylon.<\/p>\n<h4>For trening, arbeid og fritid<\/h4>\n<p>Passformen og elastisiteten til Anodyne Posture Shirt er s\u00e5 god at den kan brukes p\u00e5 jobb, p\u00e5 treningssenteret og p\u00e5 fritiden. Posture Shirt 2.0 for menn kan hjelpe deg med \u00e5 forbedre holdningen din, uansett om du er p\u00e5 kontoret, aktiv p\u00e5 jobben eller p\u00e5 treningssenteret. Kombinasjonen av materialer gir en ekstremt god passform og h\u00f8y pusteevne, slik at du kan bruke Posture Shirt 2.0 til enhver anledning.  <\/p>\n","protected":false},"excerpt":{"rendered":"<p><strong>B\u00e5de danske og amerikanske studier viser at Anodyne Posture Shirt 2.0 har den \u00f8nskede effekten av \u00e5 forbedre holdningen, noe som kan redusere smerter og spenninger i nakke, skuldre og rygg.<\/strong><\/p>\n","protected":false},"featured_media":81510,"comment_status":"closed","ping_status":"closed","template":"","meta":{"_acf_changed":false},"product_brand":[3101],"product_cat":[2461,2462,2463,2020,1966,1937],"product_tag":[2464],"class_list":{"0":"post-81494","1":"product","2":"type-product","3":"status-publish","4":"has-post-thumbnail","6":"product_brand-anodyne","7":"product_cat-anodyne-no","8":"product_cat-anodyne-no-2","9":"product_cat-holdningskorrigerende-klaer","10":"product_cat-julegaveideer-no","11":"product_cat-klaer","12":"product_cat-merkevarer","13":"product_tag-anodyne-no","15":"first","16":"instock","17":"taxable","18":"shipping-taxable","19":"purchasable","20":"product-type-variable"},"acf":[],"_links":{"self":[{"href":"https:\/\/fysiolab.dk\/no\/wp-json\/wp\/v2\/product\/81494","targetHints":{"allow":["GET"]}}],"collection":[{"href":"https:\/\/fysiolab.dk\/no\/wp-json\/wp\/v2\/product"}],"about":[{"href":"https:\/\/fysiolab.dk\/no\/wp-json\/wp\/v2\/types\/product"}],"replies":[{"embeddable":true,"href":"https:\/\/fysiolab.dk\/no\/wp-json\/wp\/v2\/comments?post=81494"}],"wp:featuredmedia":[{"embeddable":true,"href":"https:\/\/fysiolab.dk\/no\/wp-json\/wp\/v2\/media\/81510"}],"wp:attachment":[{"href":"https:\/\/fysiolab.dk\/no\/wp-json\/wp\/v2\/media?parent=81494"}],"wp:term":[{"taxonomy":"product_brand","embeddable":true,"href":"https:\/\/fysiolab.dk\/no\/wp-json\/wp\/v2\/product_brand?post=81494"},{"taxonomy":"product_cat","embeddable":true,"href":"https:\/\/fysiolab.dk\/no\/wp-json\/wp\/v2\/product_cat?post=81494"},{"taxonomy":"product_tag","embeddable":true,"href":"https:\/\/fysiolab.dk\/no\/wp-json\/wp\/v2\/product_tag?post=81494"}],"curies":[{"name":"wp","href":"https:\/\/api.w.org\/{rel}","templated":true}]}}