{"id":81503,"date":"2023-07-16T12:59:15","date_gmt":"2023-07-16T10:59:15","guid":{"rendered":"https:\/\/fysiolab.dk\/product\/trx-move\/"},"modified":"2025-12-18T09:22:26","modified_gmt":"2025-12-18T08:22:26","slug":"trx-move","status":"publish","type":"product","link":"https:\/\/fysiolab.dk\/no\/product\/trx-move\/","title":{"rendered":"TRX Move"},"content":{"rendered":"<p><strong>TRX Move <\/strong>er den minste og letteste Suspension Trainer. TRX Move er en lett, enkel Suspension Trainer med den samme originale kvaliteten, laget av de sterke materialene du kjenner og med alle de nyttige funksjonene. <\/p>\n<p>Den er rask og enkel \u00e5 sette opp hvor som helst. Det betyr at du p\u00e5 mindre enn ett minutt er klar for en intens trenings\u00f8kt som raskt vil f\u00e5 deg i god form. <\/p>\n<p>Som inspirasjon til treningen f\u00e5r du med deg en treningsplakat og 6 digitale trenings\u00f8kter som du kan laste ned og ta med deg. TRX Move er s\u00e5 enkel \u00e5 ta med seg fordi den tar nesten ingen plass. <\/p>\n<p>Pakken inneholder:<\/p>\n<ul>\n<li>TRX Move Suspension Trainer<\/li>\n<li>TRX Suspension Anchor<\/li>\n<li>TRX-d\u00f8ranker<\/li>\n<li>1 TRX-treningsplakat med 2 trenings\u00f8kter. Du kan henge plakaten p\u00e5 veggen eller ta den med deg <\/li>\n<li>Nettingpose for \u00e5 holde alt sammen<\/li>\n<li>6 digitale trenings\u00f8kter du kan laste ned og ta med deg.<\/li>\n<\/ul>\n<p>&nbsp;<\/p>\n<p>Kj\u00f8p TRX Move fordi du \u00f8nsker \u00e5 komme i gang med TRX-trening og dra nytte av den gode prisen, eller ha TRX Move som et supplement til din TRX <strong><a href=\"https:\/\/fysiolab.dk\/no\/product\/trx-pro-system-p4\/\" target=\"_self\" rel=\"noopener noreferrer\">TRX PRO<\/a><\/strong>, <strong>TRX Tactical Gym<\/strong> eller lignende, for eksempel n\u00e5r du er p\u00e5 ferie.<\/p>\n","protected":false},"excerpt":{"rendered":"<p>TRX Move er den \"lette\" l\u00f8sningen, perfekt for b\u00e5de reise og hjemmetrening. Tynnere stropper, men samme gode kvalitet. <\/p>\n","protected":false},"featured_media":81518,"comment_status":"closed","ping_status":"open","template":"","meta":{"_acf_changed":false},"product_brand":[],"product_cat":[1937,1945,2211,2212,2213],"product_tag":[2214],"class_list":{"0":"post-81503","1":"product","2":"type-product","3":"status-publish","4":"has-post-thumbnail","6":"product_cat-merkevarer","7":"product_cat-treningsutstyr","8":"product_cat-trx-no","9":"product_cat-trx-no-2","10":"product_cat-trx-slyngetrening","11":"product_tag-trx-no","12":"product_shipping_class-dropshipping-no","14":"first","15":"instock","16":"taxable","17":"shipping-taxable","18":"purchasable","19":"product-type-simple"},"acf":[],"_links":{"self":[{"href":"https:\/\/fysiolab.dk\/no\/wp-json\/wp\/v2\/product\/81503","targetHints":{"allow":["GET"]}}],"collection":[{"href":"https:\/\/fysiolab.dk\/no\/wp-json\/wp\/v2\/product"}],"about":[{"href":"https:\/\/fysiolab.dk\/no\/wp-json\/wp\/v2\/types\/product"}],"replies":[{"embeddable":true,"href":"https:\/\/fysiolab.dk\/no\/wp-json\/wp\/v2\/comments?post=81503"}],"wp:featuredmedia":[{"embeddable":true,"href":"https:\/\/fysiolab.dk\/no\/wp-json\/wp\/v2\/media\/81518"}],"wp:attachment":[{"href":"https:\/\/fysiolab.dk\/no\/wp-json\/wp\/v2\/media?parent=81503"}],"wp:term":[{"taxonomy":"product_brand","embeddable":true,"href":"https:\/\/fysiolab.dk\/no\/wp-json\/wp\/v2\/product_brand?post=81503"},{"taxonomy":"product_cat","embeddable":true,"href":"https:\/\/fysiolab.dk\/no\/wp-json\/wp\/v2\/product_cat?post=81503"},{"taxonomy":"product_tag","embeddable":true,"href":"https:\/\/fysiolab.dk\/no\/wp-json\/wp\/v2\/product_tag?post=81503"}],"curies":[{"name":"wp","href":"https:\/\/api.w.org\/{rel}","templated":true}]}}