{"id":81517,"date":"2023-07-16T12:58:19","date_gmt":"2023-07-16T10:58:19","guid":{"rendered":"https:\/\/fysiolab.dk\/product\/compex-lisser-for-elektroder\/"},"modified":"2025-12-18T09:22:28","modified_gmt":"2025-12-18T08:22:28","slug":"compex-lisser-for-elektroder","status":"publish","type":"product","link":"https:\/\/fysiolab.dk\/no\/product\/compex-lisser-for-elektroder\/","title":{"rendered":"Compex-lisser for elektroder"},"content":{"rendered":"<p>Compex Laces holder elektroder og moduler p\u00e5 plass hvis du \u00f8nsker \u00e5 kombinere funksjonell trening med elektroterapi.<\/p>\n","protected":false},"excerpt":{"rendered":"<p><strong>Compex Laces holder elektroder og moduler p\u00e5 plass hvis du \u00f8nsker \u00e5 kombinere funksjonell trening med elektroterapi.<\/strong><\/p>\n","protected":false},"featured_media":81522,"comment_status":"closed","ping_status":"closed","template":"","meta":{"_acf_changed":false},"product_brand":[3115],"product_cat":[2008,2013,2030,2028,2007,1950,1937,1933,2507],"product_tag":[2019],"class_list":{"0":"post-81517","1":"product","2":"type-product","3":"status-publish","4":"has-post-thumbnail","6":"product_brand-compex","7":"product_cat-compex-no","8":"product_cat-compex-no-2","9":"product_cat-compex-muskelstimulator-no-2","10":"product_cat-compex-elektroder-no-2","11":"product_cat-donjoy-performance-no","12":"product_cat-elektroterapi","13":"product_cat-merkevarer","14":"product_cat-skinner-og-stoetteskinner","15":"product_cat-tilbehoer-no","16":"product_tag-compex-no","18":"first","19":"instock","20":"taxable","21":"shipping-taxable","22":"purchasable","23":"product-type-simple"},"acf":[],"_links":{"self":[{"href":"https:\/\/fysiolab.dk\/no\/wp-json\/wp\/v2\/product\/81517","targetHints":{"allow":["GET"]}}],"collection":[{"href":"https:\/\/fysiolab.dk\/no\/wp-json\/wp\/v2\/product"}],"about":[{"href":"https:\/\/fysiolab.dk\/no\/wp-json\/wp\/v2\/types\/product"}],"replies":[{"embeddable":true,"href":"https:\/\/fysiolab.dk\/no\/wp-json\/wp\/v2\/comments?post=81517"}],"wp:featuredmedia":[{"embeddable":true,"href":"https:\/\/fysiolab.dk\/no\/wp-json\/wp\/v2\/media\/81522"}],"wp:attachment":[{"href":"https:\/\/fysiolab.dk\/no\/wp-json\/wp\/v2\/media?parent=81517"}],"wp:term":[{"taxonomy":"product_brand","embeddable":true,"href":"https:\/\/fysiolab.dk\/no\/wp-json\/wp\/v2\/product_brand?post=81517"},{"taxonomy":"product_cat","embeddable":true,"href":"https:\/\/fysiolab.dk\/no\/wp-json\/wp\/v2\/product_cat?post=81517"},{"taxonomy":"product_tag","embeddable":true,"href":"https:\/\/fysiolab.dk\/no\/wp-json\/wp\/v2\/product_tag?post=81517"}],"curies":[{"name":"wp","href":"https:\/\/api.w.org\/{rel}","templated":true}]}}