{"id":81523,"date":"2023-07-16T12:58:19","date_gmt":"2023-07-16T10:58:19","guid":{"rendered":"https:\/\/fysiolab.dk\/product\/compex-motor-point-pen\/"},"modified":"2025-12-18T09:22:28","modified_gmt":"2025-12-18T08:22:28","slug":"compex-motor-point-pen","status":"publish","type":"product","link":"https:\/\/fysiolab.dk\/no\/product\/compex-motor-point-pen\/","title":{"rendered":"Compex Motor Point Pen"},"content":{"rendered":"<p><span id=\"ctl00_main_ctl00_ctl00_labShortDescription\" class=\"product-short-description-label display-block\">Compex Motor Point-pennen hjelper deg med \u00e5 plassere elektrodene riktig for \u00e5 forbedre stimulering, komfort og effektivitet. Compex-gel er inkludert. Kan brukes med b\u00e5de tr\u00e5dl\u00f8se og kablede enheter.    <\/span><\/p>\n","protected":false},"excerpt":{"rendered":"<p><strong><span id=\"ctl00_main_ctl00_ctl00_labShortDescription\" class=\"product-short-description-label display-block\">Compex Motor Point-pennen hjelper deg med \u00e5 plassere elektrodene riktig for \u00e5 forbedre stimulering, komfort og effektivitet. Compex-gel er inkludert. Kan brukes med b\u00e5de tr\u00e5dl\u00f8se og kablede enheter.    <\/span><\/strong><\/p>\n","protected":false},"featured_media":81525,"comment_status":"closed","ping_status":"closed","template":"","meta":{"_acf_changed":false},"product_brand":[],"product_cat":[2013,2030,2028,1950,1937,2507],"product_tag":[2019],"class_list":{"0":"post-81523","1":"product","2":"type-product","3":"status-publish","4":"has-post-thumbnail","6":"product_cat-compex-no-2","7":"product_cat-compex-muskelstimulator-no-2","8":"product_cat-compex-elektroder-no-2","9":"product_cat-elektroterapi","10":"product_cat-merkevarer","11":"product_cat-tilbehoer-no","12":"product_tag-compex-no","14":"first","15":"instock","16":"taxable","17":"shipping-taxable","18":"purchasable","19":"product-type-simple"},"acf":[],"_links":{"self":[{"href":"https:\/\/fysiolab.dk\/no\/wp-json\/wp\/v2\/product\/81523","targetHints":{"allow":["GET"]}}],"collection":[{"href":"https:\/\/fysiolab.dk\/no\/wp-json\/wp\/v2\/product"}],"about":[{"href":"https:\/\/fysiolab.dk\/no\/wp-json\/wp\/v2\/types\/product"}],"replies":[{"embeddable":true,"href":"https:\/\/fysiolab.dk\/no\/wp-json\/wp\/v2\/comments?post=81523"}],"wp:featuredmedia":[{"embeddable":true,"href":"https:\/\/fysiolab.dk\/no\/wp-json\/wp\/v2\/media\/81525"}],"wp:attachment":[{"href":"https:\/\/fysiolab.dk\/no\/wp-json\/wp\/v2\/media?parent=81523"}],"wp:term":[{"taxonomy":"product_brand","embeddable":true,"href":"https:\/\/fysiolab.dk\/no\/wp-json\/wp\/v2\/product_brand?post=81523"},{"taxonomy":"product_cat","embeddable":true,"href":"https:\/\/fysiolab.dk\/no\/wp-json\/wp\/v2\/product_cat?post=81523"},{"taxonomy":"product_tag","embeddable":true,"href":"https:\/\/fysiolab.dk\/no\/wp-json\/wp\/v2\/product_tag?post=81523"}],"curies":[{"name":"wp","href":"https:\/\/api.w.org\/{rel}","templated":true}]}}