{"id":81554,"date":"2023-07-16T12:57:45","date_gmt":"2023-07-16T10:57:45","guid":{"rendered":"https:\/\/fysiolab.dk\/product\/bosu-balansetrener-for-hjemmebruk\/"},"modified":"2025-12-18T09:22:30","modified_gmt":"2025-12-18T08:22:30","slug":"bosu-balansetrener-for-hjemmebruk","status":"publish","type":"product","link":"https:\/\/fysiolab.dk\/no\/product\/bosu-balansetrener-for-hjemmebruk\/","title":{"rendered":"BOSU balansetrener for hjemmebruk"},"content":{"rendered":"<h2><strong>BOSU\u00ae Home Balance Trainer - inkl. trenings-DVDer <\/strong><\/h2>\n<p>Du kjenner sikkert allerede BOSU\u00ae fra fysioterapeuten eller treningssenteret? Det er den smarte halvkulen som hovedsakelig brukes til alle typer balansetrening. Men visste du at det ogs\u00e5 finnes en versjon for hjemmetrening - BOSU\u00ae Home? Et kraftfullt produkt der du ikke bare kan trene balanse, men ogs\u00e5 styrke kjernemuskulaturen, styrke og trene hele kroppen og utfordre de vanlige rutinene dine med et ustabilt utgangspunkt. Perfekt for deg som vil ha de beste mulighetene for en sterk kropp som takler hverdagens utfordringer.    <\/p>\n<p>Diameteren er den samme, men med hjemmeutgaven f\u00e5r du en rekke ting som er spesielt verdifulle for deg som skal trene p\u00e5 egen h\u00e5nd. Den kommer nemlig med: <\/p>\n<ul>\n<li>En liten h\u00e5ndpumpe - slik at du enkelt kan bl\u00e5se opp halvballen og begynne \u00e5 trene uten \u00e5 m\u00e5tte finne frem en kompressor eller lignende f\u00f8rst.<\/li>\n<li>Treningsplakat med BOSU\u00ae-trenings\u00f8kter, tips og triks<\/li>\n<li>Trenings-DVDer med massevis av treningsinspirasjon<\/li>\n<li>Brukerveiledning<\/li>\n<\/ul>\n<p>&nbsp;<\/p>\n<p><strong>Diameter<\/strong>: ca. 65 cm.<\/p>\n<p><strong>Maksimal brukervekt<\/strong>: ca. 135 kg.<\/p>\n<p><strong>Farge<\/strong>: Lysebl\u00e5 med svart bunn<\/p>\n<p><iframe title=\"Simple BOSU\u00ae Yoga Moves\" width=\"800\" height=\"450\" src=\"https:\/\/www.youtube.com\/embed\/aymiGCFJrKg?feature=oembed\" frameborder=\"0\" allow=\"accelerometer; autoplay; clipboard-write; encrypted-media; gyroscope; picture-in-picture; web-share\" referrerpolicy=\"strict-origin-when-cross-origin\" allowfullscreen><\/iframe><\/p>\n","protected":false},"excerpt":{"rendered":"<p>BOSU\u00ae Home. Tren den effektive BOSU-treningen hjemme med MYE inspirasjon til trenings\u00f8ktene dine p\u00e5 DVD \u2192 Kj\u00f8p den originale BOSU-ballen her.  Diameter: 65 cm. \/ Maks. brukervekt: ca. 135 kg.<\/p>\n","protected":false},"featured_media":81556,"comment_status":"closed","ping_status":"closed","template":"","meta":{"_acf_changed":false},"product_brand":[],"product_cat":[1946,1949,2607,2608,1948,1937,1945],"product_tag":[2609],"class_list":{"0":"post-81554","1":"product","2":"type-product","3":"status-publish","4":"has-post-thumbnail","6":"product_cat-balanse","7":"product_cat-balansetrening","8":"product_cat-bosu-no","9":"product_cat-bosu-no-2","10":"product_cat-klinikk","11":"product_cat-merkevarer","12":"product_cat-treningsutstyr","13":"product_tag-bosu-no","14":"product_shipping_class-dropshipping-no","16":"first","17":"instock","18":"taxable","19":"shipping-taxable","20":"purchasable","21":"product-type-simple"},"acf":[],"_links":{"self":[{"href":"https:\/\/fysiolab.dk\/no\/wp-json\/wp\/v2\/product\/81554","targetHints":{"allow":["GET"]}}],"collection":[{"href":"https:\/\/fysiolab.dk\/no\/wp-json\/wp\/v2\/product"}],"about":[{"href":"https:\/\/fysiolab.dk\/no\/wp-json\/wp\/v2\/types\/product"}],"replies":[{"embeddable":true,"href":"https:\/\/fysiolab.dk\/no\/wp-json\/wp\/v2\/comments?post=81554"}],"wp:featuredmedia":[{"embeddable":true,"href":"https:\/\/fysiolab.dk\/no\/wp-json\/wp\/v2\/media\/81556"}],"wp:attachment":[{"href":"https:\/\/fysiolab.dk\/no\/wp-json\/wp\/v2\/media?parent=81554"}],"wp:term":[{"taxonomy":"product_brand","embeddable":true,"href":"https:\/\/fysiolab.dk\/no\/wp-json\/wp\/v2\/product_brand?post=81554"},{"taxonomy":"product_cat","embeddable":true,"href":"https:\/\/fysiolab.dk\/no\/wp-json\/wp\/v2\/product_cat?post=81554"},{"taxonomy":"product_tag","embeddable":true,"href":"https:\/\/fysiolab.dk\/no\/wp-json\/wp\/v2\/product_tag?post=81554"}],"curies":[{"name":"wp","href":"https:\/\/api.w.org\/{rel}","templated":true}]}}