{"id":81568,"date":"2023-07-16T12:57:45","date_gmt":"2023-07-16T10:57:45","guid":{"rendered":"https:\/\/fysiolab.dk\/product\/bosu-balance-trainer-sport\/"},"modified":"2025-12-18T09:22:30","modified_gmt":"2025-12-18T08:22:30","slug":"bosu-balance-trainer-sport","status":"publish","type":"product","link":"https:\/\/fysiolab.dk\/no\/product\/bosu-balance-trainer-sport\/","title":{"rendered":"BOSU Balance Trainer Sport"},"content":{"rendered":"<h2>BOSU\u00ae Balance Trainer Sport (hjemmetrening og trening for barn)<\/h2>\n<p>Smart neongr\u00f8nn underdel og vakker himmelbl\u00e5 overdel. BOSU\u00ae Sport gj\u00f8r mer enn bare \u00e5 se bra ut. <\/p>\n<p>Du f\u00e5r den velkjente, slitesterke kvaliteten du kjenner fra merket - bare i en litt mindre diameter. 50 centimeter, noe som gj\u00f8r dette til et optimalt treningsredskap for en trenings\u00f8kt hjemme p\u00e5 stuegulvet. Du kan utfordre balansen, trene kjernestyrken og f\u00e5 opp pulsen.  <\/p>\n<p>Det er en mindre versjon av den velkjente <strong><a href=\"https:\/\/www.activeaid.dk\/bosu-home.html\" target=\"_blank\" rel=\"noopener\">BOSU Home Balance Trainer.<\/a><\/strong><\/p>\n<h3>Perfekt for alle treningsniv\u00e5er - og barna elsker de flotte fargene<\/h3>\n<ul>\n<li>Lek med balansen din<\/li>\n<li>Toning og styrking av kroppen<\/li>\n<li>Se forbedringer i bevegelsesferdighetene dine<\/li>\n<li>Tren opp kjernemuskulaturen<\/li>\n<li>F\u00e5 opp pulsen og bygg opp kondisjonen<\/li>\n<li>Tren i flere plan for \u00e5 trene opp kroppen til \u00e5 reagere hensiktsmessig p\u00e5 uventede utfordringer<\/li>\n<\/ul>\n<p>&nbsp;<\/p>\n<h3><strong>Treningsverkt\u00f8y kjent fra fitness og rehabilitering<\/strong><\/h3>\n<p>Du kjenner sikkert allerede til <strong>BOSU\u00ae Balance Trainers <\/strong>- for eksempel i gruppetrening p\u00e5 treningssentre, der den erstatter en stepbenk, eller i fysioterapien, der fysioterapeuter bruker den p\u00e5 flere m\u00e5ter i forbindelse med rehabilitering etter skader, for \u00e5 styrke klientens balanse m.m. Den har eksistert i mange \u00e5r, og du kan stole p\u00e5 kvaliteten. Den er velpr\u00f8vd og velkjent.  <\/p>\n<p>N\u00e5 kan du f\u00e5 en god trenings\u00f8kt hjemme ogs\u00e5.<\/p>\n<p>&nbsp;<\/p>\n<p><strong>Diameter<\/strong>: 50 cm<\/p>\n<p><strong>Maksimal brukervekt<\/strong>: ca. 115 kg.<\/p>\n<p><strong>Valgfritt ekstrautstyr<\/strong>: H\u00e5ndpumpe, som gj\u00f8r det enkelt for deg \u00e5 bl\u00e5se opp halvballen uten kompressor eller lignende.<\/p>\n","protected":false},"excerpt":{"rendered":"<p>BOSU\u00ae Balance Trainer Sport &gt; den minste Bosu-ballen. Smart for barn og hjemmetrening. \"Begge sider opp\". Tren balanse, kjerne, styrke og kondisjon.   <\/p>\n","protected":false},"featured_media":81572,"comment_status":"closed","ping_status":"closed","template":"","meta":{"_acf_changed":false},"product_brand":[],"product_cat":[1946,1949,2607,2608,1948,1937,1945],"product_tag":[2609],"class_list":{"0":"post-81568","1":"product","2":"type-product","3":"status-publish","4":"has-post-thumbnail","6":"product_cat-balanse","7":"product_cat-balansetrening","8":"product_cat-bosu-no","9":"product_cat-bosu-no-2","10":"product_cat-klinikk","11":"product_cat-merkevarer","12":"product_cat-treningsutstyr","13":"product_tag-bosu-no","14":"product_shipping_class-dropshipping-no","16":"first","17":"instock","18":"taxable","19":"shipping-taxable","20":"purchasable","21":"product-type-simple"},"acf":[],"_links":{"self":[{"href":"https:\/\/fysiolab.dk\/no\/wp-json\/wp\/v2\/product\/81568","targetHints":{"allow":["GET"]}}],"collection":[{"href":"https:\/\/fysiolab.dk\/no\/wp-json\/wp\/v2\/product"}],"about":[{"href":"https:\/\/fysiolab.dk\/no\/wp-json\/wp\/v2\/types\/product"}],"replies":[{"embeddable":true,"href":"https:\/\/fysiolab.dk\/no\/wp-json\/wp\/v2\/comments?post=81568"}],"wp:featuredmedia":[{"embeddable":true,"href":"https:\/\/fysiolab.dk\/no\/wp-json\/wp\/v2\/media\/81572"}],"wp:attachment":[{"href":"https:\/\/fysiolab.dk\/no\/wp-json\/wp\/v2\/media?parent=81568"}],"wp:term":[{"taxonomy":"product_brand","embeddable":true,"href":"https:\/\/fysiolab.dk\/no\/wp-json\/wp\/v2\/product_brand?post=81568"},{"taxonomy":"product_cat","embeddable":true,"href":"https:\/\/fysiolab.dk\/no\/wp-json\/wp\/v2\/product_cat?post=81568"},{"taxonomy":"product_tag","embeddable":true,"href":"https:\/\/fysiolab.dk\/no\/wp-json\/wp\/v2\/product_tag?post=81568"}],"curies":[{"name":"wp","href":"https:\/\/api.w.org\/{rel}","templated":true}]}}