{"id":81578,"date":"2023-07-16T12:56:58","date_gmt":"2023-07-16T10:56:58","guid":{"rendered":"https:\/\/fysiolab.dk\/product\/aircast-cryo-cuff-albue-mansjett\/"},"modified":"2025-12-18T09:22:31","modified_gmt":"2025-12-18T08:22:31","slug":"aircast-cryo-cuff-albue-mansjett","status":"publish","type":"product","link":"https:\/\/fysiolab.dk\/no\/product\/aircast-cryo-cuff-albue-mansjett\/","title":{"rendered":"Aircast Cryo\/Cuff Albue mansjett"},"content":{"rendered":"<h4><strong>Optimal bruk Aircast Cryo\/Cuff Albue mansjett<\/strong><\/h4>\n<p>De anatomisk utformede mansjettene gj\u00f8r det mulig \u00e5 behandle skadede muskler og ledd med kontrollert kulde\/kompresjon for \u00e5 minimere hevelse og betennelse, fremme tilheling og redusere smerte. Mansjetten kobles til Aicast Cryo\/Cuff-kj\u00f8leren, slik at du kan behandle det skadde leddet. <\/p>\n<p><a href=\"https:\/\/fysiolab.dk\/product\/aircast-cryo-cuff-cooler-system\/\"><strong>AirCast Cryo Cuff-maskinen kan kj\u00f8pes her<\/strong><\/a><\/p>\n<p><strong>Fordeler og funksjoner<\/strong><\/p>\n<ul>\n<li>Mansjetten er anatomisk utformet for \u00e5 dekke leddet og de omkringliggende strukturene<\/li>\n<li>Mansjetten gir maksimal dekning for optimal kryoterapibehandling<\/li>\n<li>Beroligende kulde dekker det ber\u00f8rte omr\u00e5det, reduserer hevelse og gir smertelindring<\/li>\n<li>Mansjetten er enkel \u00e5 ta p\u00e5 og av, og kan n\u00e5r som helst kobles til kj\u00f8leboksen<\/li>\n<li>Passer b\u00e5de til venstre og h\u00f8yre<\/li>\n<li>Universell st\u00f8rrelse<\/li>\n<\/ul>\n<p><strong>St\u00f8rrelsesguide<\/strong><\/p>\n<p><strong>Leveres i en universalst\u00f8rrelse som kan justeres med borrel\u00e5sfester<\/strong><\/p>\n","protected":false},"excerpt":{"rendered":"<p><strong>Aircast Cryo\/Cuff albuemansjett kan kobles til Aircast Cryo\/Cuff-systemet og behandle ankelen med kulde og kompresjon. Anbefales ved akutte skader, etter operasjoner og for \u00e5 hjelpe til med restitusjon.  Passer b\u00e5de til venstre og h\u00f8yre. Leveres i en universalst\u00f8rrelse som kan justeres med borrel\u00e5sfester<\/strong><\/p>\n","protected":false},"featured_media":81580,"comment_status":"closed","ping_status":"closed","template":"","meta":{"_acf_changed":false},"product_brand":[],"product_cat":[2129,2613,2119,2124,2122,1937,1941,1933],"product_tag":[2614],"class_list":{"0":"post-81578","1":"product","2":"type-product","3":"status-publish","4":"has-post-thumbnail","6":"product_cat-aircast-no","7":"product_cat-aircast-kuldebehandling-no","8":"product_cat-kald-og-varmebehandling","9":"product_cat-kald-varmebehandling","10":"product_cat-kryoterapi","11":"product_cat-merkevarer","12":"product_cat-rekonvalesens-og-sportspleie","13":"product_cat-skinner-og-stoetteskinner","14":"product_tag-aircast-no","16":"first","17":"instock","18":"taxable","19":"shipping-taxable","20":"purchasable","21":"product-type-simple"},"acf":[],"_links":{"self":[{"href":"https:\/\/fysiolab.dk\/no\/wp-json\/wp\/v2\/product\/81578","targetHints":{"allow":["GET"]}}],"collection":[{"href":"https:\/\/fysiolab.dk\/no\/wp-json\/wp\/v2\/product"}],"about":[{"href":"https:\/\/fysiolab.dk\/no\/wp-json\/wp\/v2\/types\/product"}],"replies":[{"embeddable":true,"href":"https:\/\/fysiolab.dk\/no\/wp-json\/wp\/v2\/comments?post=81578"}],"wp:featuredmedia":[{"embeddable":true,"href":"https:\/\/fysiolab.dk\/no\/wp-json\/wp\/v2\/media\/81580"}],"wp:attachment":[{"href":"https:\/\/fysiolab.dk\/no\/wp-json\/wp\/v2\/media?parent=81578"}],"wp:term":[{"taxonomy":"product_brand","embeddable":true,"href":"https:\/\/fysiolab.dk\/no\/wp-json\/wp\/v2\/product_brand?post=81578"},{"taxonomy":"product_cat","embeddable":true,"href":"https:\/\/fysiolab.dk\/no\/wp-json\/wp\/v2\/product_cat?post=81578"},{"taxonomy":"product_tag","embeddable":true,"href":"https:\/\/fysiolab.dk\/no\/wp-json\/wp\/v2\/product_tag?post=81578"}],"curies":[{"name":"wp","href":"https:\/\/api.w.org\/{rel}","templated":true}]}}