{"id":81579,"date":"2023-07-16T12:57:23","date_gmt":"2023-07-16T10:57:23","guid":{"rendered":"https:\/\/fysiolab.dk\/product\/bosu-nexgen-pro-balance-trainer\/"},"modified":"2025-12-18T09:22:30","modified_gmt":"2025-12-18T08:22:30","slug":"bosu-nexgen-pro-balance-trainer","status":"publish","type":"product","link":"https:\/\/fysiolab.dk\/no\/product\/bosu-nexgen-pro-balance-trainer\/","title":{"rendered":"BOSU NEXGEN Pro Balance Trainer"},"content":{"rendered":"<h2>BOSU\u00ae NEXGEN\u2122 Pro Balance Trainer - siste versjon!<\/h2>\n<p>BOSU\u00ae NexGen\u2122 Pro Balance Trainer har et helt nytt utseende, inkludert tekstur p\u00e5 den bl\u00e5 kuppelen. Inndelt i 4 firkanter for \u00e5 hjelpe deg med posisjonering og grep. Alt handler om funksjonalitet. De fire teksturerte rutene kan fungere som en kraftig visuell guide for korrekt kroppsposisjonering og et verkt\u00f8y for deg som trener for \u00e5 gi effektive signaler i \u00f8velser. De teksturerte markeringene gir ogs\u00e5 bedre grep for hender og f\u00f8tter.    <\/p>\n<ul>\n<li>Nyttig for mange forskjellige typer trening.<\/li>\n<li>Bra for alle - nybegynnere, idrettsut\u00f8vere og rehabiliteringspasienter.<\/li>\n<li>Forbedret grep<\/li>\n<li>65 cm i diameter<\/li>\n<li>Maks. brukervekt ca. 160 kg.<\/li>\n<li>Gratis nedlasting av treningsinspirasjon, \u00f8velser osv.<\/li>\n<li>Gratis nedlasting av treningsplakat for vegg<\/li>\n<\/ul>\n<p>&nbsp;<\/p>\n<h3><strong>BOSU\u00ae er morsom og effektiv trening for alle  <\/strong><\/h3>\n<p>Innstillingene og \u00f8velsesprogresjonene p\u00e5 BOSU-ballen er uendelige. BOSU\u00ae kan brukes av alle treningsniv\u00e5er - nybegynnere og viderekomne, idrettsut\u00f8vere og rehabiliteringsklienter. <strong>BOSU\u00ae Balance Trainer<\/strong> er en velkjent akt\u00f8r p\u00e5 markedet og er synonymt med kvalitet, allsidighet og funksjonalitet. Du ser den i mange ulike bransjer og sammenhenger - fra rehabilitering i fysioterapien til gruppetrening p\u00e5 treningssenteret og h\u00f8yteknologisk trening av idrettsut\u00f8vere i profesjonelle fotballklubber, h\u00e5ndballag og andre idrettslag.  <\/p>\n<h3><strong>BOSU\u00ae - mer<\/strong>enn balansetrening<\/h3>\n<p>Kondisjonstrening, smidighet, styrke, kjernetrening, balanse og bevegelighet. Det er bare fantasien som setter grenser for hva du kan blande BOSU\u00ae NexGen\u2122 Pro inn i. For selv om det er en <em>balansetrener<\/em>, f\u00e5r du mange flere muligheter med dette funksjonelle treningsverkt\u00f8yet.  <\/p>\n<p>Bland BOSU-trening inn i gruppetreningen din, gj\u00f8r helkroppstrening med dine personlige treningskunder, bruk den som en del av et sirkeltreningsprogram, \u00f8k tempoet og gj\u00f8r kardio med styrke- eller balanseelementer for st\u00f8rre muskul\u00e6r utfordring. Bruk den som vippe, erstatning for stepbenk eller minitrampoline. Forestill deg NexGen\u2122 Pro Balance Trainer som et ustabilt underlag for hender, f\u00f8tter, knest\u00e5ende, sittende, st\u00e5ende p\u00e5 toppen eller i kombinasjon med manualer, kettlebells, elastiske b\u00e5nd, Rodondo-ball eller noe helt annet.  <\/p>\n<p><em>Tenk annerledes og funksjonelt <\/em>, og lek med treningen\/undervisningen.<\/p>\n<p>&nbsp;<\/p>\n<p><strong>Farge<\/strong>: Bl\u00e5 med gr\u00e5 bakgrunn eller svart.<\/p>\n<p><strong>Diameter<\/strong>: 65 cm.<\/p>\n<p><strong>Maksimal vektbelastning<\/strong>: ca. 160 kg.<\/p>\n<p><strong>Valgfritt ekstrautstyr<\/strong>: H\u00e5ndpumpe slik at du enkelt kan justere hardheten p\u00e5 <strong>BOSU\u00ae<\/strong>.<\/p>\n<p><iframe title=\"3 KILLER BOSU\u00ae NexGen Core Exercises\" width=\"800\" height=\"450\" src=\"https:\/\/www.youtube.com\/embed\/GTFs09LbZAU?feature=oembed\" frameborder=\"0\" allow=\"accelerometer; autoplay; clipboard-write; encrypted-media; gyroscope; picture-in-picture; web-share\" referrerpolicy=\"strict-origin-when-cross-origin\" allowfullscreen><\/iframe><\/p>\n","protected":false},"excerpt":{"rendered":"<p>Den velkjente BOSU\u00ae har f\u00e5tt en nydelig ansiktsl\u00f8ftning. Med den nyeste versjonen, <strong>BOSU\u00ae NEXGEN\u2122 Pro Balance Trainer<\/strong>, f\u00e5r du den velkjente h\u00f8ye kvaliteten med noen flotte nye funksjoner. Kjerne-, styrke-, kondisjons- og balansetrening med ett multifunksjonelt treningsapparat. Perfekt for b\u00e5de profesjonell bruk og hjemmebruk.   <\/p>\n","protected":false},"featured_media":81583,"comment_status":"closed","ping_status":"closed","template":"","meta":{"_acf_changed":false},"product_brand":[],"product_cat":[1946,1949,2607,2608,1948,1937,1945],"product_tag":[2609],"class_list":{"0":"post-81579","1":"product","2":"type-product","3":"status-publish","4":"has-post-thumbnail","6":"product_cat-balanse","7":"product_cat-balansetrening","8":"product_cat-bosu-no","9":"product_cat-bosu-no-2","10":"product_cat-klinikk","11":"product_cat-merkevarer","12":"product_cat-treningsutstyr","13":"product_tag-bosu-no","14":"product_shipping_class-dropshipping-no","16":"first","17":"instock","18":"taxable","19":"shipping-taxable","20":"purchasable","21":"product-type-variable"},"acf":[],"_links":{"self":[{"href":"https:\/\/fysiolab.dk\/no\/wp-json\/wp\/v2\/product\/81579","targetHints":{"allow":["GET"]}}],"collection":[{"href":"https:\/\/fysiolab.dk\/no\/wp-json\/wp\/v2\/product"}],"about":[{"href":"https:\/\/fysiolab.dk\/no\/wp-json\/wp\/v2\/types\/product"}],"replies":[{"embeddable":true,"href":"https:\/\/fysiolab.dk\/no\/wp-json\/wp\/v2\/comments?post=81579"}],"wp:featuredmedia":[{"embeddable":true,"href":"https:\/\/fysiolab.dk\/no\/wp-json\/wp\/v2\/media\/81583"}],"wp:attachment":[{"href":"https:\/\/fysiolab.dk\/no\/wp-json\/wp\/v2\/media?parent=81579"}],"wp:term":[{"taxonomy":"product_brand","embeddable":true,"href":"https:\/\/fysiolab.dk\/no\/wp-json\/wp\/v2\/product_brand?post=81579"},{"taxonomy":"product_cat","embeddable":true,"href":"https:\/\/fysiolab.dk\/no\/wp-json\/wp\/v2\/product_cat?post=81579"},{"taxonomy":"product_tag","embeddable":true,"href":"https:\/\/fysiolab.dk\/no\/wp-json\/wp\/v2\/product_tag?post=81579"}],"curies":[{"name":"wp","href":"https:\/\/api.w.org\/{rel}","templated":true}]}}