{"id":81587,"date":"2023-07-16T12:57:23","date_gmt":"2023-07-16T10:57:23","guid":{"rendered":"https:\/\/fysiolab.dk\/product\/bosu-pro-balansetrener\/"},"modified":"2025-12-18T09:22:30","modified_gmt":"2025-12-18T08:22:30","slug":"bosu-pro-balansetrener","status":"publish","type":"product","link":"https:\/\/fysiolab.dk\/no\/product\/bosu-pro-balansetrener\/","title":{"rendered":"BOSU Pro balansetrener"},"content":{"rendered":"<h2>BOSU\u00ae Pro Balance Trainer - Bl\u00e5 med pumpe<\/h2>\n<p><strong>BOSU\u00ae Pro Balance Trainer<\/strong> har v\u00e6rt p\u00e5 markedet i Danmark i mange \u00e5r, og det er det en god grunn til. Det er kvalitet, det er velpr\u00f8vd og testet, og det er et superallsidig treningsprodukt. <\/p>\n<p>BOSU-ballen brukes i mange ulike bransjer, fra gruppetrening p\u00e5 treningssenteret til rehabilitering i fysioterapi og funksjonsspesifikk trening for idrettsut\u00f8vere.<\/p>\n<p><strong>BOSU\u00ae<\/strong> er en forkortelse for \"Both Sides Up\", noe som betyr at du kan bruke begge overflatene i treningen. Med dette treningsverkt\u00f8yet kan du utfordre hele kroppen med integrerte flerleddsbevegelser som f\u00e5r ulike muskelgrupper til \u00e5 jobbe sammen. L\u00f8p, hopp, jogg, bank og balanser p\u00e5 den myke, livlige bl\u00e5 halvballen og skap et utfordrende element av ustabilitet, eller snu den og sett balansen p\u00e5 pr\u00f8ve. Kombiner med andre treningsverkt\u00f8y eller bruk BOSU alene. Uansett er du garantert morsomme, utfordrende og effektive \u00f8velser.    <\/p>\n<h3><strong>BOSU\u00ae Pro Balance Trainer <\/strong>er mye mer enn et balanseverkt\u00f8y<\/h3>\n<p>Det f\u00f8rste du tenker p\u00e5 n\u00e5r du h\u00f8rer ordet<strong> BOSU<\/strong>, er sannsynligvis at det er et treningsverkt\u00f8y, spesielt for balansetrening. Men det er mye mer enn det. Det er bare fantasien som setter grenser for hvordan du kan bruke den i gruppetrening, personlig trening, rehabilitering og s\u00e5 videre. Helkroppstrening er definitivt et alternativ, og hvem sier at du bare trenger \u00e5 gj\u00f8re tekniske \u00f8velser? F\u00e5 opp farten og pulsen - kondisjonstrening er ogs\u00e5 et godt alternativ.     Tenk deg ogs\u00e5 kjernetrening med BOSU som et ustabilt underlag for hendene, f\u00f8ttene, knest\u00e5ende, st\u00e5ende p\u00e5 toppen eller i kombinasjon med andre treningsverkt\u00f8y.<\/p>\n<p><em>Tenk utenfor boksen<\/em> og lek med treningen\/undervisningen.<\/p>\n<p>&nbsp;<\/p>\n<p><strong>Farge<\/strong>: Bl\u00e5 med gr\u00e5 bakgrunn.<\/p>\n<p><strong>Diameter<\/strong>: 65 cm.<\/p>\n<p><strong>Maksimal vektbelastning<\/strong>: ca. 160 kg.<\/p>\n<p><strong>Ekstrautstyr<\/strong>: En liten, smart h\u00e5ndpumpe f\u00f8lger med, slik at du enkelt kan justere hardheten p\u00e5 kuppelen din.<\/p>\n<p><iframe title=\"Official BOSU Frog Glute Squeeze\" width=\"800\" height=\"450\" src=\"https:\/\/www.youtube.com\/embed\/DFDRpxaw9J0?feature=oembed\" frameborder=\"0\" allow=\"accelerometer; autoplay; clipboard-write; encrypted-media; gyroscope; picture-in-picture; web-share\" referrerpolicy=\"strict-origin-when-cross-origin\" allowfullscreen><\/iframe><\/p>\n","protected":false},"excerpt":{"rendered":"<p><strong>BOSU\u00ae Pro Balance Trainer<\/strong> med pumpe. Den originale, velpr\u00f8vde kvaliteten som du har sett hos fysioterapeuten og p\u00e5 treningssenteret i \u00e5revis. 65 cm i diameter, og du kommer til \u00e5 elske hver centimeter av den n\u00e5r du opplever hvor allsidig og givende den er som treningsverkt\u00f8y! Core-trening, kondisjonstrening, balanse, styrke - alt er mulig, det er bare fantasien og nysgjerrigheten som setter grenser.   <\/p>\n","protected":false},"featured_media":81595,"comment_status":"closed","ping_status":"closed","template":"","meta":{"_acf_changed":false},"product_brand":[],"product_cat":[1946,1949,2607,2608,1948,1937,1945],"product_tag":[2609],"class_list":{"0":"post-81587","1":"product","2":"type-product","3":"status-publish","4":"has-post-thumbnail","6":"product_cat-balanse","7":"product_cat-balansetrening","8":"product_cat-bosu-no","9":"product_cat-bosu-no-2","10":"product_cat-klinikk","11":"product_cat-merkevarer","12":"product_cat-treningsutstyr","13":"product_tag-bosu-no","14":"product_shipping_class-dropshipping-no","16":"first","17":"instock","18":"taxable","19":"shipping-taxable","20":"purchasable","21":"product-type-simple"},"acf":[],"_links":{"self":[{"href":"https:\/\/fysiolab.dk\/no\/wp-json\/wp\/v2\/product\/81587","targetHints":{"allow":["GET"]}}],"collection":[{"href":"https:\/\/fysiolab.dk\/no\/wp-json\/wp\/v2\/product"}],"about":[{"href":"https:\/\/fysiolab.dk\/no\/wp-json\/wp\/v2\/types\/product"}],"replies":[{"embeddable":true,"href":"https:\/\/fysiolab.dk\/no\/wp-json\/wp\/v2\/comments?post=81587"}],"wp:featuredmedia":[{"embeddable":true,"href":"https:\/\/fysiolab.dk\/no\/wp-json\/wp\/v2\/media\/81595"}],"wp:attachment":[{"href":"https:\/\/fysiolab.dk\/no\/wp-json\/wp\/v2\/media?parent=81587"}],"wp:term":[{"taxonomy":"product_brand","embeddable":true,"href":"https:\/\/fysiolab.dk\/no\/wp-json\/wp\/v2\/product_brand?post=81587"},{"taxonomy":"product_cat","embeddable":true,"href":"https:\/\/fysiolab.dk\/no\/wp-json\/wp\/v2\/product_cat?post=81587"},{"taxonomy":"product_tag","embeddable":true,"href":"https:\/\/fysiolab.dk\/no\/wp-json\/wp\/v2\/product_tag?post=81587"}],"curies":[{"name":"wp","href":"https:\/\/api.w.org\/{rel}","templated":true}]}}