{"id":81607,"date":"2023-07-16T12:56:59","date_gmt":"2023-07-16T10:56:59","guid":{"rendered":"https:\/\/fysiolab.dk\/product\/donjoy-abdostrap-ii-ryggstoette\/"},"modified":"2026-04-12T22:04:16","modified_gmt":"2026-04-12T20:04:16","slug":"donjoy-abdostrap-ii-ryggstoette","status":"publish","type":"product","link":"https:\/\/fysiolab.dk\/no\/product\/donjoy-abdostrap-ii-ryggstoette\/","title":{"rendered":"DonJoy Abdostrap II ryggst\u00f8tte"},"content":{"rendered":"<h4><strong>Optimal bruk av DonJoy Abdostrap II<\/strong><\/h4>\n<p>Magesekkens st\u00f8tte ved magesvakhet. Bandasjen er enkel \u00e5 ta p\u00e5 og kan tilpasses ved hjelp av borrel\u00e5s. Tilgjengelig i 3 h\u00f8yder avhengig av din totale h\u00f8yde og hvor langt opp p\u00e5 magen du \u00f8nsker st\u00f8tte og kompresjon. Anbefales ved svak magemuskulatur etter operasjon, etter graviditet, etter brokkoperasjon og for \u00e5 st\u00f8tte magemusklene hvis de eller ryggmusklene ikke klarer \u00e5 stabilisere korsryggen.   <\/p>\n<p><strong>Fordeler og funksjoner<\/strong><\/p>\n<ul>\n<li>Sv\u00e6rt elastisk kompresjonsmateriale for \u00f8kt st\u00f8tte av mageomr\u00e5det<\/li>\n<li>2 fleksible stivere i ryggen for \u00e5 stabilisere korsryggen og sacroiliacalomr\u00e5det<\/li>\n<li>2 fleksible stivere foran for \u00f8kt st\u00f8tte for magen<\/li>\n<li>Materialet p\u00e5 frontstykket kan tilpasses etter \u00f8nske<\/li>\n<li>Tilgjengelig i 3 h\u00f8yder (18, 25 og 32 cm)<\/li>\n<\/ul>\n<p>Denne bandasjen er utg\u00e5tt av sortimentet, og det er derfor et begrenset antall igjen p\u00e5 lager. Se den nye varianten <a href=\"https:\/\/fysiolab.dk\/no\/product\/donjoy-abdostrap-2-0-stoette-for-underlivet\/\">her<\/a> <\/p>\n<p><strong>St\u00f8rrelsesguide<\/strong><\/p>\n<p><strong>M\u00e5l midjem\u00e5let ved navlen<\/strong><\/p>\n<p><a href=\"https:\/\/dev.fysiolab.dk\/wp-content\/uploads\/2025\/05\/X1.png\"><img fetchpriority=\"high\" decoding=\"async\" class=\"alignnone size-medium wp-image-202392633\" src=\"https:\/\/dev.fysiolab.dk\/wp-content\/uploads\/2025\/05\/X1-300x169.png\" alt=\"\" width=\"300\" height=\"169\" title=\"\"><\/a><\/p>\n<p><strong>Omkrets St\u00f8rrelse<\/strong><\/p>\n<p><strong>68-82 cm S<\/strong><\/p>\n<p><strong>82-98 cm M<\/strong><\/p>\n<p><strong>98-116 cm L<\/strong><\/p>\n<p><strong>116-136 cm XL<\/strong><\/p>\n<p><strong>136-156 cm XXL<\/strong><\/p>\n<p><iframe title=\"Opm\u00e5lingsvejledning til taljem\u00e5l FysioLab\" width=\"800\" height=\"450\" src=\"https:\/\/www.youtube.com\/embed\/_c2mbw5K7uY?feature=oembed\" frameborder=\"0\" allow=\"accelerometer; autoplay; clipboard-write; encrypted-media; gyroscope; picture-in-picture; web-share\" referrerpolicy=\"strict-origin-when-cross-origin\" allowfullscreen><\/iframe><\/p>\n<p>&nbsp;<\/p>\n<p>&nbsp;<\/p>\n<p>&nbsp;<\/p>\n","protected":false},"excerpt":{"rendered":"<p><strong>DonJoy Abdostrap II anbefales ved svak magemuskulatur etter operasjoner som brokk, etter graviditet og ved generell svakhet i mage- eller ryggmuskulaturen. Bandasjen er tilgjengelig i tre h\u00f8yder og kan justeres for \u00e5 passe til dine spesifikke behov og kompresjonsbehov <\/strong><\/p>\n","protected":false},"featured_media":81628,"comment_status":"closed","ping_status":"closed","template":"","meta":{"_acf_changed":false},"product_brand":[3091],"product_cat":[1938,2194,2946,2193,1937,2184,1933,2502],"product_tag":[2173,3255],"class_list":{"0":"post-81607","1":"product","2":"type-product","3":"status-publish","4":"has-post-thumbnail","6":"product_brand-donjoy","7":"product_cat-donjoy-no","8":"product_cat-donjoy-korsryggbelte","9":"product_cat-donjoy-reimserie","10":"product_cat-donjoy-ryggstoette","11":"product_cat-merkevarer","12":"product_cat-rygg-og-korsrygg","13":"product_cat-skinner-og-stoetteskinner","14":"product_cat-svake-magemuskler","15":"product_tag-donjoy-no","16":"product_tag-donjoy-abdostrap-ii","18":"first","19":"instock","20":"sale","21":"taxable","22":"shipping-taxable","23":"purchasable","24":"product-type-variable"},"acf":[],"_links":{"self":[{"href":"https:\/\/fysiolab.dk\/no\/wp-json\/wp\/v2\/product\/81607","targetHints":{"allow":["GET"]}}],"collection":[{"href":"https:\/\/fysiolab.dk\/no\/wp-json\/wp\/v2\/product"}],"about":[{"href":"https:\/\/fysiolab.dk\/no\/wp-json\/wp\/v2\/types\/product"}],"replies":[{"embeddable":true,"href":"https:\/\/fysiolab.dk\/no\/wp-json\/wp\/v2\/comments?post=81607"}],"wp:featuredmedia":[{"embeddable":true,"href":"https:\/\/fysiolab.dk\/no\/wp-json\/wp\/v2\/media\/81628"}],"wp:attachment":[{"href":"https:\/\/fysiolab.dk\/no\/wp-json\/wp\/v2\/media?parent=81607"}],"wp:term":[{"taxonomy":"product_brand","embeddable":true,"href":"https:\/\/fysiolab.dk\/no\/wp-json\/wp\/v2\/product_brand?post=81607"},{"taxonomy":"product_cat","embeddable":true,"href":"https:\/\/fysiolab.dk\/no\/wp-json\/wp\/v2\/product_cat?post=81607"},{"taxonomy":"product_tag","embeddable":true,"href":"https:\/\/fysiolab.dk\/no\/wp-json\/wp\/v2\/product_tag?post=81607"}],"curies":[{"name":"wp","href":"https:\/\/api.w.org\/{rel}","templated":true}]}}