{"id":81631,"date":"2023-07-16T12:56:14","date_gmt":"2023-07-16T10:56:14","guid":{"rendered":"https:\/\/fysiolab.dk\/product\/procare-universal-abdominal-support\/"},"modified":"2025-12-18T09:22:32","modified_gmt":"2025-12-18T08:22:32","slug":"procare-universal-abdominal-support","status":"publish","type":"product","link":"https:\/\/fysiolab.dk\/no\/product\/procare-universal-abdominal-support\/","title":{"rendered":"ProCare Universal Abdominal Support"},"content":{"rendered":"<h3><strong>Optimal bruk av ProCare Universal Abdominal Support<\/strong><\/h3>\n<p style=\"text-align: left;\">25 cm elastisk skumlaminat med tre 22,5 cm avtakbare plastbiter som sitter i bandasjen for ekstra st\u00f8tte. Kontaktlukking for enkel p\u00e5- og avtagning.  Lateksfri. Ideell for \u00e5 gi kompresjon og st\u00f8tte ved forstrekninger og svakheter i bukomr\u00e5det<br \/>\n Anbefales etter bukoperasjoner der musklene har blitt svake eller trenger ekstra beskyttelse i den postoperative perioden. <\/p>\n<p><strong>St\u00f8rrelsesguide  <\/strong><\/p>\n<p><strong>Universell st\u00f8rrelse som tilpasser seg deg med borrel\u00e5sfeste<\/strong><\/p>\n","protected":false},"excerpt":{"rendered":"<p><strong>ProCare Universal Abdominal Support anbefales til deg som \u00f8nsker \u00e5 beskytte magemusklene etter en operasjon, graviditet eller brokk. Bandasjen gir jevn st\u00f8tte og har 3 st\u00f8tter i ryggen som hjelper musklene med \u00e5 beskytte underlivet <\/strong><\/p>\n","protected":false},"featured_media":81633,"comment_status":"closed","ping_status":"closed","template":"","meta":{"_acf_changed":false},"product_brand":[3139],"product_cat":[2184,1933,2502],"product_tag":[2264],"class_list":{"0":"post-81631","1":"product","2":"type-product","3":"status-publish","4":"has-post-thumbnail","6":"product_brand-procare","7":"product_cat-rygg-og-korsrygg","8":"product_cat-skinner-og-stoetteskinner","9":"product_cat-svake-magemuskler","10":"product_tag-procare-no","12":"first","13":"instock","14":"taxable","15":"shipping-taxable","16":"purchasable","17":"product-type-simple"},"acf":[],"_links":{"self":[{"href":"https:\/\/fysiolab.dk\/no\/wp-json\/wp\/v2\/product\/81631","targetHints":{"allow":["GET"]}}],"collection":[{"href":"https:\/\/fysiolab.dk\/no\/wp-json\/wp\/v2\/product"}],"about":[{"href":"https:\/\/fysiolab.dk\/no\/wp-json\/wp\/v2\/types\/product"}],"replies":[{"embeddable":true,"href":"https:\/\/fysiolab.dk\/no\/wp-json\/wp\/v2\/comments?post=81631"}],"wp:featuredmedia":[{"embeddable":true,"href":"https:\/\/fysiolab.dk\/no\/wp-json\/wp\/v2\/media\/81633"}],"wp:attachment":[{"href":"https:\/\/fysiolab.dk\/no\/wp-json\/wp\/v2\/media?parent=81631"}],"wp:term":[{"taxonomy":"product_brand","embeddable":true,"href":"https:\/\/fysiolab.dk\/no\/wp-json\/wp\/v2\/product_brand?post=81631"},{"taxonomy":"product_cat","embeddable":true,"href":"https:\/\/fysiolab.dk\/no\/wp-json\/wp\/v2\/product_cat?post=81631"},{"taxonomy":"product_tag","embeddable":true,"href":"https:\/\/fysiolab.dk\/no\/wp-json\/wp\/v2\/product_tag?post=81631"}],"curies":[{"name":"wp","href":"https:\/\/api.w.org\/{rel}","templated":true}]}}