{"id":81638,"date":"2023-07-16T12:55:50","date_gmt":"2023-07-16T10:55:50","guid":{"rendered":"https:\/\/fysiolab.dk\/product\/donjoy-c1-hals-nakkekrage\/"},"modified":"2025-12-18T09:22:33","modified_gmt":"2025-12-18T08:22:33","slug":"donjoy-c1-hals-nakkekrage","status":"publish","type":"product","link":"https:\/\/fysiolab.dk\/no\/product\/donjoy-c1-hals-nakkekrage\/","title":{"rendered":"DonJoy C1 hals\/nakkekrage"},"content":{"rendered":"<h3><strong>Optimal bruk av DonJoy C1-nakkekragen<\/strong><\/h3>\n<p>DonJoy C1-nakkekrage er en anatomisk formet nakkekrage i mykt skum med en fordypning for haken. Kragen er beregnet for avlastning ved forstrekninger og forstuinger, postoperativ rehabilitering og etter bruk av en stiv nakkekrage. Jo h\u00f8yere kragen er, desto mer bakoverb\u00f8yning (ekstensjon) f\u00e5r du over nakken. Er du i tvil? Da kan du kontakte oss p\u00e5 92724444    <\/p>\n<p><strong>Fordeler og funksjoner<\/strong><\/p>\n<ul>\n<li>Utformingen holder nakkes\u00f8ylen i n\u00f8ytral stilling<\/li>\n<li>Halskrage laget av skum med lav tetthet<\/li>\n<li>Anatomisk form ved haken og \u00f8ret for bedre passform<\/li>\n<li>Trekk i 100 % bomull med borrel\u00e5sfeste<\/li>\n<li>Marinebl\u00e5 farge<\/li>\n<\/ul>\n<p><strong>Halsb\u00e5ndet er tilgjengelig i to h\u00f8yder: 7,5 cm \/ 9,5 cm.<\/strong><\/p>\n<p><strong>Se bildet for m\u00e5ling og bestemmelse av h\u00f8yde (se video lenger ned i teksten)<\/strong><\/p>\n<p><a href=\"https:\/\/dev.fysiolab.dk\/wp-content\/uploads\/2025\/05\/X5.png\"><img fetchpriority=\"high\" decoding=\"async\" class=\"alignnone size-medium wp-image-202392654\" src=\"https:\/\/dev.fysiolab.dk\/wp-content\/uploads\/2025\/05\/X5-300x168.png\" alt=\"\" width=\"300\" height=\"168\" title=\"\"><\/a><\/p>\n<p><strong>St\u00f8rrelsesguide  <\/strong><\/p>\n<p><strong>M\u00e5l omkretsen av halsen (se video lenger ned i teksten)<\/strong><\/p>\n<p><a href=\"https:\/\/dev.fysiolab.dk\/wp-content\/uploads\/2025\/05\/X4.png\"><img decoding=\"async\" class=\"alignnone size-medium wp-image-202392655\" src=\"https:\/\/dev.fysiolab.dk\/wp-content\/uploads\/2025\/05\/X4-300x169.png\" alt=\"\" width=\"300\" height=\"169\" title=\"\"><\/a><\/p>\n<p><strong>Omkrets St\u00f8rrelse<\/strong><\/p>\n<p><strong>21-25 cm Barn (h\u00f8yde 7,5 cm)<\/strong><\/p>\n<p><strong>25-28 cm XXS<\/strong><\/p>\n<p><strong>29-32 cm XS<\/strong><\/p>\n<p><strong>33-37 cm S<\/strong><\/p>\n<p><strong>38-42 cm M<\/strong><\/p>\n<p><strong>43-47 cm L<\/strong><\/p>\n<p><strong>48-51 cm XL<\/strong><\/p>\n<p><strong>Hvis du er usikker p\u00e5 st\u00f8rrelse eller h\u00f8yde, ta kontakt med FysioLabs fysioterapeut Kristian\/Erik p\u00e5: 92724444 (2)<\/strong><\/p>\n<p><iframe title=\"Opm\u00e5lingsvejledning til omkreds hals\/nakke FysioLab\" width=\"800\" height=\"450\" src=\"https:\/\/www.youtube.com\/embed\/Z1RBIJ5g-zU?feature=oembed\" frameborder=\"0\" allow=\"accelerometer; autoplay; clipboard-write; encrypted-media; gyroscope; picture-in-picture; web-share\" referrerpolicy=\"strict-origin-when-cross-origin\" allowfullscreen><\/iframe><\/p>\n<p><iframe title=\"Opm\u00e5lingsvejledning af halsens h\u00f8jdem\u00e5l FysioLab\" width=\"800\" height=\"450\" src=\"https:\/\/www.youtube.com\/embed\/KxyE87KJTRU?feature=oembed\" frameborder=\"0\" allow=\"accelerometer; autoplay; clipboard-write; encrypted-media; gyroscope; picture-in-picture; web-share\" referrerpolicy=\"strict-origin-when-cross-origin\" allowfullscreen><\/iframe><\/p>\n<p>&nbsp;<\/p>\n","protected":false},"excerpt":{"rendered":"<p><strong>ProCare C1 nakke\/nakkekrage anbefales for nakkeposisjon, nakkeartrose, nakkesleng og andre problemer der nakkevirvlene m\u00e5 holdes i n\u00f8ytral stilling og i hvile. Kragen er tilgjengelig i to h\u00f8yder, 7,5 cm og 9,5 cm. Farge: Marinebl\u00e5  <\/strong><\/p>\n","protected":false},"featured_media":81655,"comment_status":"closed","ping_status":"closed","template":"","meta":{"_acf_changed":false},"product_brand":[3091],"product_cat":[2114,1938,1937,2112,2113,2000,2117,1933,2116,2115],"product_tag":[2173],"class_list":{"0":"post-81638","1":"product","2":"type-product","3":"status-publish","4":"has-post-thumbnail","6":"product_brand-donjoy","7":"product_cat-artrose-i-nakken","8":"product_cat-donjoy-no","9":"product_cat-merkevarer","10":"product_cat-nakke-og-hals-no","11":"product_cat-nakkesleng-whiplash","12":"product_cat-procare-no","13":"product_cat-procare-hals-og-nakkekrage","14":"product_cat-skinner-og-stoetteskinner","15":"product_cat-smerter-i-nakken-no","16":"product_cat-stivhet-i-nakken","17":"product_tag-donjoy-no","19":"first","20":"instock","21":"taxable","22":"shipping-taxable","23":"purchasable","24":"product-type-variable"},"acf":[],"_links":{"self":[{"href":"https:\/\/fysiolab.dk\/no\/wp-json\/wp\/v2\/product\/81638","targetHints":{"allow":["GET"]}}],"collection":[{"href":"https:\/\/fysiolab.dk\/no\/wp-json\/wp\/v2\/product"}],"about":[{"href":"https:\/\/fysiolab.dk\/no\/wp-json\/wp\/v2\/types\/product"}],"replies":[{"embeddable":true,"href":"https:\/\/fysiolab.dk\/no\/wp-json\/wp\/v2\/comments?post=81638"}],"wp:featuredmedia":[{"embeddable":true,"href":"https:\/\/fysiolab.dk\/no\/wp-json\/wp\/v2\/media\/81655"}],"wp:attachment":[{"href":"https:\/\/fysiolab.dk\/no\/wp-json\/wp\/v2\/media?parent=81638"}],"wp:term":[{"taxonomy":"product_brand","embeddable":true,"href":"https:\/\/fysiolab.dk\/no\/wp-json\/wp\/v2\/product_brand?post=81638"},{"taxonomy":"product_cat","embeddable":true,"href":"https:\/\/fysiolab.dk\/no\/wp-json\/wp\/v2\/product_cat?post=81638"},{"taxonomy":"product_tag","embeddable":true,"href":"https:\/\/fysiolab.dk\/no\/wp-json\/wp\/v2\/product_tag?post=81638"}],"curies":[{"name":"wp","href":"https:\/\/api.w.org\/{rel}","templated":true}]}}