{"id":81639,"date":"2023-07-16T12:56:36","date_gmt":"2023-07-16T10:56:36","guid":{"rendered":"https:\/\/fysiolab.dk\/product\/aircast-cryo-cuff-knemansjett\/"},"modified":"2025-12-18T09:22:32","modified_gmt":"2025-12-18T08:22:32","slug":"aircast-cryo-cuff-knemansjett","status":"publish","type":"product","link":"https:\/\/fysiolab.dk\/no\/product\/aircast-cryo-cuff-knemansjett\/","title":{"rendered":"Aircast Cryo\/Cuff knemansjett"},"content":{"rendered":"<h4><strong>Optimal bruk av Aircast Cryo\/Cuff knemansjett<\/strong><\/h4>\n<p>De anatomisk utformede mansjettene gj\u00f8r det mulig \u00e5 behandle skadede muskler og ledd med kontrollert kulde\/kompresjon for \u00e5 minimere hevelse og betennelse, fremme tilheling og redusere smerte. Mansjetten kobles til Aicast Cryo\/Cuff-kj\u00f8leren, slik at du kan behandle det skadde leddet. <\/p>\n<p><a href=\"https:\/\/fysiolab.dk\/no\/product\/aircast-cryo-cuff-cooler-system\/\"><strong>AirCast Cryo Cuff-maskinen kan kj\u00f8pes her<\/strong><\/a><\/p>\n<p><strong>Fordeler og funksjoner<\/strong><\/p>\n<ul>\n<li>Mansjetten er anatomisk utformet for \u00e5 dekke leddet og de omkringliggende strukturene<\/li>\n<li>Mansjetten gir maksimal dekning for optimal kryoterapibehandling<\/li>\n<li>Beroligende kulde dekker det ber\u00f8rte omr\u00e5det, reduserer hevelse og gir smertelindring<\/li>\n<li>Mansjetten er enkel \u00e5 ta p\u00e5 og av, og kan n\u00e5r som helst kobles til kj\u00f8leboksen<\/li>\n<li>Passer b\u00e5de til venstre og h\u00f8yre<\/li>\n<\/ul>\n<p><strong>St\u00f8rrelsesguide<\/strong><\/p>\n<p><strong>L\u00e5romkretsen m\u00e5les 15 cm over knesk\u00e5len<\/strong><\/p>\n<p><a href=\"https:\/\/dev.fysiolab.dk\/wp-content\/uploads\/2025\/05\/Billede1.jpg\"><img fetchpriority=\"high\" decoding=\"async\" class=\"alignnone size-medium wp-image-202393828\" src=\"https:\/\/dev.fysiolab.dk\/wp-content\/uploads\/2025\/05\/Billede1-267x300.jpg\" alt=\"\" width=\"267\" height=\"300\" title=\"\"><\/a><\/p>\n<p><strong>Omkrets Str<\/strong><\/p>\n<p><strong>24-48 cm S<\/strong><\/p>\n<p><strong>48-56 cm M<\/strong><\/p>\n<p><strong>51-79 cm L<\/strong><\/p>\n","protected":false},"excerpt":{"rendered":"<p><strong>Aircast Cryo\/Cuff Knee Support kan kobles til Aircast Cryo\/Cuff-systemet og behandle ankelen din med kulde og kompresjon. Anbefales ved akutte skader, etter operasjoner og for \u00e5 optimalisere restitusjonen.  Passer b\u00e5de til venstre og h\u00f8yre.<\/strong><\/p>\n<p>&nbsp;<\/p>\n<p>https:\/\/www.youtube.com\/watch?v=gHZnfVzfG_k<\/p>\n","protected":false},"featured_media":81659,"comment_status":"closed","ping_status":"closed","template":"","meta":{"_acf_changed":false},"product_brand":[3092],"product_cat":[2129,2613,2119,2124,2122,1937,1941,1933],"product_tag":[2614],"class_list":{"0":"post-81639","1":"product","2":"type-product","3":"status-publish","4":"has-post-thumbnail","6":"product_brand-aircast","7":"product_cat-aircast-no","8":"product_cat-aircast-kuldebehandling-no","9":"product_cat-kald-og-varmebehandling","10":"product_cat-kald-varmebehandling","11":"product_cat-kryoterapi","12":"product_cat-merkevarer","13":"product_cat-rekonvalesens-og-sportspleie","14":"product_cat-skinner-og-stoetteskinner","15":"product_tag-aircast-no","17":"first","18":"instock","19":"taxable","20":"shipping-taxable","21":"purchasable","22":"product-type-variable"},"acf":[],"_links":{"self":[{"href":"https:\/\/fysiolab.dk\/no\/wp-json\/wp\/v2\/product\/81639","targetHints":{"allow":["GET"]}}],"collection":[{"href":"https:\/\/fysiolab.dk\/no\/wp-json\/wp\/v2\/product"}],"about":[{"href":"https:\/\/fysiolab.dk\/no\/wp-json\/wp\/v2\/types\/product"}],"replies":[{"embeddable":true,"href":"https:\/\/fysiolab.dk\/no\/wp-json\/wp\/v2\/comments?post=81639"}],"wp:featuredmedia":[{"embeddable":true,"href":"https:\/\/fysiolab.dk\/no\/wp-json\/wp\/v2\/media\/81659"}],"wp:attachment":[{"href":"https:\/\/fysiolab.dk\/no\/wp-json\/wp\/v2\/media?parent=81639"}],"wp:term":[{"taxonomy":"product_brand","embeddable":true,"href":"https:\/\/fysiolab.dk\/no\/wp-json\/wp\/v2\/product_brand?post=81639"},{"taxonomy":"product_cat","embeddable":true,"href":"https:\/\/fysiolab.dk\/no\/wp-json\/wp\/v2\/product_cat?post=81639"},{"taxonomy":"product_tag","embeddable":true,"href":"https:\/\/fysiolab.dk\/no\/wp-json\/wp\/v2\/product_tag?post=81639"}],"curies":[{"name":"wp","href":"https:\/\/api.w.org\/{rel}","templated":true}]}}