{"id":81664,"date":"2023-07-16T12:55:49","date_gmt":"2023-07-16T10:55:49","guid":{"rendered":"https:\/\/fysiolab.dk\/product\/donjoy-powerstrap-korsryggbelte\/"},"modified":"2026-03-21T20:54:44","modified_gmt":"2026-03-21T19:54:44","slug":"donjoy-powerstrap-korsryggbelte","status":"publish","type":"product","link":"https:\/\/fysiolab.dk\/no\/product\/donjoy-powerstrap-korsryggbelte\/","title":{"rendered":"DonJoy Powerstrap korsryggbelte"},"content":{"rendered":"<h3><strong>Optimal bruk av DonJoy Powerstrap Lumbar Belt  <\/strong><\/h3>\n<p>En supersterk og trygg ryggst\u00f8tte mot smerter og ubehag i korsryggen og for \u00e5 st\u00f8tte og stabilisere korsryggen og bekkenomr\u00e5det. Det sterke, men fleksible materialet er utviklet for aktive brukere med akutte og\/eller kroniske smerter i korsryggen. Bandasjen har 4 oppadg\u00e5ende forsterkninger p\u00e5 ryggen som beskytter mot feilbevegelser. Bandasjen har ogs\u00e5 4 individuelt tilpassbare stropper, slik at du selv kan gradere hvor mye stabilitet og kontroll du \u00f8nsker.   <\/p>\n<p><strong>Indikasjoner:<\/strong><\/p>\n<p>- Akutte og kroniske smerter i korsryggen<\/p>\n<p>- Forebygging for \u00e5 unng\u00e5 ryggsmerter og under rehabilitering etter ryggskade<\/p>\n<p>- Symptomatisk skiveutbrudd<\/p>\n<p>- Isjias<\/p>\n<p><strong>Funksjoner:<\/strong><\/p>\n<p>- Innovativ design: pustende, lav profil - st\u00f8tte med optimal komfort og dynamisk passform<\/p>\n<p>- Fire halvstive, formst\u00f8pte st\u00f8tter for bedre korsryggst\u00f8tte og anatomisk passform<\/p>\n<p>- Doble stropper i begge for \u00e5 justere kompresjonsniv\u00e5et (fra medium til h\u00f8y)<\/p>\n<p>- Fingerlommer for enkel bruk og justering<\/p>\n<p>- Lateksfri<\/p>\n<p>- H\u00f8yde foran: 16 cm<\/p>\n<p>- H\u00f8yde rygg: 26 cm<\/p>\n<p><strong>St\u00f8rrelsesguide<\/strong><\/p>\n<p><strong>M\u00e5l omkretsen av midjen din (navleniv\u00e5)<\/strong><\/p>\n<p><img fetchpriority=\"high\" decoding=\"async\" class=\"alignnone size-medium wp-image-107036\" src=\"https:\/\/fysiolab.dk\/wp-content\/uploads\/2026\/03\/taljema%CC%8Al--300x200.png\" alt=\"\" width=\"300\" height=\"200\" title=\"\"><\/p>\n<p><strong>Omkrets Str.<\/strong><\/p>\n<p><strong>56-68 cm XS<\/strong><\/p>\n<p><strong>68-82 cm S<\/strong><\/p>\n<p><strong>82-98 cm M<\/strong><\/p>\n<p><strong>98-116 cm L<\/strong><\/p>\n<p><strong>116-136 cm XL<\/strong><\/p>\n<p><iframe title=\"Opm\u00e5lingsvejledning til taljem\u00e5l FysioLab\" width=\"800\" height=\"450\" src=\"https:\/\/www.youtube.com\/embed\/_c2mbw5K7uY?feature=oembed\" frameborder=\"0\" allow=\"accelerometer; autoplay; clipboard-write; encrypted-media; gyroscope; picture-in-picture; web-share\" referrerpolicy=\"strict-origin-when-cross-origin\" allowfullscreen><\/iframe><\/p>\n<p><iframe title=\"DonJoy Powerstrap - Fitting guide\" width=\"800\" height=\"450\" src=\"https:\/\/www.youtube.com\/embed\/FfRkHwBVRfI?feature=oembed\" frameborder=\"0\" allow=\"accelerometer; autoplay; clipboard-write; encrypted-media; gyroscope; picture-in-picture; web-share\" referrerpolicy=\"strict-origin-when-cross-origin\" allowfullscreen><\/iframe><\/p>\n<p>&nbsp;<\/p>\n<p>&nbsp;<\/p>\n","protected":false},"excerpt":{"rendered":"<p><strong>DonJoy Powerstrap lumbalbelte er en av de sterkeste og mest stabile korsryggst\u00f8ttene p\u00e5 markedet. Med sine 4 avstivere p\u00e5 baksiden gir det optimal beskyttelse og stabilisering av korsryggen og s\u00f8rger for at du ikke kommer ut av posisjon under fysisk arbeid. Enkel \u00e5 tilpasse, og med de 4 stroppene kan du \u00f8ke belastningen p\u00e5 de omr\u00e5dene du \u00f8nsker  <\/strong><\/p>\n","protected":false},"featured_media":81676,"comment_status":"closed","ping_status":"closed","template":"","meta":{"_acf_changed":false},"product_brand":[3091],"product_cat":[2189,2191,1938,2194,2946,2193,2192,1937,2184,1933,2186,2187],"product_tag":[2173,3253],"class_list":{"0":"post-81664","1":"product","2":"type-product","3":"status-publish","4":"has-post-thumbnail","6":"product_brand-donjoy","7":"product_cat-artrose-i-ryggen","8":"product_cat-brudd-i-ryggen-brudd-i-ryggraden","9":"product_cat-donjoy-no","10":"product_cat-donjoy-korsryggbelte","11":"product_cat-donjoy-reimserie","12":"product_cat-donjoy-ryggstoette","13":"product_cat-isjias-iskias","14":"product_cat-merkevarer","15":"product_cat-rygg-og-korsrygg","16":"product_cat-skinner-og-stoetteskinner","17":"product_cat-skiveprolaps","18":"product_cat-smerter-i-nedre-del-av-ryggen","19":"product_tag-donjoy-no","20":"product_tag-donjoy-strap-serien","22":"first","23":"instock","24":"sale","25":"taxable","26":"shipping-taxable","27":"purchasable","28":"product-type-variable"},"acf":[],"_links":{"self":[{"href":"https:\/\/fysiolab.dk\/no\/wp-json\/wp\/v2\/product\/81664","targetHints":{"allow":["GET"]}}],"collection":[{"href":"https:\/\/fysiolab.dk\/no\/wp-json\/wp\/v2\/product"}],"about":[{"href":"https:\/\/fysiolab.dk\/no\/wp-json\/wp\/v2\/types\/product"}],"replies":[{"embeddable":true,"href":"https:\/\/fysiolab.dk\/no\/wp-json\/wp\/v2\/comments?post=81664"}],"wp:featuredmedia":[{"embeddable":true,"href":"https:\/\/fysiolab.dk\/no\/wp-json\/wp\/v2\/media\/81676"}],"wp:attachment":[{"href":"https:\/\/fysiolab.dk\/no\/wp-json\/wp\/v2\/media?parent=81664"}],"wp:term":[{"taxonomy":"product_brand","embeddable":true,"href":"https:\/\/fysiolab.dk\/no\/wp-json\/wp\/v2\/product_brand?post=81664"},{"taxonomy":"product_cat","embeddable":true,"href":"https:\/\/fysiolab.dk\/no\/wp-json\/wp\/v2\/product_cat?post=81664"},{"taxonomy":"product_tag","embeddable":true,"href":"https:\/\/fysiolab.dk\/no\/wp-json\/wp\/v2\/product_tag?post=81664"}],"curies":[{"name":"wp","href":"https:\/\/api.w.org\/{rel}","templated":true}]}}