{"id":81682,"date":"2023-07-16T12:55:49","date_gmt":"2023-07-16T10:55:49","guid":{"rendered":"https:\/\/fysiolab.dk\/product\/donjoy-x-act-rom-hofte\/"},"modified":"2025-12-18T09:22:33","modified_gmt":"2025-12-18T08:22:33","slug":"donjoy-x-act-rom-hofte","status":"publish","type":"product","link":"https:\/\/fysiolab.dk\/no\/product\/donjoy-x-act-rom-hofte\/","title":{"rendered":"DonJoy X-ACT ROM Hofte"},"content":{"rendered":"<h3><strong>Optimal bruk av DonJoy X-ACT ROM Hip<\/strong><\/h3>\n<p>DonJoy X-Act ROM hofteortose er utviklet for \u00e5 gi effektiv postoperativ beskyttelse og st\u00f8tte til pasienter etter ulike typer hofteoperasjoner. <strong>Indikasjoner:<\/strong> Minimalt invasiv hoftekirurgi, labrumoperasjoner med eller uten gluteus medius, proksimal hamstringkirurgi, effektiv ROM-kontroll etter prim\u00e6r eller sekund\u00e6r hofteprotese.<\/p>\n<p><strong>Fordeler og funksjoner:<\/strong><\/p>\n<ul>\n<li>Kompresjonsbelte utviklet for \u00e5 beskytte korsryggen etter operasjonen<\/li>\n<li>Beskytter hofteleddet ved \u00e5 gi stabilitet for et begrenset bevegelsesomr\u00e5de etter kirurgiske inngrep<\/li>\n<li>Det virtuelle leddet kan enkelt justeres for \u00e5 kontrollere eller begrense hoftefleksjon, -ekstensjon, -adduksjon og -abduksjon<\/li>\n<li>Universalst\u00f8rrelser - kan brukes p\u00e5 begge sider av kroppen (h\u00f8yre\/venstre), og \u00e9n st\u00f8rrelse passer alle<\/li>\n<li>Enkel \u00e5 justere til en n\u00f8yaktig passform for deg<\/li>\n<li>Et lett alternativ til enkelte andre hofteortoser<\/li>\n<\/ul>\n<p><strong>St\u00f8rrelsesguide<\/strong><\/p>\n<p><strong>Universell st\u00f8rrelse som tilpasser seg deg<\/strong><\/p>\n<p><strong>Ta kontakt med FysioLabs fysioterapeuter p\u00e5 92724444 for sp\u00f8rsm\u00e5l. Fysisk konsultasjon kan kj\u00f8pes for 495,-. <\/strong><\/p>\n<p><iframe title=\"DonJoy X-Act ROM Hip Brace | Get flat 10% Off* | Shop Now Don&#039;t Miss Out!\" width=\"800\" height=\"450\" src=\"https:\/\/www.youtube.com\/embed\/kOl2K9c1NGQ?feature=oembed\" frameborder=\"0\" allow=\"accelerometer; autoplay; clipboard-write; encrypted-media; gyroscope; picture-in-picture; web-share\" referrerpolicy=\"strict-origin-when-cross-origin\" allowfullscreen><\/iframe><\/p>\n<p>&nbsp;<\/p>\n<p>&nbsp;<\/p>\n","protected":false},"excerpt":{"rendered":"<p><strong>DonJoy A-XCT ROM hoftebandasje anbefales etter hofte- og l\u00e5rkirurgi. Skinnen beskytter hoften mot ekstreme stillinger og s\u00f8rger for optimal beskyttelse og komfort under rehabiliteringen. <\/strong><\/p>\n","protected":false},"featured_media":81691,"comment_status":"closed","ping_status":"closed","template":"","meta":{"_acf_changed":false},"product_brand":[3091],"product_cat":[1938,2618,2503,1937,2617,1933],"product_tag":[2173],"class_list":{"0":"post-81682","1":"product","2":"type-product","3":"status-publish","4":"has-post-thumbnail","6":"product_brand-donjoy","7":"product_cat-donjoy-no","8":"product_cat-donjoy-hofte-og-lyskestoette","9":"product_cat-gaardsplass","10":"product_cat-merkevarer","11":"product_cat-postoperativ","12":"product_cat-skinner-og-stoetteskinner","13":"product_tag-donjoy-no","15":"first","16":"instock","17":"taxable","18":"shipping-taxable","19":"purchasable","20":"product-type-variable"},"acf":[],"_links":{"self":[{"href":"https:\/\/fysiolab.dk\/no\/wp-json\/wp\/v2\/product\/81682","targetHints":{"allow":["GET"]}}],"collection":[{"href":"https:\/\/fysiolab.dk\/no\/wp-json\/wp\/v2\/product"}],"about":[{"href":"https:\/\/fysiolab.dk\/no\/wp-json\/wp\/v2\/types\/product"}],"replies":[{"embeddable":true,"href":"https:\/\/fysiolab.dk\/no\/wp-json\/wp\/v2\/comments?post=81682"}],"wp:featuredmedia":[{"embeddable":true,"href":"https:\/\/fysiolab.dk\/no\/wp-json\/wp\/v2\/media\/81691"}],"wp:attachment":[{"href":"https:\/\/fysiolab.dk\/no\/wp-json\/wp\/v2\/media?parent=81682"}],"wp:term":[{"taxonomy":"product_brand","embeddable":true,"href":"https:\/\/fysiolab.dk\/no\/wp-json\/wp\/v2\/product_brand?post=81682"},{"taxonomy":"product_cat","embeddable":true,"href":"https:\/\/fysiolab.dk\/no\/wp-json\/wp\/v2\/product_cat?post=81682"},{"taxonomy":"product_tag","embeddable":true,"href":"https:\/\/fysiolab.dk\/no\/wp-json\/wp\/v2\/product_tag?post=81682"}],"curies":[{"name":"wp","href":"https:\/\/api.w.org\/{rel}","templated":true}]}}