{"id":81695,"date":"2023-07-16T12:56:14","date_gmt":"2023-07-16T10:56:14","guid":{"rendered":"https:\/\/fysiolab.dk\/product\/aircast-cryo-cuff-cooler-system\/"},"modified":"2025-12-18T09:22:32","modified_gmt":"2025-12-18T08:22:32","slug":"aircast-cryo-cuff-cooler-system","status":"publish","type":"product","link":"https:\/\/fysiolab.dk\/no\/product\/aircast-cryo-cuff-cooler-system\/","title":{"rendered":"Aircast Cryo\/Cuff Cooler-system"},"content":{"rendered":"<h4><strong>Aircast Cryo\/Cuff Cooler-system<\/strong><\/h4>\n<p><strong>Optimal anvendelse<\/strong><\/p>\n<p>Cryo\/Cuff-kj\u00f8lesystemet kombinerer fokusert kompresjon med kuldeterapi for \u00e5 gi optimal hevelseskontroll og minimere smerter, hevelser og \u00f8demer. Den enkle designen og brukervennligheten gj\u00f8r den ideell for postoperativ behandling, traumer, st\u00f8tskader, trening, restitusjon og hjemmebruk. Systemet er enkelt og trygt \u00e5 bruke, og du kan ta det med deg p\u00e5 farten hvis du er ut\u00f8ver i en klubb der skader m\u00e5 behandles raskt p\u00e5 stedet.  <\/p>\n<p><strong>Slik bruker du den:<\/strong><\/p>\n<p>Aircast-kj\u00f8leren er fylt med halvparten vann og halvparten is. N\u00e5r vannet har riktig temperatur, kan bandasjene\/manchettene fylles med vann fra trykket som bygges opp av den stilleg\u00e5ende motoren. Deretter er du klar til \u00e5 behandle det skadede omr\u00e5det med en kombinasjon av kulde og kompresjon  <\/p>\n<p><strong>Inkludert:<\/strong><\/p>\n<ul>\n<li>B\u00f8tte til vann og is<\/li>\n<li>Lokk til b\u00f8tte<\/li>\n<li>slange<\/li>\n<li>Str\u00f8mforsyning<\/li>\n<\/ul>\n<p>Se v\u00e5rt brede utvalg av bandasjer og ermer for behandling. V\u00e6r oppmerksom p\u00e5 at omslag\/hylser ikke er inkludert i systemet. <\/p>\n<p><strong>Fordeler og funksjoner<\/strong><\/p>\n<ul>\n<li>Fokusert kompresjon - Aircast Cryo\/Cuff er utviklet for automatisk \u00e5 gi spesifikk kompresjon for \u00e5 forhindre hevelse og redusere smerte<\/li>\n<li>Kliniske studier har vist at kulde og kompresjon er effektivt for \u00e5 redusere postoperativ hevelse og gjenvinne bevegelighet (ROM)<\/li>\n<li>Omslag og hylser for alle st\u00f8rre ledd<\/li>\n<li>30 sekunders p\u00e5\/av-syklus<\/li>\n<\/ul>\n<p><iframe title=\"Aircast Cryo Cuff Knee\" width=\"800\" height=\"450\" src=\"https:\/\/www.youtube.com\/embed\/beVV0F8x8hc?feature=oembed\" frameborder=\"0\" allow=\"accelerometer; autoplay; clipboard-write; encrypted-media; gyroscope; picture-in-picture; web-share\" referrerpolicy=\"strict-origin-when-cross-origin\" allowfullscreen><\/iframe><\/p>\n","protected":false},"excerpt":{"rendered":"<p><strong>Aircast Cryo\/Cuff Cooler er en enkel og trygg m\u00e5te \u00e5 bruke kulde- og kompresjonsbehandling p\u00e5 ved muskel- og leddskader og postoperative skader. Maskinen kombinerer kulde og kompresjon for \u00e5 fremme tilheling og minimere smerte. <\/strong><\/p>\n","protected":false},"featured_media":81699,"comment_status":"closed","ping_status":"closed","template":"","meta":{"_acf_changed":false},"product_brand":[3092],"product_cat":[2129,2613,2119,2124,2120,2122,1937,1941,1933],"product_tag":[2614],"class_list":{"0":"post-81695","1":"product","2":"type-product","3":"status-publish","4":"has-post-thumbnail","6":"product_brand-aircast","7":"product_cat-aircast-no","8":"product_cat-aircast-kuldebehandling-no","9":"product_cat-kald-og-varmebehandling","10":"product_cat-kald-varmebehandling","11":"product_cat-kalde-pakninger","12":"product_cat-kryoterapi","13":"product_cat-merkevarer","14":"product_cat-rekonvalesens-og-sportspleie","15":"product_cat-skinner-og-stoetteskinner","16":"product_tag-aircast-no","18":"first","19":"instock","20":"taxable","21":"shipping-taxable","22":"purchasable","23":"product-type-simple"},"acf":[],"_links":{"self":[{"href":"https:\/\/fysiolab.dk\/no\/wp-json\/wp\/v2\/product\/81695","targetHints":{"allow":["GET"]}}],"collection":[{"href":"https:\/\/fysiolab.dk\/no\/wp-json\/wp\/v2\/product"}],"about":[{"href":"https:\/\/fysiolab.dk\/no\/wp-json\/wp\/v2\/types\/product"}],"replies":[{"embeddable":true,"href":"https:\/\/fysiolab.dk\/no\/wp-json\/wp\/v2\/comments?post=81695"}],"wp:featuredmedia":[{"embeddable":true,"href":"https:\/\/fysiolab.dk\/no\/wp-json\/wp\/v2\/media\/81699"}],"wp:attachment":[{"href":"https:\/\/fysiolab.dk\/no\/wp-json\/wp\/v2\/media?parent=81695"}],"wp:term":[{"taxonomy":"product_brand","embeddable":true,"href":"https:\/\/fysiolab.dk\/no\/wp-json\/wp\/v2\/product_brand?post=81695"},{"taxonomy":"product_cat","embeddable":true,"href":"https:\/\/fysiolab.dk\/no\/wp-json\/wp\/v2\/product_cat?post=81695"},{"taxonomy":"product_tag","embeddable":true,"href":"https:\/\/fysiolab.dk\/no\/wp-json\/wp\/v2\/product_tag?post=81695"}],"curies":[{"name":"wp","href":"https:\/\/api.w.org\/{rel}","templated":true}]}}