{"id":81697,"date":"2023-07-16T12:55:28","date_gmt":"2023-07-16T10:55:28","guid":{"rendered":"https:\/\/fysiolab.dk\/product\/donjoy-brokkbelte\/"},"modified":"2025-12-18T09:22:33","modified_gmt":"2025-12-18T08:22:33","slug":"donjoy-brokkbelte","status":"publish","type":"product","link":"https:\/\/fysiolab.dk\/no\/product\/donjoy-brokkbelte\/","title":{"rendered":"DonJoy brokkbelte"},"content":{"rendered":"<h4><strong>Optimal bruk av DonJoy brokkbelte<\/strong><\/h4>\n<p>Gir justerbar, gradvis kompresjonsst\u00f8tte for \u00e5 redusere lyskebrokk og lindre ubehag.<\/p>\n<p><strong>Fordeler og funksjoner:<\/strong><\/p>\n<ul>\n<li>Enkel \u00e5 justere, myk linning og perineale stropper gir komfortabel kompresjon<\/li>\n<li>Avtakbare kompresjonsputer av skum for sk\u00e5nsom, gradvis kompresjon<\/li>\n<li>Behandler h\u00f8yre\/venstresidig eller dobbelt brokk<\/li>\n<li>Komfortabelt og lett nylonmateriale<\/li>\n<li>Lateksfri<\/li>\n<\/ul>\n<p><strong>St\u00f8rrelsesguide<\/strong><\/p>\n<p><strong>Hofteomkretsen m\u00e5les<\/strong><\/p>\n<p><a href=\"https:\/\/dev.fysiolab.dk\/wp-content\/uploads\/2025\/05\/X2.png\"><img fetchpriority=\"high\" decoding=\"async\" class=\"alignnone size-medium wp-image-202392649\" src=\"https:\/\/dev.fysiolab.dk\/wp-content\/uploads\/2025\/05\/X2-300x169.png\" alt=\"\" width=\"300\" height=\"169\" title=\"\"><\/a><\/p>\n<p><strong>Hofte st\u00f8rrelse  <\/strong><\/p>\n<p><strong>70-80 cm S<\/strong><\/p>\n<p><strong>80-95 cm M<\/strong><\/p>\n<p><strong>95-110 cm L<\/strong><\/p>\n<p><strong>110-120 cm XL<\/strong><\/p>\n<p><iframe title=\"Opm\u00e5lingsvejledning af hofteomkreds FysioLab\" width=\"800\" height=\"450\" src=\"https:\/\/www.youtube.com\/embed\/dBnUx5caACE?feature=oembed\" frameborder=\"0\" allow=\"accelerometer; autoplay; clipboard-write; encrypted-media; gyroscope; picture-in-picture; web-share\" referrerpolicy=\"strict-origin-when-cross-origin\" allowfullscreen><\/iframe><\/p>\n<p>&nbsp;<\/p>\n<p>&nbsp;<\/p>\n<p>&nbsp;<\/p>\n","protected":false},"excerpt":{"rendered":"<p><strong>DonJoy brokkbelte gir kompresjonsst\u00f8tte for \u00e5 lindre lyskebrokk og redusere ubehag. Enkel \u00e5 bruke og tilpasset for \u00e5 passe deg.   <\/strong><\/p>\n","protected":false},"featured_media":81709,"comment_status":"closed","ping_status":"closed","template":"","meta":{"_acf_changed":false},"product_brand":[3091],"product_cat":[1938,2618,2503,2619,1937,2184,1933],"product_tag":[2173],"class_list":{"0":"post-81697","1":"product","2":"type-product","3":"status-publish","4":"has-post-thumbnail","6":"product_brand-donjoy","7":"product_cat-donjoy-no","8":"product_cat-donjoy-hofte-og-lyskestoette","9":"product_cat-gaardsplass","10":"product_cat-lyskebrokk","11":"product_cat-merkevarer","12":"product_cat-rygg-og-korsrygg","13":"product_cat-skinner-og-stoetteskinner","14":"product_tag-donjoy-no","16":"first","17":"instock","18":"taxable","19":"shipping-taxable","20":"purchasable","21":"product-type-variable"},"acf":[],"_links":{"self":[{"href":"https:\/\/fysiolab.dk\/no\/wp-json\/wp\/v2\/product\/81697","targetHints":{"allow":["GET"]}}],"collection":[{"href":"https:\/\/fysiolab.dk\/no\/wp-json\/wp\/v2\/product"}],"about":[{"href":"https:\/\/fysiolab.dk\/no\/wp-json\/wp\/v2\/types\/product"}],"replies":[{"embeddable":true,"href":"https:\/\/fysiolab.dk\/no\/wp-json\/wp\/v2\/comments?post=81697"}],"wp:featuredmedia":[{"embeddable":true,"href":"https:\/\/fysiolab.dk\/no\/wp-json\/wp\/v2\/media\/81709"}],"wp:attachment":[{"href":"https:\/\/fysiolab.dk\/no\/wp-json\/wp\/v2\/media?parent=81697"}],"wp:term":[{"taxonomy":"product_brand","embeddable":true,"href":"https:\/\/fysiolab.dk\/no\/wp-json\/wp\/v2\/product_brand?post=81697"},{"taxonomy":"product_cat","embeddable":true,"href":"https:\/\/fysiolab.dk\/no\/wp-json\/wp\/v2\/product_cat?post=81697"},{"taxonomy":"product_tag","embeddable":true,"href":"https:\/\/fysiolab.dk\/no\/wp-json\/wp\/v2\/product_tag?post=81697"}],"curies":[{"name":"wp","href":"https:\/\/api.w.org\/{rel}","templated":true}]}}