{"id":81711,"date":"2023-07-16T12:54:12","date_gmt":"2023-07-16T10:54:12","guid":{"rendered":"https:\/\/fysiolab.dk\/product\/compex-coldform-skulderstoette\/"},"modified":"2025-12-18T09:22:34","modified_gmt":"2025-12-18T08:22:34","slug":"compex-coldform-skulderstoette","status":"publish","type":"product","link":"https:\/\/fysiolab.dk\/no\/product\/compex-coldform-skulderstoette\/","title":{"rendered":"Compex ColdForm skulderst\u00f8tte"},"content":{"rendered":"<h4><strong>Optimal bruk av Compex ColdForm skulderst\u00f8tte  <\/strong><\/h4>\n<p>Compex ColdForm Shoulder Wrap kombinerer kulde- og varmebehandling i \u00e9n og samme l\u00f8sning. Bandasjen er laget av 44 mm elastisk neopren med en innvendig lomme der en kulde-\/varmepakke kan plasseres avhengig av \u00f8nsket form\u00e5l. Bandasjen anbefales ved muskelskader, hevelser, senebetennelse, postoperative skader, skulderskader og for restitusjon etter hardt fysisk arbeid og trening.  <\/p>\n<p>Bandasjen kombinerer kompresjon med bevegelsesfrihet takket v\u00e6re det unike neoprenet med stretch. Bandasjen er enkel \u00e5 tilpasse til den enkelte med de smarte stroppene. Bandasjen leveres i en universalst\u00f8rrelse og tilpasses individuelt. Bandasjen kan brukes til b\u00e5de h\u00f8yre og venstre skulder.     <strong>Kald\/varm pakning inkludert.<\/strong><\/p>\n<p><strong>St\u00f8rrelsesguide<\/strong><\/p>\n<p><strong>Universell st\u00f8rrelse som passer deg<\/strong><\/p>\n","protected":false},"excerpt":{"rendered":"<p><strong>Compex ColdForm Shoulder Wrap gir kompresjon samtidig som den gir bevegelighet i skulderen. Den kombinerte kulde-\/varmepakken f\u00e5r plass i bandasjens innerlomme og fremmer tilheling. Anbefales for muskelskader og restitusjon.   Kald\/varm pakning inkludert.<\/strong><\/p>\n","protected":false},"featured_media":81719,"comment_status":"closed","ping_status":"closed","template":"","meta":{"_acf_changed":false},"product_brand":[],"product_cat":[2123,2013,2008,2620,2621,2007,2119,2124,2120,2185,1937,1941,1933,2118,2012,2016],"product_tag":[2019],"class_list":{"0":"post-81711","1":"product","2":"type-product","3":"status-publish","4":"has-post-thumbnail","6":"product_cat-brudd-og-etter-operasjon-i-skulderen","7":"product_cat-compex-no-2","8":"product_cat-compex-no","9":"product_cat-compex-skulderstoetter","10":"product_cat-compex-varme-kalde-bandasjer","11":"product_cat-donjoy-performance-no","12":"product_cat-kald-og-varmebehandling","13":"product_cat-kald-varmebehandling","14":"product_cat-kalde-pakninger","15":"product_cat-kombinerte-kulde-varmebandasjer","16":"product_cat-merkevarer","17":"product_cat-rekonvalesens-og-sportspleie","18":"product_cat-skinner-og-stoetteskinner","19":"product_cat-skulder-no","20":"product_cat-utstyr-for-crossfit","21":"product_cat-uttak","22":"product_tag-compex-no","24":"first","25":"outofstock","26":"taxable","27":"shipping-taxable","28":"purchasable","29":"product-type-variable"},"acf":[],"_links":{"self":[{"href":"https:\/\/fysiolab.dk\/no\/wp-json\/wp\/v2\/product\/81711","targetHints":{"allow":["GET"]}}],"collection":[{"href":"https:\/\/fysiolab.dk\/no\/wp-json\/wp\/v2\/product"}],"about":[{"href":"https:\/\/fysiolab.dk\/no\/wp-json\/wp\/v2\/types\/product"}],"replies":[{"embeddable":true,"href":"https:\/\/fysiolab.dk\/no\/wp-json\/wp\/v2\/comments?post=81711"}],"wp:featuredmedia":[{"embeddable":true,"href":"https:\/\/fysiolab.dk\/no\/wp-json\/wp\/v2\/media\/81719"}],"wp:attachment":[{"href":"https:\/\/fysiolab.dk\/no\/wp-json\/wp\/v2\/media?parent=81711"}],"wp:term":[{"taxonomy":"product_brand","embeddable":true,"href":"https:\/\/fysiolab.dk\/no\/wp-json\/wp\/v2\/product_brand?post=81711"},{"taxonomy":"product_cat","embeddable":true,"href":"https:\/\/fysiolab.dk\/no\/wp-json\/wp\/v2\/product_cat?post=81711"},{"taxonomy":"product_tag","embeddable":true,"href":"https:\/\/fysiolab.dk\/no\/wp-json\/wp\/v2\/product_tag?post=81711"}],"curies":[{"name":"wp","href":"https:\/\/api.w.org\/{rel}","templated":true}]}}