{"id":81712,"date":"2023-07-16T12:55:27","date_gmt":"2023-07-16T10:55:27","guid":{"rendered":"https:\/\/fysiolab.dk\/product\/donjoy-ernistrap-lyskebrokk\/"},"modified":"2025-12-18T09:22:34","modified_gmt":"2025-12-18T08:22:34","slug":"donjoy-ernistrap-lyskebrokk","status":"publish","type":"product","link":"https:\/\/fysiolab.dk\/no\/product\/donjoy-ernistrap-lyskebrokk\/","title":{"rendered":"DonJoy Ernistrap (lyskebrokk)"},"content":{"rendered":"<h3 data-start=\"79\" data-end=\"143\">DonJoy ErniStrap - Komfortabel st\u00f8tte for ensidig lyskebrokk<\/h3>\n<p data-start=\"145\" data-end=\"423\"><strong data-start=\"145\" data-end=\"165\">DonJoy ErniStrap er<\/strong> en spesialdesignet bandasje som gir effektiv st\u00f8tte og kompresjon for personer med ensidig lyskebrokk. Den er lett, diskret og komfortabel, og kan brukes hele dagen - p\u00e5 jobb, under fritidsaktiviteter eller som st\u00f8tte f\u00f8r og etter en operasjon. <\/p>\n<h3 data-start=\"425\" data-end=\"438\">Fordeler og fordeler<\/h3>\n<ul data-start=\"439\" data-end=\"779\">\n<li data-start=\"439\" data-end=\"548\">\n<p data-start=\"441\" data-end=\"548\"><strong data-start=\"441\" data-end=\"461\">Anatomisk design<\/strong>: Tilpasser seg kroppens konturer og gir optimal st\u00f8tte uten \u00e5 begrense bevegelsesfriheten.<\/p>\n<\/li>\n<li data-start=\"549\" data-end=\"626\">\n<p data-start=\"551\" data-end=\"626\"><strong data-start=\"551\" data-end=\"576\">Justerbar kompresjon<\/strong>: Reduserer trykk og ubehag i det ber\u00f8rte omr\u00e5det.<\/p>\n<\/li>\n<li data-start=\"627\" data-end=\"709\">\n<p data-start=\"629\" data-end=\"709\"><strong data-start=\"629\" data-end=\"650\">Pustende materiale<\/strong>: Komfortabelt og fukttransporterende for langvarig bruk.<\/p>\n<\/li>\n<li data-start=\"710\" data-end=\"779\">\n<p data-start=\"712\" data-end=\"779\"><strong data-start=\"712\" data-end=\"730\">Lett design<\/strong>: diskret under kl\u00e6rne, <strong data-start=\"712\" data-end=\"730\">lett<\/strong> \u00e5 ha p\u00e5 seg hele dagen.<\/p>\n<\/li>\n<\/ul>\n<h3 data-start=\"781\" data-end=\"797\">Hvordan bruke<\/h3>\n<ul data-start=\"798\" data-end=\"938\">\n<li data-start=\"798\" data-end=\"846\">\n<p data-start=\"800\" data-end=\"846\">Avlastning av ensidige lyskebrokk<\/p>\n<\/li>\n<li data-start=\"847\" data-end=\"899\">\n<p data-start=\"849\" data-end=\"899\">Forebygging av ubehag under daglige aktiviteter<\/p>\n<\/li>\n<li data-start=\"900\" data-end=\"938\">\n<p data-start=\"902\" data-end=\"938\">For st\u00f8tte f\u00f8r eller etter operasjonen<\/p>\n<\/li>\n<\/ul>\n<p><strong>St\u00f8rrelsesguide<\/strong><\/p>\n<p><strong>M\u00e5l omkretsen av hoftene<\/strong><\/p>\n<p><a href=\"https:\/\/dev.fysiolab.dk\/wp-content\/uploads\/2025\/05\/X2.png\"><img fetchpriority=\"high\" decoding=\"async\" class=\"alignnone size-medium wp-image-202392649\" src=\"https:\/\/dev.fysiolab.dk\/wp-content\/uploads\/2025\/05\/X2-300x169.png\" alt=\"\" width=\"300\" height=\"169\" title=\"\"><\/a><\/p>\n<h3 data-start=\"940\" data-end=\"956\">St\u00f8rrelser<\/h3>\n<ul data-start=\"957\" data-end=\"1037\">\n<li data-start=\"957\" data-end=\"982\">\n<p data-start=\"959\" data-end=\"982\"><strong data-start=\"959\" data-end=\"964\">S<\/strong>: Midje 70-89 cm<\/p>\n<\/li>\n<li data-start=\"983\" data-end=\"1009\">\n<p data-start=\"985\" data-end=\"1009\"><strong data-start=\"985\" data-end=\"990\">M<\/strong>: Midje 90-112 cm<\/p>\n<\/li>\n<li data-start=\"1010\" data-end=\"1037\">\n<p data-start=\"1012\" data-end=\"1037\"><strong data-start=\"1012\" data-end=\"1017\">L<\/strong>: Midje 113-135 cm<\/p>\n<\/li>\n<\/ul>\n<p><iframe title=\"Opm\u00e5lingsvejledning af hofteomkreds FysioLab\" width=\"800\" height=\"450\" src=\"https:\/\/www.youtube.com\/embed\/dBnUx5caACE?feature=oembed\" frameborder=\"0\" allow=\"accelerometer; autoplay; clipboard-write; encrypted-media; gyroscope; picture-in-picture; web-share\" referrerpolicy=\"strict-origin-when-cross-origin\" allowfullscreen><\/iframe><\/p>\n","protected":false},"excerpt":{"rendered":"<p><strong>Ernistrap gir gradvis trykk for \u00e5 redusere lyskebrokk. Takket v\u00e6re den justerbare kompresjonsst\u00f8tten lindres smerte og ubehag. Stroppen kan flyttes slik at den sitter p\u00e5 enten h\u00f8yre eller venstre side av lysken  <\/strong><\/p>\n","protected":false},"featured_media":81717,"comment_status":"closed","ping_status":"closed","template":"","meta":{"_acf_changed":false},"product_brand":[],"product_cat":[1938,2618,2503,2619,1937,2184,1933],"product_tag":[2173],"class_list":{"0":"post-81712","1":"product","2":"type-product","3":"status-publish","4":"has-post-thumbnail","6":"product_cat-donjoy-no","7":"product_cat-donjoy-hofte-og-lyskestoette","8":"product_cat-gaardsplass","9":"product_cat-lyskebrokk","10":"product_cat-merkevarer","11":"product_cat-rygg-og-korsrygg","12":"product_cat-skinner-og-stoetteskinner","13":"product_tag-donjoy-no","15":"first","16":"instock","17":"taxable","18":"shipping-taxable","19":"purchasable","20":"product-type-variable"},"acf":[],"_links":{"self":[{"href":"https:\/\/fysiolab.dk\/no\/wp-json\/wp\/v2\/product\/81712","targetHints":{"allow":["GET"]}}],"collection":[{"href":"https:\/\/fysiolab.dk\/no\/wp-json\/wp\/v2\/product"}],"about":[{"href":"https:\/\/fysiolab.dk\/no\/wp-json\/wp\/v2\/types\/product"}],"replies":[{"embeddable":true,"href":"https:\/\/fysiolab.dk\/no\/wp-json\/wp\/v2\/comments?post=81712"}],"wp:featuredmedia":[{"embeddable":true,"href":"https:\/\/fysiolab.dk\/no\/wp-json\/wp\/v2\/media\/81717"}],"wp:attachment":[{"href":"https:\/\/fysiolab.dk\/no\/wp-json\/wp\/v2\/media?parent=81712"}],"wp:term":[{"taxonomy":"product_brand","embeddable":true,"href":"https:\/\/fysiolab.dk\/no\/wp-json\/wp\/v2\/product_brand?post=81712"},{"taxonomy":"product_cat","embeddable":true,"href":"https:\/\/fysiolab.dk\/no\/wp-json\/wp\/v2\/product_cat?post=81712"},{"taxonomy":"product_tag","embeddable":true,"href":"https:\/\/fysiolab.dk\/no\/wp-json\/wp\/v2\/product_tag?post=81712"}],"curies":[{"name":"wp","href":"https:\/\/api.w.org\/{rel}","templated":true}]}}