{"id":81728,"date":"2023-07-16T12:55:27","date_gmt":"2023-07-16T10:55:27","guid":{"rendered":"https:\/\/fysiolab.dk\/product\/donjoy-performice-knebandasje\/"},"modified":"2025-12-18T09:22:33","modified_gmt":"2025-12-18T08:22:33","slug":"donjoy-performice-knebandasje","status":"publish","type":"product","link":"https:\/\/fysiolab.dk\/no\/product\/donjoy-performice-knebandasje\/","title":{"rendered":"DonJoy Perform&#8217;Ice knebandasje"},"content":{"rendered":"<h4><strong>Optimal bruk av DonJoy Perform&#8217;Ice Knee Support<\/strong><\/h4>\n<p>Denne unike kneskinnen har hengsler og kald kompresjon. Hengslene beskytter kneet, og den kalde kompresjonen bidrar til tilheling og restitusjon. Leveres i 2 forskjellige st\u00f8rrelser og <strong>kan brukes til b\u00e5de h\u00f8yre og venstre kne<\/strong>  <\/p>\n<p><strong>St\u00f8rrelsesguide  <\/strong><\/p>\n<p><strong>M\u00e5l omkretsen av l\u00e5ret 15 cm over knesk\u00e5len (se video lenger ned i teksten for instruksjoner)<\/strong><\/p>\n<p><a href=\"https:\/\/dev.fysiolab.dk\/wp-content\/uploads\/2025\/05\/Billede1.jpg\"><img fetchpriority=\"high\" decoding=\"async\" class=\"alignnone size-medium wp-image-202393828\" src=\"https:\/\/dev.fysiolab.dk\/wp-content\/uploads\/2025\/05\/Billede1-267x300.jpg\" alt=\"\" width=\"267\" height=\"300\" title=\"\"><\/a><\/p>\n<p><strong>Omkrets Str<\/strong><\/p>\n<p><strong>33-60 cm Standard<\/strong><\/p>\n<p><strong>61-81 cm XL<\/strong><\/p>\n<p><strong>Indikasjoner:<\/strong><\/p>\n<ul>\n<li>Brukes ved posttraumatiske skader og etter operasjoner<\/li>\n<li>Knesmerter som krever kompresjon og kulde<\/li>\n<li>Hevelse i kneet p\u00e5 grunn av mild ligamentskade eller ustabilitet, meniskskade, patellofemorale smerter<\/li>\n<li>Postoperativ bruk etter kneoperasjoner: Artroskopi, korsb\u00e5ndsrekonstruksjon, osteotomi, patellareparasjon og delvis total kneprotese<\/li>\n<\/ul>\n<p><strong>Fordeler og funksjoner:<\/strong><\/p>\n<ul>\n<li>Knest\u00f8tten er enkel \u00e5 ta p\u00e5 med 2 stropper som lukkes ved kontakt<\/li>\n<li>  Leveres med 2 ispakker, slik at du kan oppbevare 1 ekstra pakke i fryseren<\/li>\n<li>  Etter 4 timer i fryseren gir ispakken 20-30 minutter med kuldebehandling<\/li>\n<li>Ispakken har et mykt trekk for pasientens komfort.<\/li>\n<li>Stroppene gj\u00f8r det lettere \u00e5 justere bandasjen slik at den sitter godt<\/li>\n<li>Avtakbare polysentriske hengsler i aluminium for medial\/lateral stabilisering av ustabile kneledd<\/li>\n<li>Leveres i 2 st\u00f8rrelser<\/li>\n<\/ul>\n<p>Perform&#8217;Ice Knee inneholder:<\/p>\n<p>- 2 x isposer for lokal ekstern p\u00e5f\u00f8ring av kuldebehandling (bruk 1 i bandasjen - slik at du har en ekstra \u00e5 bytte mellom for \u00e5 holde deg kald til enhver tid)<\/p>\n<p>- 1 x oppbl\u00e5sbar mansjett som kompletterer kuldebehandlingen med en kompresjonseffekt<\/p>\n<p>- 1 x manuell pumpe for justering av kompresjonsniv\u00e5et<\/p>\n<p>- 1 x hygienisk polybag med pasient-ID for frysing av ispakker<\/p>\n<p>- 2 x avtakbare polysentriske hengsler for medial\/lateral st\u00f8tte<\/p>\n<p>&nbsp;<\/p>\n<p>&nbsp;<\/p>\n<p>&nbsp;<\/p>\n<p>&nbsp;<\/p>\n","protected":false},"excerpt":{"rendered":"<p><strong>DonJoy Perform&#8217;Ice kneskinne kombinerer det beste fra korsett og kulde-\/kompresjonsbehandling. Med denne skinnen kan du sikre optimal tilheling av kneet etter en operasjon\/p\u00e5virkning\/skade og optimal restitusjon etter hardt fysisk arbeid. <\/strong><\/p>\n<p>https:\/\/www.youtube.com\/watch?v=gHZnfVzfG_k<\/p>\n","protected":false},"featured_media":81733,"comment_status":"closed","ping_status":"closed","template":"","meta":{"_acf_changed":false},"product_brand":[3091],"product_cat":[1938,2126,1977,1974,2107,2146,2624,2119,2124,1978,2623,1979,1937,1976,1941,1933],"product_tag":[2173],"class_list":{"0":"post-81728","1":"product","2":"type-product","3":"status-publish","4":"has-post-thumbnail","6":"product_brand-donjoy","7":"product_cat-donjoy-no","8":"product_cat-donjoy-kald-varmebehandling","9":"product_cat-donjoy-knestoette","10":"product_cat-forstuet-kne","11":"product_cat-fraktur-og-etter-kneoperasjon-postoperativ","12":"product_cat-fremre-korsbaand","13":"product_cat-immobiliserende-kneskinne","14":"product_cat-kald-og-varmebehandling","15":"product_cat-kald-varmebehandling","16":"product_cat-knestoetter","17":"product_cat-kompresjonsskinne","18":"product_cat-menisk-no","19":"product_cat-merkevarer","20":"product_cat-overbelastning-no","21":"product_cat-rekonvalesens-og-sportspleie","22":"product_cat-skinner-og-stoetteskinner","23":"product_tag-donjoy-no","25":"first","26":"instock","27":"taxable","28":"shipping-taxable","29":"purchasable","30":"product-type-variable"},"acf":[],"_links":{"self":[{"href":"https:\/\/fysiolab.dk\/no\/wp-json\/wp\/v2\/product\/81728","targetHints":{"allow":["GET"]}}],"collection":[{"href":"https:\/\/fysiolab.dk\/no\/wp-json\/wp\/v2\/product"}],"about":[{"href":"https:\/\/fysiolab.dk\/no\/wp-json\/wp\/v2\/types\/product"}],"replies":[{"embeddable":true,"href":"https:\/\/fysiolab.dk\/no\/wp-json\/wp\/v2\/comments?post=81728"}],"wp:featuredmedia":[{"embeddable":true,"href":"https:\/\/fysiolab.dk\/no\/wp-json\/wp\/v2\/media\/81733"}],"wp:attachment":[{"href":"https:\/\/fysiolab.dk\/no\/wp-json\/wp\/v2\/media?parent=81728"}],"wp:term":[{"taxonomy":"product_brand","embeddable":true,"href":"https:\/\/fysiolab.dk\/no\/wp-json\/wp\/v2\/product_brand?post=81728"},{"taxonomy":"product_cat","embeddable":true,"href":"https:\/\/fysiolab.dk\/no\/wp-json\/wp\/v2\/product_cat?post=81728"},{"taxonomy":"product_tag","embeddable":true,"href":"https:\/\/fysiolab.dk\/no\/wp-json\/wp\/v2\/product_tag?post=81728"}],"curies":[{"name":"wp","href":"https:\/\/api.w.org\/{rel}","templated":true}]}}