{"id":81729,"date":"2023-07-16T12:54:11","date_gmt":"2023-07-16T10:54:11","guid":{"rendered":"https:\/\/fysiolab.dk\/product\/compex-coldform-knestoette\/"},"modified":"2025-12-18T09:22:35","modified_gmt":"2025-12-18T08:22:35","slug":"compex-coldform-knestoette","status":"publish","type":"product","link":"https:\/\/fysiolab.dk\/no\/product\/compex-coldform-knestoette\/","title":{"rendered":"Compex ColdForm knest\u00f8tte"},"content":{"rendered":"<h4><strong>Optimal bruk av Compex ColdForm Knee Support<\/strong><\/h4>\n<p>Med denne unike knebandasjen kan du behandle kneet med b\u00e5de kulde og varme. Bandasjen har en innerlomme der den kombinerte t\u00f8y-\/varmepakken f\u00e5r plass. Legg bandasjen i fryseren (min. 60 min.) eller mikrob\u00f8lgeovnen (35 sek.), og du kan behandle kneet slik du \u00f8nsker.  <\/p>\n<p>Med sin omsluttende design og stropper er skinnen enkel \u00e5 tilpasse og sikrer god komfort. Den er laget av 4 mm elastisk neopren som b\u00e5de gir kompresjon og tillater bevegelse over kneet. Bandasjen passer b\u00e5de h\u00f8yre og venstre kne.  <\/p>\n<p>Bandasjen fremmer tilheling og restitusjon etter hardt arbeid og trening.  <strong>Kald\/varm pakning inkludert.<\/strong><\/p>\n<p><strong>Gelpakken m\u00e5ler 21&#215;14 cm<\/strong><\/p>\n<p><strong>St\u00f8rrelsesguide (passer b\u00e5de til venstre og h\u00f8yre)<\/strong><\/p>\n<p><strong>M\u00e5l omkretsen av kneet rundt knesk\u00e5len<\/strong><\/p>\n<p>&nbsp;<\/p>\n<p><a href=\"https:\/\/dev.fysiolab.dk\/wp-content\/uploads\/2025\/05\/K3-1.png\"><img fetchpriority=\"high\" decoding=\"async\" class=\"alignnone size-medium wp-image-202393482\" src=\"https:\/\/dev.fysiolab.dk\/wp-content\/uploads\/2025\/05\/K3-1-300x169.png\" alt=\"\" width=\"300\" height=\"169\" title=\"\"><\/a><\/p>\n<p><strong>Omkrets Str<\/strong><\/p>\n<p><strong>30-38 cm S\/M<\/strong><\/p>\n<p><strong>38-48 cm L\/XL<\/strong><\/p>\n<p><iframe title=\"ColdForm Utility | Compex\" width=\"800\" height=\"450\" src=\"https:\/\/www.youtube.com\/embed\/WNYOXzoLyS0?feature=oembed\" frameborder=\"0\" allow=\"accelerometer; autoplay; clipboard-write; encrypted-media; gyroscope; picture-in-picture; web-share\" referrerpolicy=\"strict-origin-when-cross-origin\" allowfullscreen><\/iframe><\/p>\n<p>&nbsp;<\/p>\n<p>&nbsp;<\/p>\n<p>&nbsp;<\/p>\n","protected":false},"excerpt":{"rendered":"<p><strong>Compex ColdForm Knee Brace kombinerer kulde- og varmebehandling med en tilh\u00f8rende pakning som du kan sette inn i skinnen og behandle kneet med. Anbefales ved overbelastning, restitusjon og generelle knesmerter.  Kald\/varm pakning inkludert. Passer b\u00e5de til venstre og h\u00f8yre.  <\/strong><\/p>\n<p>https:\/\/www.youtube.com\/watch?v=00TC7Jtjqs8<\/p>\n","protected":false},"featured_media":81739,"comment_status":"closed","ping_status":"closed","template":"","meta":{"_acf_changed":false},"product_brand":[],"product_cat":[1981,2013,2008,2014,2621,2007,1974,2107,2119,2124,2120,1978,2185,1937,1976,1941,1933],"product_tag":[2019],"class_list":{"0":"post-81729","1":"product","2":"type-product","3":"status-publish","4":"has-post-thumbnail","6":"product_cat-artrose-menisk-bruskskade","7":"product_cat-compex-no-2","8":"product_cat-compex-no","9":"product_cat-compex-knestoetter","10":"product_cat-compex-varme-kalde-bandasjer","11":"product_cat-donjoy-performance-no","12":"product_cat-forstuet-kne","13":"product_cat-fraktur-og-etter-kneoperasjon-postoperativ","14":"product_cat-kald-og-varmebehandling","15":"product_cat-kald-varmebehandling","16":"product_cat-kalde-pakninger","17":"product_cat-knestoetter","18":"product_cat-kombinerte-kulde-varmebandasjer","19":"product_cat-merkevarer","20":"product_cat-overbelastning-no","21":"product_cat-rekonvalesens-og-sportspleie","22":"product_cat-skinner-og-stoetteskinner","23":"product_tag-compex-no","25":"first","26":"instock","27":"taxable","28":"shipping-taxable","29":"purchasable","30":"product-type-variable"},"acf":[],"_links":{"self":[{"href":"https:\/\/fysiolab.dk\/no\/wp-json\/wp\/v2\/product\/81729","targetHints":{"allow":["GET"]}}],"collection":[{"href":"https:\/\/fysiolab.dk\/no\/wp-json\/wp\/v2\/product"}],"about":[{"href":"https:\/\/fysiolab.dk\/no\/wp-json\/wp\/v2\/types\/product"}],"replies":[{"embeddable":true,"href":"https:\/\/fysiolab.dk\/no\/wp-json\/wp\/v2\/comments?post=81729"}],"wp:featuredmedia":[{"embeddable":true,"href":"https:\/\/fysiolab.dk\/no\/wp-json\/wp\/v2\/media\/81739"}],"wp:attachment":[{"href":"https:\/\/fysiolab.dk\/no\/wp-json\/wp\/v2\/media?parent=81729"}],"wp:term":[{"taxonomy":"product_brand","embeddable":true,"href":"https:\/\/fysiolab.dk\/no\/wp-json\/wp\/v2\/product_brand?post=81729"},{"taxonomy":"product_cat","embeddable":true,"href":"https:\/\/fysiolab.dk\/no\/wp-json\/wp\/v2\/product_cat?post=81729"},{"taxonomy":"product_tag","embeddable":true,"href":"https:\/\/fysiolab.dk\/no\/wp-json\/wp\/v2\/product_tag?post=81729"}],"curies":[{"name":"wp","href":"https:\/\/api.w.org\/{rel}","templated":true}]}}