{"id":81747,"date":"2023-07-16T12:55:02","date_gmt":"2023-07-16T10:55:02","guid":{"rendered":"https:\/\/fysiolab.dk\/product\/donjoy-support-everest-ice-knebeskytter\/"},"modified":"2025-12-18T09:22:34","modified_gmt":"2025-12-18T08:22:34","slug":"donjoy-support-everest-ice-knebeskytter","status":"publish","type":"product","link":"https:\/\/fysiolab.dk\/no\/product\/donjoy-support-everest-ice-knebeskytter\/","title":{"rendered":"DonJoy Support Everest Ice knebeskytter"},"content":{"rendered":"<h4 style=\"text-align: left;\"><strong>Optimal bruk av DonJoy Support Everest Ice  <\/strong><\/h4>\n<p style=\"text-align: left;\">En beskyttende 3-i-1-l\u00f8sning for rehabilitering, kryoterapi og kompresjon. Den avtakbare knemansjetten for kryoterapi og kompresjon gir ekstra terapeutiske fordeler i posttraumatisk eller postoperativ sammenheng. Denne allsidige kneskinnen kan tilpasses ulike stadier av behandlingen og rehabiliteringen: fra innledende immobilisering til bevegelseskontroll og funksjonell bruk ved gjenopptakelse av aktiviteter.    <strong>Kan brukes til b\u00e5de h\u00f8yre og venstre kne<\/strong><\/p>\n<p><strong>St\u00f8rrelsesguide<\/strong><\/p>\n<p><strong>M\u00e5l omkretsen av l\u00e5ret 15 cm over knesk\u00e5len (se video lenger ned i teksten for instruksjoner)<\/strong><\/p>\n<p><a href=\"https:\/\/dev.fysiolab.dk\/wp-content\/uploads\/2025\/05\/Billede1.jpg\"><img fetchpriority=\"high\" decoding=\"async\" class=\"alignnone size-medium wp-image-202393828\" src=\"https:\/\/dev.fysiolab.dk\/wp-content\/uploads\/2025\/05\/Billede1-267x300.jpg\" alt=\"\" width=\"267\" height=\"300\" title=\"\"><\/a><\/p>\n<p><strong>Omkrets Str<\/strong><\/p>\n<p><strong>33-37 cm XS<\/strong><\/p>\n<p><strong>38-43 cm S<\/strong><\/p>\n<p><strong>44-49 cm M<\/strong><\/p>\n<p><strong>50-55 cm L<\/strong><\/p>\n<p><strong>56-60 cm XL<\/strong><\/p>\n<p><strong>+60 cm XXL<\/strong><\/p>\n<p style=\"text-align: left;\"><strong>Indikasjoner:<\/strong><\/p>\n<p style=\"text-align: left;\">- Posttraumatisk eller postoperativ bruk ved moderate til alvorlige ligamentskader, menisklesjoner, kneoperasjoner, smertebehandling og hevelseskontroll, funksjonell rehabilitering, tilbakef\u00f8ring til aktiviteter - Postoperativ bruk etter f\u00f8lgende kneoperasjoner: artroskopi, ligamentreparasjon, patellareparasjon, osteotomi, delvis<\/p>\n<p>eller total kneprotese.<\/p>\n<p style=\"text-align: left;\"><strong>Fordeler og funksjoner<\/strong><\/p>\n<p style=\"text-align: left;\">- Wraparound-strukturen sikrer at du enkelt kan sette p\u00e5 skinnen p\u00e5 kneet selv<\/p>\n<p>- 4 uavhengige stropper - justerer kompresjonsniv\u00e5 og st\u00f8tte.<\/p>\n<p>- Bilateral modell - passer b\u00e5de til venstre og h\u00f8yre.<\/p>\n<p>- 2 hengsler - immobilisering ved 0\u00b0 eller 15\u00b0 fleksjon. Bevegelseskontroll med fleksjons-\/ekstensjonsstopp ved 0\u00b0, 15\u00b0, 30\u00b0, 60\u00b0 og 90\u00b0. <\/p>\n<p>Enkelt \u00e5 justere b\u00f8ynings-\/forlengelsesstopp (ingen verkt\u00f8y kreves).<\/p>\n<p>- Avtakbar avstivning p\u00e5 baksiden.<\/p>\n<p>- Avtakbar knemansjett med ispose for lokal ekstern kuldebehandling samt en oppbl\u00e5sbar mansjett med manuell pumpe som gir kompresjonseffekt til<\/p>\n<p>kalde terapier.<\/p>\n<p>- Leveres med 2 ispakker, slik at du kan oppbevare 1 ekstra pakke i fryseren.<\/p>\n<p>- Etter 4 timer i fryseren gir isposen 20 til 30 minutter med kuldebehandling.<\/p>\n<p>- Ice Pack-gelen er formbar og tilpasser seg pasientens anatomi.<\/p>\n<p>- Ispakken har et mykt trekk for pasientens komfort<\/p>\n<p>- Oppbl\u00e5sbar mansjett med luftcelle og manuell pumpe som gj\u00f8r at du kan justere kompresjonsniv\u00e5et.<\/p>\n<p>- Knemansjetten er enkel \u00e5 bruke med de to kontaktstroppene.<\/p>\n<p>- Knemansjetten kan enkelt tilpasses under Support Everest knebandasje.<\/p>\n<p>&nbsp;<\/p>\n<p><strong>Fransk demovideo<\/strong><\/p>\n<p><iframe title=\"Support Everest Ice DonJoy - Mise en place\" width=\"800\" height=\"450\" src=\"https:\/\/www.youtube.com\/embed\/JrdcvvPmQXU?feature=oembed\" frameborder=\"0\" allow=\"accelerometer; autoplay; clipboard-write; encrypted-media; gyroscope; picture-in-picture; web-share\" referrerpolicy=\"strict-origin-when-cross-origin\" allowfullscreen><\/iframe><\/p>\n","protected":false},"excerpt":{"rendered":"<p><strong>DonJoy Support Everest Ice er en 3-i-1-l\u00f8sning for rehabilitering, kryoterapi og kompresjon for kneet ditt. Bandasjen beskytter kneet etter operasjonen og under rehabiliteringen, og den kombinerte kryoterapien og kompresjonen s\u00f8rger for optimale helingsforhold og restitusjon for kneet. <\/strong><\/p>\n<p>https:\/\/www.youtube.com\/watch?v=gHZnfVzfG_k<\/p>\n","protected":false},"featured_media":81757,"comment_status":"closed","ping_status":"closed","template":"","meta":{"_acf_changed":false},"product_brand":[3091],"product_cat":[1938,2126,2145,2150,2151,2119,2124,2148,2623,1937,1970,1941,1933],"product_tag":[2173],"class_list":{"0":"post-81747","1":"product","2":"type-product","3":"status-publish","4":"has-post-thumbnail","6":"product_brand-donjoy","7":"product_cat-donjoy-no","8":"product_cat-donjoy-kald-varmebehandling","9":"product_cat-donjoy-kneskinne","10":"product_cat-fraktur-og-etter-kneoperasjon-postoperativ-no","11":"product_cat-immobiliserende-kneskinner","12":"product_cat-kald-og-varmebehandling","13":"product_cat-kald-varmebehandling","14":"product_cat-knestoetter-no","15":"product_cat-kompresjonsskinne","16":"product_cat-merkevarer","17":"product_cat-padel-no","18":"product_cat-rekonvalesens-og-sportspleie","19":"product_cat-skinner-og-stoetteskinner","20":"product_tag-donjoy-no","22":"first","23":"instock","24":"taxable","25":"shipping-taxable","26":"purchasable","27":"product-type-variable"},"acf":[],"_links":{"self":[{"href":"https:\/\/fysiolab.dk\/no\/wp-json\/wp\/v2\/product\/81747","targetHints":{"allow":["GET"]}}],"collection":[{"href":"https:\/\/fysiolab.dk\/no\/wp-json\/wp\/v2\/product"}],"about":[{"href":"https:\/\/fysiolab.dk\/no\/wp-json\/wp\/v2\/types\/product"}],"replies":[{"embeddable":true,"href":"https:\/\/fysiolab.dk\/no\/wp-json\/wp\/v2\/comments?post=81747"}],"wp:featuredmedia":[{"embeddable":true,"href":"https:\/\/fysiolab.dk\/no\/wp-json\/wp\/v2\/media\/81757"}],"wp:attachment":[{"href":"https:\/\/fysiolab.dk\/no\/wp-json\/wp\/v2\/media?parent=81747"}],"wp:term":[{"taxonomy":"product_brand","embeddable":true,"href":"https:\/\/fysiolab.dk\/no\/wp-json\/wp\/v2\/product_brand?post=81747"},{"taxonomy":"product_cat","embeddable":true,"href":"https:\/\/fysiolab.dk\/no\/wp-json\/wp\/v2\/product_cat?post=81747"},{"taxonomy":"product_tag","embeddable":true,"href":"https:\/\/fysiolab.dk\/no\/wp-json\/wp\/v2\/product_tag?post=81747"}],"curies":[{"name":"wp","href":"https:\/\/api.w.org\/{rel}","templated":true}]}}