{"id":81748,"date":"2023-07-16T12:53:42","date_gmt":"2023-07-16T10:53:42","guid":{"rendered":"https:\/\/fysiolab.dk\/product\/compex-coldform-ryggstoette\/"},"modified":"2025-12-18T09:22:35","modified_gmt":"2025-12-18T08:22:35","slug":"compex-coldform-ryggstoette","status":"publish","type":"product","link":"https:\/\/fysiolab.dk\/no\/product\/compex-coldform-ryggstoette\/","title":{"rendered":"Compex ColdForm ryggst\u00f8tte"},"content":{"rendered":"<h4><strong>Optimal bruk av Compex ColdForm ryggst\u00f8tte<\/strong><\/h4>\n<p>Compex ColdForm Back Brace er et korsett som kombinerer kulde- og varmebehandling for ryggen hvis du har overanstrengt den under trening eller arbeid. trening eller arbeid. Bandasjen har en innerlomme der du kan sette inn kulde-\/varmepakken og behandle ryggen etter behov og skade. <\/p>\n<p>Bandasjen gir presis og n\u00f8yaktig kulde-\/varmebehandling av det skadede omr\u00e5det. Den er enkel \u00e5 legge p\u00e5 og tilpasse til den enkelte. Bandasjen er laget av 4 mm elastisk neopren som gir kompresjon til omr\u00e5det samtidig som musklene kan bevege seg. Den medf\u00f8lgende gelpakken kan gjenbrukes og kan legges i fryseren eller mikrob\u00f8lgeovnen etter behov.    Kald\/varm pakning inkludert.<\/p>\n<p><strong>St\u00f8rrelsesguide<\/strong><\/p>\n<p><strong>M\u00e5l midjem\u00e5let ditt ved navlen (se videoen nedenfor for instruksjoner)<\/strong><\/p>\n<p><strong>Omkrets Str<\/strong><\/p>\n<p><strong>64-94 cm S\/M<\/strong><\/p>\n<p><strong>94-114 cm L\/XL<\/strong><\/p>\n<p>&nbsp;<\/p>\n<p><iframe title=\"ColdForm Utility | Compex\" width=\"800\" height=\"450\" src=\"https:\/\/www.youtube.com\/embed\/WNYOXzoLyS0?feature=oembed\" frameborder=\"0\" allow=\"accelerometer; autoplay; clipboard-write; encrypted-media; gyroscope; picture-in-picture; web-share\" referrerpolicy=\"strict-origin-when-cross-origin\" allowfullscreen><\/iframe><\/p>\n","protected":false},"excerpt":{"rendered":"<p><strong>Compex ColdForm Ryggst\u00f8tte gir deg den optimale muligheten til \u00e5 behandle ryggen med kulde\/varme ved hjelp av den tilh\u00f8rende pakningen som passer inn i st\u00f8tten. Anbefales for restitusjon og behandling etter hardt arbeid og trening. <\/strong><\/p>\n<p>https:\/\/www.youtube.com\/watch?v=_c2mbw5K7uY<\/p>\n","protected":false},"featured_media":81763,"comment_status":"closed","ping_status":"closed","template":"","meta":{"_acf_changed":false},"product_brand":[],"product_cat":[2188,2189,2191,2008,2013,2506,2621,2007,2119,2124,2120,2185,1937,1941,2184,1933,2187],"product_tag":[2019],"class_list":{"0":"post-81748","1":"product","2":"type-product","3":"status-publish","4":"has-post-thumbnail","6":"product_cat-anstrengt-rygg","7":"product_cat-artrose-i-ryggen","8":"product_cat-brudd-i-ryggen-brudd-i-ryggraden","9":"product_cat-compex-no","10":"product_cat-compex-no-2","11":"product_cat-compex-ryggstoetter","12":"product_cat-compex-varme-kalde-bandasjer","13":"product_cat-donjoy-performance-no","14":"product_cat-kald-og-varmebehandling","15":"product_cat-kald-varmebehandling","16":"product_cat-kalde-pakninger","17":"product_cat-kombinerte-kulde-varmebandasjer","18":"product_cat-merkevarer","19":"product_cat-rekonvalesens-og-sportspleie","20":"product_cat-rygg-og-korsrygg","21":"product_cat-skinner-og-stoetteskinner","22":"product_cat-smerter-i-nedre-del-av-ryggen","23":"product_tag-compex-no","25":"first","26":"instock","27":"taxable","28":"shipping-taxable","29":"purchasable","30":"product-type-variable"},"acf":[],"_links":{"self":[{"href":"https:\/\/fysiolab.dk\/no\/wp-json\/wp\/v2\/product\/81748","targetHints":{"allow":["GET"]}}],"collection":[{"href":"https:\/\/fysiolab.dk\/no\/wp-json\/wp\/v2\/product"}],"about":[{"href":"https:\/\/fysiolab.dk\/no\/wp-json\/wp\/v2\/types\/product"}],"replies":[{"embeddable":true,"href":"https:\/\/fysiolab.dk\/no\/wp-json\/wp\/v2\/comments?post=81748"}],"wp:featuredmedia":[{"embeddable":true,"href":"https:\/\/fysiolab.dk\/no\/wp-json\/wp\/v2\/media\/81763"}],"wp:attachment":[{"href":"https:\/\/fysiolab.dk\/no\/wp-json\/wp\/v2\/media?parent=81748"}],"wp:term":[{"taxonomy":"product_brand","embeddable":true,"href":"https:\/\/fysiolab.dk\/no\/wp-json\/wp\/v2\/product_brand?post=81748"},{"taxonomy":"product_cat","embeddable":true,"href":"https:\/\/fysiolab.dk\/no\/wp-json\/wp\/v2\/product_cat?post=81748"},{"taxonomy":"product_tag","embeddable":true,"href":"https:\/\/fysiolab.dk\/no\/wp-json\/wp\/v2\/product_tag?post=81748"}],"curies":[{"name":"wp","href":"https:\/\/api.w.org\/{rel}","templated":true}]}}