{"id":81769,"date":"2023-07-16T12:53:42","date_gmt":"2023-07-16T10:53:42","guid":{"rendered":"https:\/\/fysiolab.dk\/product\/procare-universal-clavicle-kragebein\/"},"modified":"2025-12-18T09:22:35","modified_gmt":"2025-12-18T08:22:35","slug":"procare-universal-clavicle-kragebein","status":"publish","type":"product","link":"https:\/\/fysiolab.dk\/no\/product\/procare-universal-clavicle-kragebein\/","title":{"rendered":"ProCare Universal Clavicle (kragebein)"},"content":{"rendered":"<h4><strong>Optimal bruk av ProCare Universal Clavicle<\/strong><\/h4>\n<p>Bandasje for beskyttelse og immobilisering av kragebeinet. Kan brukes ved brudd eller forskyvning av kragebeinet. Bandasjen er laget av skum og nylon og har en kontaktlukning som gj\u00f8r den enkel \u00e5 sette p\u00e5 og ta av. Bandasjen har avtagbare \"D\"-lukninger for individuell justering.     <strong>Kan justeres slik at den passer deg.<\/strong><\/p>\n<p><strong>St\u00f8rrelsesguide<\/strong><\/p>\n<p><strong>Leveres i en universell st\u00f8rrelse som kan tilpasses deg<\/strong><\/p>\n","protected":false},"excerpt":{"rendered":"<p><strong>ProCare Universal Clavicle anbefales ved kragebeinsbrudd eller andre kragebeinsrelaterte smerter. Den er enkel \u00e5 bruke og kan tilpasses den enkelte. <\/strong><\/p>\n","protected":false},"featured_media":81770,"comment_status":"closed","ping_status":"closed","template":"","meta":{"_acf_changed":false},"product_brand":[3139],"product_cat":[2270,1937,2000,2625,2184,1933,2118],"product_tag":[2264],"class_list":{"0":"post-81769","1":"product","2":"type-product","3":"status-publish","4":"has-post-thumbnail","6":"product_brand-procare","7":"product_cat-brudd-paa-kragebeinet-kragebeinsbrudd","8":"product_cat-merkevarer","9":"product_cat-procare-no","10":"product_cat-procare-kragebeinsbandasje","11":"product_cat-rygg-og-korsrygg","12":"product_cat-skinner-og-stoetteskinner","13":"product_cat-skulder-no","14":"product_tag-procare-no","16":"first","17":"instock","18":"taxable","19":"shipping-taxable","20":"purchasable","21":"product-type-simple"},"acf":[],"_links":{"self":[{"href":"https:\/\/fysiolab.dk\/no\/wp-json\/wp\/v2\/product\/81769","targetHints":{"allow":["GET"]}}],"collection":[{"href":"https:\/\/fysiolab.dk\/no\/wp-json\/wp\/v2\/product"}],"about":[{"href":"https:\/\/fysiolab.dk\/no\/wp-json\/wp\/v2\/types\/product"}],"replies":[{"embeddable":true,"href":"https:\/\/fysiolab.dk\/no\/wp-json\/wp\/v2\/comments?post=81769"}],"wp:featuredmedia":[{"embeddable":true,"href":"https:\/\/fysiolab.dk\/no\/wp-json\/wp\/v2\/media\/81770"}],"wp:attachment":[{"href":"https:\/\/fysiolab.dk\/no\/wp-json\/wp\/v2\/media?parent=81769"}],"wp:term":[{"taxonomy":"product_brand","embeddable":true,"href":"https:\/\/fysiolab.dk\/no\/wp-json\/wp\/v2\/product_brand?post=81769"},{"taxonomy":"product_cat","embeddable":true,"href":"https:\/\/fysiolab.dk\/no\/wp-json\/wp\/v2\/product_cat?post=81769"},{"taxonomy":"product_tag","embeddable":true,"href":"https:\/\/fysiolab.dk\/no\/wp-json\/wp\/v2\/product_tag?post=81769"}],"curies":[{"name":"wp","href":"https:\/\/api.w.org\/{rel}","templated":true}]}}