{"id":81778,"date":"2023-07-16T12:53:41","date_gmt":"2023-07-16T10:53:41","guid":{"rendered":"https:\/\/fysiolab.dk\/product\/procare-universal-deluxe-deluxe-ribbelte\/"},"modified":"2025-12-18T09:22:35","modified_gmt":"2025-12-18T08:22:35","slug":"procare-universal-deluxe-deluxe-ribbelte","status":"publish","type":"product","link":"https:\/\/fysiolab.dk\/no\/product\/procare-universal-deluxe-deluxe-ribbelte\/","title":{"rendered":"ProCare Universal Deluxe Deluxe ribbelte"},"content":{"rendered":"<h3><strong>Optimal bruk av ProCare Universal Deluxe Rib Belt<\/strong><\/h3>\n<p>Elastisk belte med 2 paneler, hvert 15 cm bredt. Flanellf\u00f4r og borrel\u00e5sfeste sikrer en optimal og komfortabel passform. Ideell for kompresjon og st\u00f8tte ved brudd og sammenpressede ribbein. Bandasjen er lateksfri og kan legges direkte p\u00e5 huden.     <strong>Finnes i dame- og herremodeller (71-127 cm) og en ekstra lang modell (127-165 cm). Omkrets rundt brystkassen. Bandasjen kan brukes ved skader p\u00e5 b\u00e5de h\u00f8yre og venstre side av brystkassen og ved skader p\u00e5 ribbeina i ryggregionen.  <\/strong><\/p>\n<p><strong>St\u00f8rrelsesguide<\/strong><\/p>\n<p><strong>M\u00e5l brystomkretsen (se video lenger ned i teksten for instruksjoner)<\/strong><\/p>\n<p><a href=\"https:\/\/dev.fysiolab.dk\/wp-content\/uploads\/2025\/05\/X3.png\"><img fetchpriority=\"high\" decoding=\"async\" class=\"alignnone size-medium wp-image-202392645\" src=\"https:\/\/dev.fysiolab.dk\/wp-content\/uploads\/2025\/05\/X3-300x169.png\" alt=\"\" width=\"300\" height=\"169\" title=\"\"><\/a><\/p>\n<p><strong>Modell for kvinner<\/strong><\/p>\n<p><strong>Universalst\u00f8rrelse 71-127 cm<\/strong><\/p>\n<p><strong>XL-st\u00f8rrelse 127-165 cm<\/strong><\/p>\n<p><strong>Herremodell  <\/strong><\/p>\n<p><strong>Universalst\u00f8rrelse 71-1127 cm<\/strong><\/p>\n<p><strong>XL-st\u00f8rrelse 127-165 cm<\/strong><\/p>\n<p><iframe title=\"Opm\u00e5lingsvejledning til omkreds af brystkasse FysioLab\" width=\"800\" height=\"450\" src=\"https:\/\/www.youtube.com\/embed\/PvHfgwidvds?feature=oembed\" frameborder=\"0\" allow=\"accelerometer; autoplay; clipboard-write; encrypted-media; gyroscope; picture-in-picture; web-share\" referrerpolicy=\"strict-origin-when-cross-origin\" allowfullscreen><\/iframe><\/p>\n","protected":false},"excerpt":{"rendered":"<p><strong>ProCare Universal Deluxe Rib Belt anbefales for immobilisering og beskyttelse av ribbeinsbrudd og sammenpressede ribbein. Gir kompresjon og bidrar til \u00e5 stabilisere og beskytte ribbeina. <\/strong><\/p>\n","protected":false},"featured_media":81784,"comment_status":"closed","ping_status":"closed","template":"","meta":{"_acf_changed":false},"product_brand":[3139],"product_cat":[2197,1937,2000,2198,2184,1933],"product_tag":[2264],"class_list":{"0":"post-81778","1":"product","2":"type-product","3":"status-publish","4":"has-post-thumbnail","6":"product_brand-procare","7":"product_cat-bryst-boeyd-ribbein-brutt-ribbein","8":"product_cat-merkevarer","9":"product_cat-procare-no","10":"product_cat-procare-ribbebelter","11":"product_cat-rygg-og-korsrygg","12":"product_cat-skinner-og-stoetteskinner","13":"product_tag-procare-no","15":"first","16":"instock","17":"taxable","18":"shipping-taxable","19":"purchasable","20":"product-type-variable"},"acf":[],"_links":{"self":[{"href":"https:\/\/fysiolab.dk\/no\/wp-json\/wp\/v2\/product\/81778","targetHints":{"allow":["GET"]}}],"collection":[{"href":"https:\/\/fysiolab.dk\/no\/wp-json\/wp\/v2\/product"}],"about":[{"href":"https:\/\/fysiolab.dk\/no\/wp-json\/wp\/v2\/types\/product"}],"replies":[{"embeddable":true,"href":"https:\/\/fysiolab.dk\/no\/wp-json\/wp\/v2\/comments?post=81778"}],"wp:featuredmedia":[{"embeddable":true,"href":"https:\/\/fysiolab.dk\/no\/wp-json\/wp\/v2\/media\/81784"}],"wp:attachment":[{"href":"https:\/\/fysiolab.dk\/no\/wp-json\/wp\/v2\/media?parent=81778"}],"wp:term":[{"taxonomy":"product_brand","embeddable":true,"href":"https:\/\/fysiolab.dk\/no\/wp-json\/wp\/v2\/product_brand?post=81778"},{"taxonomy":"product_cat","embeddable":true,"href":"https:\/\/fysiolab.dk\/no\/wp-json\/wp\/v2\/product_cat?post=81778"},{"taxonomy":"product_tag","embeddable":true,"href":"https:\/\/fysiolab.dk\/no\/wp-json\/wp\/v2\/product_tag?post=81778"}],"curies":[{"name":"wp","href":"https:\/\/api.w.org\/{rel}","templated":true}]}}