{"id":81779,"date":"2023-07-16T12:54:13","date_gmt":"2023-07-16T10:54:13","guid":{"rendered":"https:\/\/fysiolab.dk\/product\/compex-coldform-utility-bandasje\/"},"modified":"2025-12-18T09:22:34","modified_gmt":"2025-12-18T08:22:34","slug":"compex-coldform-utility-bandasje","status":"publish","type":"product","link":"https:\/\/fysiolab.dk\/no\/product\/compex-coldform-utility-bandasje\/","title":{"rendered":"Compex ColdForm Utility-bandasje"},"content":{"rendered":"<h4><strong>Optimal p\u00e5f\u00f8ring Compex ColdForm Utility Bandage<\/strong><\/h4>\n<p>Compex ColdForm Utility-bandasje er en kombinert kompresjonsbandasje som leveres med en gelpakke som kan kj\u00f8les ned eller varmes opp avhengig av hvilken behandling som kreves. Utility-bandasjen kan brukes p\u00e5 kne, albue, l\u00e5r, legg og arm. Bandasjen er laget av 44 mm elastisk neopren, slik at den er enkel \u00e5 tilpasse til den enkelte kroppsdel, og du kan selv bestemme \u00f8nsket kompresjon n\u00e5r du legger p\u00e5 bandasjen. Bandasjen anbefales ved muskelskader, forstrekninger, forstuinger, forvridninger, artrose, akutte skader og n\u00e5r du \u00f8nsker \u00e5 fremme restitusjon.     <strong>Bandasjen leveres i universalst\u00f8rrelse og kan tilpasses etter behov. Gelpakke inkludert. <\/strong><\/p>\n<p><strong>St\u00f8rrelsesguide<\/strong><\/p>\n<p><strong>Universalst\u00f8rrelse som du tilpasser til hver kroppsdel<\/strong><\/p>\n","protected":false},"excerpt":{"rendered":"<p><strong>Compex ColdForm Utility er en kombinert kompresjons- og kulde-\/varmebandasje for overbelastningsskader, akutte skader og for \u00e5 fremme restitusjon. Bandasjen passer til fot\/ankel, kne, l\u00e5r, legg, arm og albue. Gelpakke inkludert  <\/strong><\/p>\n<p>&nbsp;<\/p>\n","protected":false},"featured_media":81785,"comment_status":"closed","ping_status":"closed","template":"","meta":{"_acf_changed":false},"product_brand":[],"product_cat":[2262,1932,2074,1992,2008,2013,2022,2078,2014,2007,2119,2124,2120,2185,1937,1941,2254,1933],"product_tag":[2019],"class_list":{"0":"post-81779","1":"product","2":"type-product","3":"status-publish","4":"has-post-thumbnail","6":"product_cat-akutte-smerter-i-ankelen","7":"product_cat-albue-no","8":"product_cat-ankelforstuing","9":"product_cat-ankelskinne","10":"product_cat-compex-no","11":"product_cat-compex-no-2","12":"product_cat-compex-albuestoetter","13":"product_cat-compex-ankelskinner","14":"product_cat-compex-knestoetter","15":"product_cat-donjoy-performance-no","16":"product_cat-kald-og-varmebehandling","17":"product_cat-kald-varmebehandling","18":"product_cat-kalde-pakninger","19":"product_cat-kombinerte-kulde-varmebandasjer","20":"product_cat-merkevarer","21":"product_cat-rekonvalesens-og-sportspleie","22":"product_cat-skinnebeinsbetennelse","23":"product_cat-skinner-og-stoetteskinner","24":"product_tag-compex-no","26":"first","27":"instock","28":"taxable","29":"shipping-taxable","30":"purchasable","31":"product-type-simple"},"acf":[],"_links":{"self":[{"href":"https:\/\/fysiolab.dk\/no\/wp-json\/wp\/v2\/product\/81779","targetHints":{"allow":["GET"]}}],"collection":[{"href":"https:\/\/fysiolab.dk\/no\/wp-json\/wp\/v2\/product"}],"about":[{"href":"https:\/\/fysiolab.dk\/no\/wp-json\/wp\/v2\/types\/product"}],"replies":[{"embeddable":true,"href":"https:\/\/fysiolab.dk\/no\/wp-json\/wp\/v2\/comments?post=81779"}],"wp:featuredmedia":[{"embeddable":true,"href":"https:\/\/fysiolab.dk\/no\/wp-json\/wp\/v2\/media\/81785"}],"wp:attachment":[{"href":"https:\/\/fysiolab.dk\/no\/wp-json\/wp\/v2\/media?parent=81779"}],"wp:term":[{"taxonomy":"product_brand","embeddable":true,"href":"https:\/\/fysiolab.dk\/no\/wp-json\/wp\/v2\/product_brand?post=81779"},{"taxonomy":"product_cat","embeddable":true,"href":"https:\/\/fysiolab.dk\/no\/wp-json\/wp\/v2\/product_cat?post=81779"},{"taxonomy":"product_tag","embeddable":true,"href":"https:\/\/fysiolab.dk\/no\/wp-json\/wp\/v2\/product_tag?post=81779"}],"curies":[{"name":"wp","href":"https:\/\/api.w.org\/{rel}","templated":true}]}}