{"id":81792,"date":"2023-07-16T12:52:54","date_gmt":"2023-07-16T10:52:54","guid":{"rendered":"https:\/\/fysiolab.dk\/product\/dura-stick-premium-elektrode-50x50-mm-for-sensitiv-hud\/"},"modified":"2025-12-18T09:22:36","modified_gmt":"2025-12-18T08:22:36","slug":"dura-stick-premium-elektrode-50x50-mm-for-sensitiv-hud","status":"publish","type":"product","link":"https:\/\/fysiolab.dk\/no\/product\/dura-stick-premium-elektrode-50x50-mm-for-sensitiv-hud\/","title":{"rendered":"Dura Stick Premium elektrode 50&#215;50 mm for sensitiv hud"},"content":{"rendered":"<h3><strong>Dura Stick Premium elektrode 50&#215;50 mm for sensitiv hud<\/strong><\/h3>\n<p>Denne elektroden er egnet for deg med ekstra sensitiv hud. Elektroden har en skummende gel som gj\u00f8r den sk\u00e5nsom mot huden og kan derfor brukes over arrvev, s\u00e5rskorper og irritert hud. Elektroden har ogs\u00e5 god adhesjon og ledningsevne. Den beskytter ogs\u00e5 huden n\u00e5r du fjerner den etter bruk, slik at du unng\u00e5r \u00e5 p\u00e5virke f\u00f8lsomme hudomr\u00e5der.   <\/p>\n<p>&nbsp;<\/p>\n<p><strong>Produktspesifikasjoner:<\/strong><\/p>\n<p><strong>Farge: Gr\u00e5\/bl\u00e5<\/strong><\/p>\n<p><strong>St\u00f8rrelse: 50x50mm<\/strong><\/p>\n<p><strong>Antall: 4 stykker per pakke<\/strong><\/p>\n<p><strong>Tilkobling: Cord (Cefar)<\/strong><\/p>\n<p>&nbsp;<\/p>\n","protected":false},"excerpt":{"rendered":"<p><strong>Dura Stick Premium Electrode 50x50mm for sensitiv hud er for deg som \u00f8nsker en ekstra beskyttende elektrode til bruk ved behandling av muskelsmerter i omr\u00e5der der huden enten er irritert, arrvev, skorper eller annet.<\/p>\n<p><\/strong><\/p>\n","protected":false},"featured_media":81794,"comment_status":"closed","ping_status":"closed","template":"","meta":{"_acf_changed":false},"product_brand":[],"product_cat":[1984,1985,1982,1950,1937,1983],"product_tag":[1986],"class_list":{"0":"post-81792","1":"product","2":"type-product","3":"status-publish","4":"has-post-thumbnail","6":"product_cat-cefar-no","7":"product_cat-cefar-elektroder-no","8":"product_cat-compex-elektroder-no","9":"product_cat-elektroterapi","10":"product_cat-merkevarer","11":"product_cat-tens-cefar-no","12":"product_tag-elektroder-no","14":"first","15":"instock","16":"taxable","17":"shipping-taxable","18":"purchasable","19":"product-type-simple"},"acf":[],"_links":{"self":[{"href":"https:\/\/fysiolab.dk\/no\/wp-json\/wp\/v2\/product\/81792","targetHints":{"allow":["GET"]}}],"collection":[{"href":"https:\/\/fysiolab.dk\/no\/wp-json\/wp\/v2\/product"}],"about":[{"href":"https:\/\/fysiolab.dk\/no\/wp-json\/wp\/v2\/types\/product"}],"replies":[{"embeddable":true,"href":"https:\/\/fysiolab.dk\/no\/wp-json\/wp\/v2\/comments?post=81792"}],"wp:featuredmedia":[{"embeddable":true,"href":"https:\/\/fysiolab.dk\/no\/wp-json\/wp\/v2\/media\/81794"}],"wp:attachment":[{"href":"https:\/\/fysiolab.dk\/no\/wp-json\/wp\/v2\/media?parent=81792"}],"wp:term":[{"taxonomy":"product_brand","embeddable":true,"href":"https:\/\/fysiolab.dk\/no\/wp-json\/wp\/v2\/product_brand?post=81792"},{"taxonomy":"product_cat","embeddable":true,"href":"https:\/\/fysiolab.dk\/no\/wp-json\/wp\/v2\/product_cat?post=81792"},{"taxonomy":"product_tag","embeddable":true,"href":"https:\/\/fysiolab.dk\/no\/wp-json\/wp\/v2\/product_tag?post=81792"}],"curies":[{"name":"wp","href":"https:\/\/api.w.org\/{rel}","templated":true}]}}