{"id":81799,"date":"2023-07-16T12:52:54","date_gmt":"2023-07-16T10:52:54","guid":{"rendered":"https:\/\/fysiolab.dk\/product\/dura-stick-premium-elektrode-40x90-mm-for-sensitiv-hud\/"},"modified":"2025-12-18T09:22:36","modified_gmt":"2025-12-18T08:22:36","slug":"dura-stick-premium-elektrode-40x90-mm-for-sensitiv-hud","status":"publish","type":"product","link":"https:\/\/fysiolab.dk\/no\/product\/dura-stick-premium-elektrode-40x90-mm-for-sensitiv-hud\/","title":{"rendered":"Dura Stick Premium-elektrode 40&#215;90 mm for sensitiv hud"},"content":{"rendered":"<h4><strong>Dura Stick Premium-elektrode 40&#215;90 mm for sensitiv hud<\/strong><\/h4>\n<p>Elektrode for bruk p\u00e5 sensitiv hud som arrvev, s\u00e5rskorper og tynn hud. Elektroden har en ekstra skummende gel som sikrer sk\u00e5nsom vedheft, selv p\u00e5 kroppsh\u00e5r. Den skummende gelen, sammen med elektrodens ekstra tykkelse, gj\u00f8r at den er lett \u00e5 fjerne etter bruk og unng\u00e5r \u00e5 dra med seg d\u00f8de hudceller. Elektroden har god fordeling og ledningsevne.   <\/p>\n<p><strong>Produktspesifikasjoner:<\/strong><\/p>\n<p><strong>Farge: Gr\u00e5\/bl\u00e5<\/strong><\/p>\n<p><strong>St\u00f8rrelse: 40x90mm<\/strong><\/p>\n<p><strong>Antall: 4 stykker per pakke<\/strong><\/p>\n<p><strong>Tilkobling: Cord (Cefar)<\/strong><\/p>\n<p>&nbsp;<\/p>\n","protected":false},"excerpt":{"rendered":"<p><strong>Dura Stick Premium 40&#215;90 mm elektrode for sensitiv hud. Ekstra skummende gel sikrer optimal hudbeskyttelse og enkel fjerning etter bruk uten \u00e5 skade sart og f\u00f8lsom hud som arrvev, s\u00e5rskorper og tynn hud. <\/strong><\/p>\n<p>&nbsp;<\/p>\n<p><strong>OBS! Utdatert, men fungerer perfekt. <\/strong><\/p>\n","protected":false},"featured_media":81805,"comment_status":"closed","ping_status":"closed","template":"","meta":{"_acf_changed":false},"product_brand":[],"product_cat":[1984,1985,1982,1950,1937,1983],"product_tag":[1986],"class_list":{"0":"post-81799","1":"product","2":"type-product","3":"status-publish","4":"has-post-thumbnail","6":"product_cat-cefar-no","7":"product_cat-cefar-elektroder-no","8":"product_cat-compex-elektroder-no","9":"product_cat-elektroterapi","10":"product_cat-merkevarer","11":"product_cat-tens-cefar-no","12":"product_tag-elektroder-no","14":"first","15":"outofstock","16":"sale","17":"taxable","18":"shipping-taxable","19":"purchasable","20":"product-type-simple"},"acf":[],"_links":{"self":[{"href":"https:\/\/fysiolab.dk\/no\/wp-json\/wp\/v2\/product\/81799","targetHints":{"allow":["GET"]}}],"collection":[{"href":"https:\/\/fysiolab.dk\/no\/wp-json\/wp\/v2\/product"}],"about":[{"href":"https:\/\/fysiolab.dk\/no\/wp-json\/wp\/v2\/types\/product"}],"replies":[{"embeddable":true,"href":"https:\/\/fysiolab.dk\/no\/wp-json\/wp\/v2\/comments?post=81799"}],"wp:featuredmedia":[{"embeddable":true,"href":"https:\/\/fysiolab.dk\/no\/wp-json\/wp\/v2\/media\/81805"}],"wp:attachment":[{"href":"https:\/\/fysiolab.dk\/no\/wp-json\/wp\/v2\/media?parent=81799"}],"wp:term":[{"taxonomy":"product_brand","embeddable":true,"href":"https:\/\/fysiolab.dk\/no\/wp-json\/wp\/v2\/product_brand?post=81799"},{"taxonomy":"product_cat","embeddable":true,"href":"https:\/\/fysiolab.dk\/no\/wp-json\/wp\/v2\/product_cat?post=81799"},{"taxonomy":"product_tag","embeddable":true,"href":"https:\/\/fysiolab.dk\/no\/wp-json\/wp\/v2\/product_tag?post=81799"}],"curies":[{"name":"wp","href":"https:\/\/api.w.org\/{rel}","templated":true}]}}