{"id":81804,"date":"2023-07-16T12:53:17","date_gmt":"2023-07-16T10:53:17","guid":{"rendered":"https:\/\/fysiolab.dk\/product\/procare-skoovertrekk-for-taa-etter-operasjon\/"},"modified":"2025-12-18T09:22:36","modified_gmt":"2025-12-18T08:22:36","slug":"procare-skoovertrekk-for-taa-etter-operasjon","status":"publish","type":"product","link":"https:\/\/fysiolab.dk\/no\/product\/procare-skoovertrekk-for-taa-etter-operasjon\/","title":{"rendered":"ProCare skoovertrekk for t\u00e5 etter operasjon"},"content":{"rendered":"<h4><strong>Optimal bruk av ProCare Post-Op Shoe Toe Cover<\/strong><\/h4>\n<p><strong>Fordeler og funksjoner  <\/strong><\/p>\n<ul>\n<li>Avtakbart polstret beskyttelsesdeksel<\/li>\n<li>Laget av nettingmateriale (lett, pustende)<\/li>\n<li>Beskytter postoperativt fott\u00f8y med \u00e5pen t\u00e5<\/li>\n<li>Beskytter forfoten og t\u00e6rne mot kulde og smuss<\/li>\n<li>Kan brukes p\u00e5 utsiden av bandasjer\/bandasjer<\/li>\n<li>Kan brukes med: Procare Remedy Pro, Donjoy Podalight, Procare Squared Toe Post-Op Shoe<\/li>\n<\/ul>\n<p><strong>St\u00f8rrelsesguide<\/strong><\/p>\n<p><strong>Sortert etter skost\u00f8rrelse<\/strong><\/p>\n<p><strong>Skost\u00f8rrelse. Skost\u00f8rrelse   <\/strong><\/p>\n<p><strong>36-39 XS\/S<\/strong><\/p>\n<p><strong>40-46 M\/L<\/strong><\/p>\n<p><strong>+46 XL  <\/strong><\/p>\n<p>&nbsp;<\/p>\n","protected":false},"excerpt":{"rendered":"<p><strong>ProCare Post-Op Shoe Toe Cover brukes sammen med medisinsk fott\u00f8y og beskytter t\u00e6rne og sokkene mot smuss og skitt. Holder foten t\u00f8rr og ren. <\/p>\n<p><\/strong><\/p>\n","protected":false},"featured_media":81811,"comment_status":"closed","ping_status":"closed","template":"","meta":{"_acf_changed":false},"product_brand":[3139],"product_cat":[2034,2066,1937,2032,2000,2036,1933,1994],"product_tag":[2264],"class_list":{"0":"post-81804","1":"product","2":"type-product","3":"status-publish","4":"has-post-thumbnail","6":"product_brand-procare","7":"product_cat-fottoey-for-avlastning-av-brudd","8":"product_cat-fottoey-for-diabetikere","9":"product_cat-merkevarer","10":"product_cat-postoperativt-fottoey","11":"product_cat-procare-no","12":"product_cat-procare-sko-og-saaler-no","13":"product_cat-skinner-og-stoetteskinner","14":"product_cat-sko-og-saaler-no","15":"product_tag-procare-no","17":"first","18":"instock","19":"taxable","20":"shipping-taxable","21":"purchasable","22":"product-type-variable"},"acf":[],"_links":{"self":[{"href":"https:\/\/fysiolab.dk\/no\/wp-json\/wp\/v2\/product\/81804","targetHints":{"allow":["GET"]}}],"collection":[{"href":"https:\/\/fysiolab.dk\/no\/wp-json\/wp\/v2\/product"}],"about":[{"href":"https:\/\/fysiolab.dk\/no\/wp-json\/wp\/v2\/types\/product"}],"replies":[{"embeddable":true,"href":"https:\/\/fysiolab.dk\/no\/wp-json\/wp\/v2\/comments?post=81804"}],"wp:featuredmedia":[{"embeddable":true,"href":"https:\/\/fysiolab.dk\/no\/wp-json\/wp\/v2\/media\/81811"}],"wp:attachment":[{"href":"https:\/\/fysiolab.dk\/no\/wp-json\/wp\/v2\/media?parent=81804"}],"wp:term":[{"taxonomy":"product_brand","embeddable":true,"href":"https:\/\/fysiolab.dk\/no\/wp-json\/wp\/v2\/product_brand?post=81804"},{"taxonomy":"product_cat","embeddable":true,"href":"https:\/\/fysiolab.dk\/no\/wp-json\/wp\/v2\/product_cat?post=81804"},{"taxonomy":"product_tag","embeddable":true,"href":"https:\/\/fysiolab.dk\/no\/wp-json\/wp\/v2\/product_tag?post=81804"}],"curies":[{"name":"wp","href":"https:\/\/api.w.org\/{rel}","templated":true}]}}