{"id":81809,"date":"2023-07-16T12:52:53","date_gmt":"2023-07-16T10:52:53","guid":{"rendered":"https:\/\/fysiolab.dk\/product\/trx-multimount\/"},"modified":"2025-12-18T09:22:37","modified_gmt":"2025-12-18T08:22:37","slug":"trx-multimount","status":"publish","type":"product","link":"https:\/\/fysiolab.dk\/no\/product\/trx-multimount\/","title":{"rendered":"TRX Multimount"},"content":{"rendered":"<h2>TRX opphengsl\u00f8sning - Multimount<\/h2>\n<p>Trenger du en TRX-l\u00f8sning for oppheng, men har begrenset med plass?<\/p>\n<p>TRX Multimount er en ideell l\u00f8sning som brukes i flere treningssentre, fysioterapier, etc. Legg til flere moduler for \u00e5 skape en perfekt stasjon for gruppetrening. <\/p>\n<p>En stabil og motstandsdyktig l\u00f8sning for oppheng av TRX Suspension Trainer.<\/p>\n<p>Selges i moduler p\u00e5 ca. 2 meter (2,13 meter i fullt utkj\u00f8rt tilstand).<\/p>\n<p>Komplett med installasjonsinstruksjoner og sikkerhetsretningslinjer. Vi anbefaler at du kontakter en fagperson n\u00e5r du skal installere l\u00f8sningen for \u00e5 unng\u00e5 at det g\u00e5r ut over b\u00e6rende konstruksjoner og lignende. <\/p>\n<p>&nbsp;<\/p>\n","protected":false},"excerpt":{"rendered":"<p>Optimaliser treningsplassen din og f\u00e5 mest mulig ut av den. TRX\u00ae MultiMount gir deg optimal utnyttelse av plassen du har til r\u00e5dighet. Med dette produktet kan du tilby kundene dine en funksjonell og allsidig trenings\u00f8kt. TRX MultiMount er ogs\u00e5 ideell for personlige trenere og trening i sm\u00e5 grupper.   <\/p>\n","protected":false},"featured_media":81813,"comment_status":"closed","ping_status":"closed","template":"","meta":{"_acf_changed":false},"product_brand":[],"product_cat":[1937,1945,2211,2212,2611],"product_tag":[2214],"class_list":{"0":"post-81809","1":"product","2":"type-product","3":"status-publish","4":"has-post-thumbnail","6":"product_cat-merkevarer","7":"product_cat-treningsutstyr","8":"product_cat-trx-no","9":"product_cat-trx-no-2","10":"product_cat-trx-fjaeringsloesninger","11":"product_tag-trx-no","12":"product_shipping_class-dropshipping-no","14":"first","15":"instock","16":"taxable","17":"shipping-taxable","18":"purchasable","19":"product-type-simple"},"acf":[],"_links":{"self":[{"href":"https:\/\/fysiolab.dk\/no\/wp-json\/wp\/v2\/product\/81809","targetHints":{"allow":["GET"]}}],"collection":[{"href":"https:\/\/fysiolab.dk\/no\/wp-json\/wp\/v2\/product"}],"about":[{"href":"https:\/\/fysiolab.dk\/no\/wp-json\/wp\/v2\/types\/product"}],"replies":[{"embeddable":true,"href":"https:\/\/fysiolab.dk\/no\/wp-json\/wp\/v2\/comments?post=81809"}],"wp:featuredmedia":[{"embeddable":true,"href":"https:\/\/fysiolab.dk\/no\/wp-json\/wp\/v2\/media\/81813"}],"wp:attachment":[{"href":"https:\/\/fysiolab.dk\/no\/wp-json\/wp\/v2\/media?parent=81809"}],"wp:term":[{"taxonomy":"product_brand","embeddable":true,"href":"https:\/\/fysiolab.dk\/no\/wp-json\/wp\/v2\/product_brand?post=81809"},{"taxonomy":"product_cat","embeddable":true,"href":"https:\/\/fysiolab.dk\/no\/wp-json\/wp\/v2\/product_cat?post=81809"},{"taxonomy":"product_tag","embeddable":true,"href":"https:\/\/fysiolab.dk\/no\/wp-json\/wp\/v2\/product_tag?post=81809"}],"curies":[{"name":"wp","href":"https:\/\/api.w.org\/{rel}","templated":true}]}}