{"id":81812,"date":"2023-07-16T12:53:17","date_gmt":"2023-07-16T10:53:17","guid":{"rendered":"https:\/\/fysiolab.dk\/product\/procare-diabetisk-fottoey-sko\/"},"modified":"2025-12-18T09:22:36","modified_gmt":"2025-12-18T08:22:36","slug":"procare-diabetisk-fottoey-sko","status":"publish","type":"product","link":"https:\/\/fysiolab.dk\/no\/product\/procare-diabetisk-fottoey-sko\/","title":{"rendered":"ProCare Diabetisk fott\u00f8y\/sko"},"content":{"rendered":"<h4><strong>Optimal bruk av ProCare Diabetic fott\u00f8y\/sko<\/strong><\/h4>\n<p>Behandling av diabetiske fots\u00e5r og begynnende fots\u00e5r. Skoen avlaster og beskytter mot trykk fra trangt fott\u00f8y, og sikrer god blodgjennomstr\u00f8mning i foten. Skoen er laget av et lett og pustende materiale, og den firkantede skonesen gir plass til s\u00e5rbandasjer. Fotsnuten er ekstra forsterket for \u00e5 beskytte foten og t\u00e6rne mot ytre st\u00f8t og belastninger. For ytterligere avlastning av foten og fots\u00e5len kan skoen kombineres med ProCare Impax Grid-inners\u00e5len.    <\/p>\n<p><strong>Skoen passer b\u00e5de til venstre og h\u00f8yre.<\/strong><\/p>\n<p><strong>St\u00f8rrelsesguide<\/strong><\/p>\n<p><strong>Skoen bestilles i henhold til din skost\u00f8rrelse (se video lenger ned i tekstboksen for instruksjoner)<\/strong><\/p>\n<p><strong>Skost\u00f8rrelse. Skost\u00f8rrelse <\/strong><\/p>\n<p><strong>35,5-38 S<\/strong><\/p>\n<p><strong>38,5-42 M<\/strong><\/p>\n<p><strong>42,5-44,5 L<\/strong><\/p>\n<p><strong>45-48 XL<\/strong><\/p>\n<p><iframe title=\"Skost\u00f8rrelsesvejledning sko FysioLab\" width=\"800\" height=\"450\" src=\"https:\/\/www.youtube.com\/embed\/uG9ZtXDPSMM?feature=oembed\" frameborder=\"0\" allow=\"accelerometer; autoplay; clipboard-write; encrypted-media; gyroscope; picture-in-picture; web-share\" referrerpolicy=\"strict-origin-when-cross-origin\" allowfullscreen><\/iframe><\/p>\n<p>&nbsp;<\/p>\n","protected":false},"excerpt":{"rendered":"<p><strong>ProCare Diabetis Shoe anbefales til lindring av diabetiske fots\u00e5r. Skoen gir god plass slik at den ikke trykker mot foten, og har en bred og forsterket fotnese som gj\u00f8r det mulig \u00e5 legge p\u00e5 s\u00e5rbandasjer samtidig som den beskytter mot ytre p\u00e5virkninger. Passer b\u00e5de h\u00f8yre og venstre fot. Kj\u00f8p i henhold til din skost\u00f8rrelse   <\/p>\n<p><\/strong><\/p>\n","protected":false},"featured_media":81822,"comment_status":"closed","ping_status":"closed","template":"","meta":{"_acf_changed":false},"product_brand":[3139],"product_cat":[2066,1937,2000,2036,1933,1994],"product_tag":[2264],"class_list":{"0":"post-81812","1":"product","2":"type-product","3":"status-publish","4":"has-post-thumbnail","6":"product_brand-procare","7":"product_cat-fottoey-for-diabetikere","8":"product_cat-merkevarer","9":"product_cat-procare-no","10":"product_cat-procare-sko-og-saaler-no","11":"product_cat-skinner-og-stoetteskinner","12":"product_cat-sko-og-saaler-no","13":"product_tag-procare-no","15":"first","16":"instock","17":"taxable","18":"shipping-taxable","19":"purchasable","20":"product-type-variable"},"acf":[],"_links":{"self":[{"href":"https:\/\/fysiolab.dk\/no\/wp-json\/wp\/v2\/product\/81812","targetHints":{"allow":["GET"]}}],"collection":[{"href":"https:\/\/fysiolab.dk\/no\/wp-json\/wp\/v2\/product"}],"about":[{"href":"https:\/\/fysiolab.dk\/no\/wp-json\/wp\/v2\/types\/product"}],"replies":[{"embeddable":true,"href":"https:\/\/fysiolab.dk\/no\/wp-json\/wp\/v2\/comments?post=81812"}],"wp:featuredmedia":[{"embeddable":true,"href":"https:\/\/fysiolab.dk\/no\/wp-json\/wp\/v2\/media\/81822"}],"wp:attachment":[{"href":"https:\/\/fysiolab.dk\/no\/wp-json\/wp\/v2\/media?parent=81812"}],"wp:term":[{"taxonomy":"product_brand","embeddable":true,"href":"https:\/\/fysiolab.dk\/no\/wp-json\/wp\/v2\/product_brand?post=81812"},{"taxonomy":"product_cat","embeddable":true,"href":"https:\/\/fysiolab.dk\/no\/wp-json\/wp\/v2\/product_cat?post=81812"},{"taxonomy":"product_tag","embeddable":true,"href":"https:\/\/fysiolab.dk\/no\/wp-json\/wp\/v2\/product_tag?post=81812"}],"curies":[{"name":"wp","href":"https:\/\/api.w.org\/{rel}","templated":true}]}}