{"id":81817,"date":"2023-07-16T12:52:53","date_gmt":"2023-07-16T10:52:53","guid":{"rendered":"https:\/\/fysiolab.dk\/product\/trx-rip-trainer-basic-kit\/"},"modified":"2025-12-18T09:22:37","modified_gmt":"2025-12-18T08:22:37","slug":"trx-rip-trainer-basic-kit","status":"publish","type":"product","link":"https:\/\/fysiolab.dk\/no\/product\/trx-rip-trainer-basic-kit\/","title":{"rendered":"TRX Rip Trainer Basic Kit"},"content":{"rendered":"<h2>TRX Rip Trainer Basic Kit<\/h2>\n<p>TRX Rip Trainer er det perfekte supplementet til din TRX Suspension Trainer.<\/p>\n<p>Dette treningsverkt\u00f8yet er uunnv\u00e6rlig for deg som \u00f8nsker \u00e5 styrke kjernemuskulaturen og trene opp kondisjonen.<\/p>\n<p><strong>TRX Rip Trainer<\/strong> best\u00e5r i utgangspunktet av en stang og et motstandsb\u00e5nd som utfordrer din kjernestyrke, eksplosive rotasjonskraft, fleksibilitet og utholdenhet. Kan man bli andpusten av \u00e5 trene med Rip Trainer? JA! Gi deg i kast og la motstandsb\u00e5ndets variable motstand spille musklene dine et puss - du f\u00e5r opp pulsen og f\u00e5r en god kondisjonstrening.   <\/p>\n<h3>Hvorfor skal jeg trene rotasjon?<\/h3>\n<p>Treningsrotasjon er en superviktig ting \u00e5 f\u00e5 inn i hverdagen. B\u00e5de for deg som profesjonell idrettsut\u00f8ver, men ogs\u00e5 for deg som trener for \u00e5 holde deg i form og bli sterkere. <\/p>\n<p>B\u00e5de i idrett og hverdagsliv opplever vi krav om \u00e5 generere og kontrollere rotasjon. Du trenger den hver dag - n\u00e5r du skal b\u00e6re handleposene hjem fra butikken, n\u00e5r du skal l\u00f8fte barnet ditt, n\u00e5r du kaster en ball eller ut\u00f8ver idretter som sv\u00f8mming, l\u00f8ping og sykling. S\u00e5 det er bare \u00e5 begynne \u00e5 trene med <strong>Rip Trainer<\/strong> - du kan BARE bli sterkere.  <\/p>\n<h3>Hva inneholder TRX Rip Trainer Basic Kit?<\/h3>\n<ul>\n<li>TRX Rip Trainer<\/li>\n<li>1 middels elastisk b\u00e5nd<\/li>\n<li>1 D\u00f8ranker<\/li>\n<li>b\u00e6reveske<\/li>\n<li>digital nedlasting som sikrer at du kan komme raskt i gang med treningen.<\/li>\n<\/ul>\n<p>https:\/\/www.youtube.com\/watch?v=dan75hlBbhE&#038;feature=emb_logo<\/p>\n","protected":false},"excerpt":{"rendered":"<p>Med TRX Rip Trainer jobber du hardt for \u00e5 styrke rotasjonsbevegelsene dine - du jobber med kraft, styrke og kjernestabilitet.<\/p>\n","protected":false},"featured_media":81826,"comment_status":"closed","ping_status":"closed","template":"","meta":{"_acf_changed":false},"product_brand":[],"product_cat":[1937,1945,2211,2212,2213],"product_tag":[2214],"class_list":{"0":"post-81817","1":"product","2":"type-product","3":"status-publish","4":"has-post-thumbnail","6":"product_cat-merkevarer","7":"product_cat-treningsutstyr","8":"product_cat-trx-no","9":"product_cat-trx-no-2","10":"product_cat-trx-slyngetrening","11":"product_tag-trx-no","12":"product_shipping_class-dropshipping-no","14":"first","15":"instock","16":"sale","17":"taxable","18":"shipping-taxable","19":"purchasable","20":"product-type-simple"},"acf":[],"_links":{"self":[{"href":"https:\/\/fysiolab.dk\/no\/wp-json\/wp\/v2\/product\/81817","targetHints":{"allow":["GET"]}}],"collection":[{"href":"https:\/\/fysiolab.dk\/no\/wp-json\/wp\/v2\/product"}],"about":[{"href":"https:\/\/fysiolab.dk\/no\/wp-json\/wp\/v2\/types\/product"}],"replies":[{"embeddable":true,"href":"https:\/\/fysiolab.dk\/no\/wp-json\/wp\/v2\/comments?post=81817"}],"wp:featuredmedia":[{"embeddable":true,"href":"https:\/\/fysiolab.dk\/no\/wp-json\/wp\/v2\/media\/81826"}],"wp:attachment":[{"href":"https:\/\/fysiolab.dk\/no\/wp-json\/wp\/v2\/media?parent=81817"}],"wp:term":[{"taxonomy":"product_brand","embeddable":true,"href":"https:\/\/fysiolab.dk\/no\/wp-json\/wp\/v2\/product_brand?post=81817"},{"taxonomy":"product_cat","embeddable":true,"href":"https:\/\/fysiolab.dk\/no\/wp-json\/wp\/v2\/product_cat?post=81817"},{"taxonomy":"product_tag","embeddable":true,"href":"https:\/\/fysiolab.dk\/no\/wp-json\/wp\/v2\/product_tag?post=81817"}],"curies":[{"name":"wp","href":"https:\/\/api.w.org\/{rel}","templated":true}]}}